{"id":625,"date":"2015-02-04T16:57:21","date_gmt":"2015-02-04T15:57:21","guid":{"rendered":"http:\/\/blog.fondation-ove.fr\/thonon\/?page_id=625"},"modified":"2015-02-04T17:00:41","modified_gmt":"2015-02-04T16:00:41","slug":"pv-reunions-mensuelles-des-delegues-du-personnel","status":"publish","type":"page","link":"https:\/\/blog.fondation-ove.fr\/thonon\/sessad-clos-poisat\/collaborateurs\/pv-reunions-mensuelles-des-delegues-du-personnel\/","title":{"rendered":"PV r\u00e9unions mensuelles des d\u00e9l\u00e9gu\u00e9s du personnel"},"content":{"rendered":"","protected":true},"excerpt":{"rendered":"","protected":true},"author":22,"featured_media":0,"parent":53,"menu_order":0,"comment_status":"open","ping_status":"closed","template":"","meta":{"ngg_post_thumbnail":0,"footnotes":""},"class_list":["post-625","page","type-page","status-publish","post-password-required","hentry"],"_links":{"self":[{"href":"https:\/\/blog.fondation-ove.fr\/thonon\/wp-json\/wp\/v2\/pages\/625","targetHints":{"allow":["GET"]}}],"collection":[{"href":"https:\/\/blog.fondation-ove.fr\/thonon\/wp-json\/wp\/v2\/pages"}],"about":[{"href":"https:\/\/blog.fondation-ove.fr\/thonon\/wp-json\/wp\/v2\/types\/page"}],"author":[{"embeddable":true,"href":"https:\/\/blog.fondation-ove.fr\/thonon\/wp-json\/wp\/v2\/users\/22"}],"replies":[{"embeddable":true,"href":"https:\/\/blog.fondation-ove.fr\/thonon\/wp-json\/wp\/v2\/comments?post=625"}],"version-history":[{"count":1,"href":"https:\/\/blog.fondation-ove.fr\/thonon\/wp-json\/wp\/v2\/pages\/625\/revisions"}],"predecessor-version":[{"id":627,"href":"https:\/\/blog.fondation-ove.fr\/thonon\/wp-json\/wp\/v2\/pages\/625\/revisions\/627"}],"up":[{"embeddable":true,"href":"https:\/\/blog.fondation-ove.fr\/thonon\/wp-json\/wp\/v2\/pages\/53"}],"wp:attachment":[{"href":"https:\/\/blog.fondation-ove.fr\/thonon\/wp-json\/wp\/v2\/media?parent=625"}],"curies":[{"name":"wp","href":"https:\/\/api.w.org\/{rel}","templated":true}]}}