{"id":622,"date":"2015-02-04T16:56:15","date_gmt":"2015-02-04T15:56:15","guid":{"rendered":"http:\/\/blog.fondation-ove.fr\/thonon\/?page_id=622"},"modified":"2015-02-04T17:01:24","modified_gmt":"2015-02-04T16:01:24","slug":"pv-reunions-mensuelles-des-delegues-du-personnel","status":"publish","type":"page","link":"https:\/\/blog.fondation-ove.fr\/thonon\/itep-du-leman\/collaborateurs\/pv-reunions-mensuelles-des-delegues-du-personnel\/","title":{"rendered":"PV r\u00e9unions mensuelles des d\u00e9l\u00e9gu\u00e9s du personnel"},"content":{"rendered":"","protected":true},"excerpt":{"rendered":"","protected":true},"author":22,"featured_media":0,"parent":44,"menu_order":0,"comment_status":"open","ping_status":"open","template":"","meta":{"ngg_post_thumbnail":0,"footnotes":""},"class_list":["post-622","page","type-page","status-publish","post-password-required","hentry"],"_links":{"self":[{"href":"https:\/\/blog.fondation-ove.fr\/thonon\/wp-json\/wp\/v2\/pages\/622","targetHints":{"allow":["GET"]}}],"collection":[{"href":"https:\/\/blog.fondation-ove.fr\/thonon\/wp-json\/wp\/v2\/pages"}],"about":[{"href":"https:\/\/blog.fondation-ove.fr\/thonon\/wp-json\/wp\/v2\/types\/page"}],"author":[{"embeddable":true,"href":"https:\/\/blog.fondation-ove.fr\/thonon\/wp-json\/wp\/v2\/users\/22"}],"replies":[{"embeddable":true,"href":"https:\/\/blog.fondation-ove.fr\/thonon\/wp-json\/wp\/v2\/comments?post=622"}],"version-history":[{"count":2,"href":"https:\/\/blog.fondation-ove.fr\/thonon\/wp-json\/wp\/v2\/pages\/622\/revisions"}],"predecessor-version":[{"id":624,"href":"https:\/\/blog.fondation-ove.fr\/thonon\/wp-json\/wp\/v2\/pages\/622\/revisions\/624"}],"up":[{"embeddable":true,"href":"https:\/\/blog.fondation-ove.fr\/thonon\/wp-json\/wp\/v2\/pages\/44"}],"wp:attachment":[{"href":"https:\/\/blog.fondation-ove.fr\/thonon\/wp-json\/wp\/v2\/media?parent=622"}],"curies":[{"name":"wp","href":"https:\/\/api.w.org\/{rel}","templated":true}]}}