{"id":617,"date":"2015-02-04T16:48:12","date_gmt":"2015-02-04T15:48:12","guid":{"rendered":"http:\/\/blog.fondation-ove.fr\/thonon\/?page_id=617"},"modified":"2015-02-04T16:59:29","modified_gmt":"2015-02-04T15:59:29","slug":"pv-reunions-mensuelles-des-delegues-du-personnels","status":"publish","type":"page","link":"https:\/\/blog.fondation-ove.fr\/thonon\/ime-les-cygnes\/collaborateurs\/pv-reunions-mensuelles-des-delegues-du-personnels\/","title":{"rendered":"PV r\u00e9unions mensuelles des d\u00e9l\u00e9gu\u00e9s du personnel"},"content":{"rendered":"","protected":true},"excerpt":{"rendered":"","protected":true},"author":22,"featured_media":0,"parent":42,"menu_order":0,"comment_status":"open","ping_status":"closed","template":"","meta":{"ngg_post_thumbnail":0,"footnotes":""},"class_list":["post-617","page","type-page","status-publish","post-password-required","hentry"],"_links":{"self":[{"href":"https:\/\/blog.fondation-ove.fr\/thonon\/wp-json\/wp\/v2\/pages\/617","targetHints":{"allow":["GET"]}}],"collection":[{"href":"https:\/\/blog.fondation-ove.fr\/thonon\/wp-json\/wp\/v2\/pages"}],"about":[{"href":"https:\/\/blog.fondation-ove.fr\/thonon\/wp-json\/wp\/v2\/types\/page"}],"author":[{"embeddable":true,"href":"https:\/\/blog.fondation-ove.fr\/thonon\/wp-json\/wp\/v2\/users\/22"}],"replies":[{"embeddable":true,"href":"https:\/\/blog.fondation-ove.fr\/thonon\/wp-json\/wp\/v2\/comments?post=617"}],"version-history":[{"count":4,"href":"https:\/\/blog.fondation-ove.fr\/thonon\/wp-json\/wp\/v2\/pages\/617\/revisions"}],"predecessor-version":[{"id":628,"href":"https:\/\/blog.fondation-ove.fr\/thonon\/wp-json\/wp\/v2\/pages\/617\/revisions\/628"}],"up":[{"embeddable":true,"href":"https:\/\/blog.fondation-ove.fr\/thonon\/wp-json\/wp\/v2\/pages\/42"}],"wp:attachment":[{"href":"https:\/\/blog.fondation-ove.fr\/thonon\/wp-json\/wp\/v2\/media?parent=617"}],"curies":[{"name":"wp","href":"https:\/\/api.w.org\/{rel}","templated":true}]}}