{"id":48,"date":"2014-01-17T14:12:36","date_gmt":"2014-01-17T13:12:36","guid":{"rendered":"http:\/\/blog.ove.asso.fr\/174011\/?page_id=48"},"modified":"2016-05-24T08:29:49","modified_gmt":"2016-05-24T07:29:49","slug":"usagers-parents","status":"publish","type":"page","link":"https:\/\/blog.fondation-ove.fr\/thonon\/itep-du-leman\/usagers-parents\/","title":{"rendered":"Usagers &amp; parents"},"content":{"rendered":"<p><a href=\"http:\/\/blog.fondation-ove.fr\/thonon\/wp-content\/uploads\/sites\/10\/2014\/01\/Date-calendrier-2016.pdf\">Date calendrier 2016<\/a><\/p>\n<p><a href=\"http:\/\/blog.fondation-ove.fr\/thonon\/wp-content\/uploads\/sites\/10\/2014\/01\/R\u00e8glement-Journ\u00e9e-2015-16.pdf\">R\u00e8glement Journ\u00e9e 2015-16 <\/a><\/p>\n<p><a href=\"http:\/\/blog.fondation-ove.fr\/thonon\/wp-content\/uploads\/sites\/10\/2014\/01\/R\u00e8glement-Internat-2015-16.pdf\">R\u00e8glement Internat 2015-16<\/a><\/p>\n<p><a href=\"http:\/\/blog.fondation-ove.fr\/thonon\/wp-content\/uploads\/sites\/10\/2014\/01\/R\u00e8glement-Temps-du-midi-2015-16.pdf\">R\u00e8glement Temps du midi 2015-16<\/a><\/p>\n<p><a href=\"http:\/\/blog.fondation-ove.fr\/thonon\/wp-content\/uploads\/sites\/10\/2014\/01\/R\u00e8glement-Veille-2015-16.pdf\">R\u00e8glement Veille 2015-16<\/a><\/p>\n<p><a href=\"http:\/\/blog.fondation-ove.fr\/thonon\/wp-content\/uploads\/sites\/10\/2014\/01\/MENUS-AVRIL-ET-MAI-2015.pdf\">Courrier Fondation OVE Mr Berthuy<\/a><\/p>\n","protected":false},"excerpt":{"rendered":"<p>Date calendrier 2016 R\u00e8glement Journ\u00e9e 2015-16 R\u00e8glement Internat 2015-16 R\u00e8glement Temps du midi 2015-16 R\u00e8glement Veille 2015-16 Courrier Fondation OVE Mr Berthuy<\/p>\n","protected":false},"author":22,"featured_media":0,"parent":35,"menu_order":0,"comment_status":"open","ping_status":"open","template":"","meta":{"ngg_post_thumbnail":0,"footnotes":""},"class_list":["post-48","page","type-page","status-publish","hentry"],"_links":{"self":[{"href":"https:\/\/blog.fondation-ove.fr\/thonon\/wp-json\/wp\/v2\/pages\/48","targetHints":{"allow":["GET"]}}],"collection":[{"href":"https:\/\/blog.fondation-ove.fr\/thonon\/wp-json\/wp\/v2\/pages"}],"about":[{"href":"https:\/\/blog.fondation-ove.fr\/thonon\/wp-json\/wp\/v2\/types\/page"}],"author":[{"embeddable":true,"href":"https:\/\/blog.fondation-ove.fr\/thonon\/wp-json\/wp\/v2\/users\/22"}],"replies":[{"embeddable":true,"href":"https:\/\/blog.fondation-ove.fr\/thonon\/wp-json\/wp\/v2\/comments?post=48"}],"version-history":[{"count":12,"href":"https:\/\/blog.fondation-ove.fr\/thonon\/wp-json\/wp\/v2\/pages\/48\/revisions"}],"predecessor-version":[{"id":983,"href":"https:\/\/blog.fondation-ove.fr\/thonon\/wp-json\/wp\/v2\/pages\/48\/revisions\/983"}],"up":[{"embeddable":true,"href":"https:\/\/blog.fondation-ove.fr\/thonon\/wp-json\/wp\/v2\/pages\/35"}],"wp:attachment":[{"href":"https:\/\/blog.fondation-ove.fr\/thonon\/wp-json\/wp\/v2\/media?parent=48"}],"curies":[{"name":"wp","href":"https:\/\/api.w.org\/{rel}","templated":true}]}}