{"id":93,"date":"2020-09-16T12:00:18","date_gmt":"2020-09-16T10:00:18","guid":{"rendered":"https:\/\/imetaron.wordpress.com\/?page_id=9"},"modified":"2020-12-16T10:02:58","modified_gmt":"2020-12-16T09:02:58","slug":"about","status":"publish","type":"page","link":"https:\/\/blog.fondation-ove.fr\/taron\/about\/","title":{"rendered":"INFOS"},"content":{"rendered":"\n<p class=\"has-drop-cap has-medium-font-size\">Taron est un Institut M\u00e9dico Educatif. <\/p>\n\n\n\n<figure class=\"wp-block-image size-thumbnail is-style-rounded\"><a href=\"https:\/\/blog.fondation-ove.fr\/taron\/2020\/09\/24\/instituts-medico-educatifs-ime\/\"><img decoding=\"async\" width=\"250\" height=\"141\" src=\"https:\/\/blog.fondation-ove.fr\/taron\/wp-content\/uploads\/sites\/73\/2020\/10\/c-est-quoi-un-ime-1-edited-250x141.png\" alt=\"\" class=\"wp-image-394\" srcset=\"https:\/\/blog.fondation-ove.fr\/taron\/wp-content\/uploads\/sites\/73\/2020\/10\/c-est-quoi-un-ime-1-edited-250x141.png 250w, https:\/\/blog.fondation-ove.fr\/taron\/wp-content\/uploads\/sites\/73\/2020\/10\/c-est-quoi-un-ime-1-edited-850x478.png 850w, https:\/\/blog.fondation-ove.fr\/taron\/wp-content\/uploads\/sites\/73\/2020\/10\/c-est-quoi-un-ime-1-edited-1200x675.png 1200w\" sizes=\"(max-width: 250px) 100vw, 250px\" \/><\/a><figcaption>Les Instituts M\u00e9dico \u00c9ducatifs, d\u00e9sign\u00e9s aussi par le sigle IME, sont des \u00e9tablissements qui accueillent les enfants et adolescents atteints de handicap mental, ou pr\u00e9sentant une d\u00e9ficience intellectuelle li\u00e9e \u00e0 des troubles de la personnalit\u00e9, de la communication ou des troubles moteurs ou sensoriels\u2026<\/figcaption><\/figure>\n\n\n\n<p class=\"has-drop-cap\">Mais l&#8217;\u00e9tablissement fait aussi partie de la <em>Fondation<\/em> <strong>OVE<\/strong> :<\/p>\n\n\n\n<figure class=\"wp-block-image size-large is-style-default\"><a href=\"https:\/\/blog.fondation-ove.fr\/taron\/2020\/09\/24\/la-fondation-ove\/\"><img fetchpriority=\"high\" decoding=\"async\" width=\"300\" height=\"276\" src=\"http:\/\/blog.fondation-ove.fr\/taron\/wp-content\/uploads\/sites\/73\/2020\/10\/fondation-ove-2.jpg\" alt=\"\" class=\"wp-image-149\" \/><\/a><figcaption>L\u2019\u0152uvre des Villages d\u2019Enfants (O. V. E.) est une association qui fut cr\u00e9\u00e9e en 1945 \u00e0 Lyon. Son histoire date de l\u2019apr\u00e8s-guerre&#8230;<\/figcaption><\/figure>\n","protected":false},"excerpt":{"rendered":"<p>Taron est un Institut M\u00e9dico Educatif. Mais l&#8217;\u00e9tablissement fait aussi partie de la Fondation OVE :<\/p>\n","protected":false},"author":514,"featured_media":0,"parent":0,"menu_order":0,"comment_status":"closed","ping_status":"closed","template":"","meta":{"ngg_post_thumbnail":0,"footnotes":""},"class_list":["post-93","page","type-page","status-publish","hentry"],"_links":{"self":[{"href":"https:\/\/blog.fondation-ove.fr\/taron\/wp-json\/wp\/v2\/pages\/93","targetHints":{"allow":["GET"]}}],"collection":[{"href":"https:\/\/blog.fondation-ove.fr\/taron\/wp-json\/wp\/v2\/pages"}],"about":[{"href":"https:\/\/blog.fondation-ove.fr\/taron\/wp-json\/wp\/v2\/types\/page"}],"author":[{"embeddable":true,"href":"https:\/\/blog.fondation-ove.fr\/taron\/wp-json\/wp\/v2\/users\/514"}],"replies":[{"embeddable":true,"href":"https:\/\/blog.fondation-ove.fr\/taron\/wp-json\/wp\/v2\/comments?post=93"}],"version-history":[{"count":5,"href":"https:\/\/blog.fondation-ove.fr\/taron\/wp-json\/wp\/v2\/pages\/93\/revisions"}],"predecessor-version":[{"id":1588,"href":"https:\/\/blog.fondation-ove.fr\/taron\/wp-json\/wp\/v2\/pages\/93\/revisions\/1588"}],"wp:attachment":[{"href":"https:\/\/blog.fondation-ove.fr\/taron\/wp-json\/wp\/v2\/media?parent=93"}],"curies":[{"name":"wp","href":"https:\/\/api.w.org\/{rel}","templated":true}]}}