{"id":345,"date":"2020-10-20T12:00:04","date_gmt":"2020-10-20T10:00:04","guid":{"rendered":"http:\/\/blog.fondation-ove.fr\/taron\/?page_id=345"},"modified":"2023-06-12T08:06:09","modified_gmt":"2023-06-12T06:06:09","slug":"journal-des-jeunes","status":"publish","type":"page","link":"https:\/\/blog.fondation-ove.fr\/taron\/journal-des-jeunes\/","title":{"rendered":"Journal des jeunes"},"content":{"rendered":"<p>Madame Monsieur, Si vous souhaitez avoir acc\u00e8s \u00e0 ce lien vous devez vous inscrire sur le blog de l'IME du ch\u00e2teau de Taron. Vous pouvez acc\u00e9der \u00e0 l'inscription en cliquant sur le lien suivant: <a href=\"https:\/\/blog.fondation-ove.fr\/taron\/register\/\" target=\"_blank\" rel=\"noopener\">inscription blog<\/a> Vous n'aurez plus qu'\u00e0 renseigner vos identifiants et nous nous chargerons d'accepter votre demande au plus vite apr\u00e8s v\u00e9rification. Merci de votre compr\u00e9hension<\/p>","protected":false},"excerpt":{"rendered":"","protected":false},"author":515,"featured_media":0,"parent":0,"menu_order":0,"comment_status":"open","ping_status":"closed","template":"","meta":{"ngg_post_thumbnail":0,"footnotes":""},"class_list":["post-345","page","type-page","status-publish","hentry"],"_links":{"self":[{"href":"https:\/\/blog.fondation-ove.fr\/taron\/wp-json\/wp\/v2\/pages\/345","targetHints":{"allow":["GET"]}}],"collection":[{"href":"https:\/\/blog.fondation-ove.fr\/taron\/wp-json\/wp\/v2\/pages"}],"about":[{"href":"https:\/\/blog.fondation-ove.fr\/taron\/wp-json\/wp\/v2\/types\/page"}],"author":[{"embeddable":true,"href":"https:\/\/blog.fondation-ove.fr\/taron\/wp-json\/wp\/v2\/users\/515"}],"replies":[{"embeddable":true,"href":"https:\/\/blog.fondation-ove.fr\/taron\/wp-json\/wp\/v2\/comments?post=345"}],"version-history":[{"count":12,"href":"https:\/\/blog.fondation-ove.fr\/taron\/wp-json\/wp\/v2\/pages\/345\/revisions"}],"predecessor-version":[{"id":4301,"href":"https:\/\/blog.fondation-ove.fr\/taron\/wp-json\/wp\/v2\/pages\/345\/revisions\/4301"}],"wp:attachment":[{"href":"https:\/\/blog.fondation-ove.fr\/taron\/wp-json\/wp\/v2\/media?parent=345"}],"curies":[{"name":"wp","href":"https:\/\/api.w.org\/{rel}","templated":true}]}}