{"id":3098,"date":"2022-03-24T14:09:51","date_gmt":"2022-03-24T13:09:51","guid":{"rendered":"https:\/\/blog.fondation-ove.fr\/taron\/?page_id=3098"},"modified":"2022-04-12T14:32:10","modified_gmt":"2022-04-12T12:32:10","slug":"atelier-aloe","status":"publish","type":"page","link":"https:\/\/blog.fondation-ove.fr\/taron\/atelier-aloe\/","title":{"rendered":"Classe ALOE"},"content":{"rendered":"\t\t<div data-elementor-type=\"wp-page\" data-elementor-id=\"3098\" class=\"elementor elementor-3098\">\n\t\t\t\t\t\t<section class=\"elementor-section elementor-top-section elementor-element elementor-element-0a0f263 elementor-section-boxed elementor-section-height-default elementor-section-height-default\" data-id=\"0a0f263\" data-element_type=\"section\">\n\t\t\t\t\t\t<div class=\"elementor-container elementor-column-gap-default\">\n\t\t\t\t\t<div class=\"elementor-column elementor-col-100 elementor-top-column elementor-element elementor-element-59a2f84\" data-id=\"59a2f84\" data-element_type=\"column\">\n\t\t\t<div class=\"elementor-widget-wrap elementor-element-populated\">\n\t\t\t\t\t\t<div class=\"elementor-element elementor-element-731b110 elementor-widget elementor-widget-text-editor\" data-id=\"731b110\" data-element_type=\"widget\" data-widget_type=\"text-editor.default\">\n\t\t\t\t<div class=\"elementor-widget-container\">\n\t\t\t\t\t\t\t\t\t<p>Tous les mardis matin et jeudis apr\u00e8s-midi, les jeunes vont en classe <strong>ALOE<\/strong> avec Madame Thomas. 4 groupes apprennent \u00e0 lire et \u00e0 \u00e9crire avec cette m\u00e9thode cr\u00e9\u00e9e par des orthophonistes.<\/p><p>\u00a0<\/p><p><strong>ALOE <\/strong>(<strong>A<\/strong>pprentissage de la<strong> L<\/strong>angue<strong> O<\/strong>rale et<strong> E<\/strong>crite)<\/p><p>Dans une vid\u00e9o les jeunes vont vous expliquer en quoi consiste cette m\u00e9thode et quels outils nous utilisons.<\/p>\t\t\t\t\t\t\t\t<\/div>\n\t\t\t\t<\/div>\n\t\t\t\t\t<\/div>\n\t\t<\/div>\n\t\t\t\t\t<\/div>\n\t\t<\/section>\n\t\t\t\t<section class=\"elementor-section elementor-top-section elementor-element elementor-element-468aba1 elementor-section-boxed elementor-section-height-default elementor-section-height-default\" data-id=\"468aba1\" data-element_type=\"section\">\n\t\t\t\t\t\t<div class=\"elementor-container elementor-column-gap-default\">\n\t\t\t\t\t<div class=\"elementor-column elementor-col-100 elementor-top-column elementor-element elementor-element-faf2055\" data-id=\"faf2055\" data-element_type=\"column\">\n\t\t\t<div class=\"elementor-widget-wrap elementor-element-populated\">\n\t\t\t\t\t\t<div class=\"elementor-element elementor-element-ab83c9a elementor-widget elementor-widget-video\" data-id=\"ab83c9a\" data-element_type=\"widget\" data-settings=\"{&quot;video_type&quot;:&quot;hosted&quot;,&quot;controls&quot;:&quot;yes&quot;}\" data-widget_type=\"video.default\">\n\t\t\t\t<div class=\"elementor-widget-container\">\n\t\t\t\t\t\t\t<div class=\"e-hosted-video elementor-wrapper elementor-open-inline\">\n\t\t\t\t\t<video class=\"elementor-video\" src=\"http:\/\/blog.fondation-ove.fr\/taron\/wp-content\/uploads\/sites\/73\/2022\/03\/Presentation-de-la-methode-ALOE-par-les-jeunes-de-lIME.mp4\" controls=\"\" preload=\"metadata\" controlsList=\"nodownload\"><\/video>\n\t\t\t\t<\/div>\n\t\t\t\t\t\t<\/div>\n\t\t\t\t<\/div>\n\t\t\t\t\t<\/div>\n\t\t<\/div>\n\t\t\t\t\t<\/div>\n\t\t<\/section>\n\t\t\t\t<section class=\"elementor-section elementor-top-section elementor-element elementor-element-a90b645 elementor-section-boxed elementor-section-height-default elementor-section-height-default\" data-id=\"a90b645\" data-element_type=\"section\">\n\t\t\t\t\t\t<div class=\"elementor-container elementor-column-gap-default\">\n\t\t\t\t\t<div class=\"elementor-column elementor-col-100 elementor-top-column elementor-element elementor-element-c0018f8\" data-id=\"c0018f8\" data-element_type=\"column\">\n\t\t\t<div class=\"elementor-widget-wrap elementor-element-populated\">\n\t\t\t\t\t\t<div class=\"elementor-element elementor-element-6d2b273 elementor-widget elementor-widget-text-editor\" data-id=\"6d2b273\" data-element_type=\"widget\" data-widget_type=\"text-editor.default\">\n\t\t\t\t<div class=\"elementor-widget-container\">\n\t\t\t\t\t\t\t\t\t<p>Les jeunes vont maintenant vous pr\u00e9senter les diff\u00e9rentes cartes et signes associ\u00e9s de cette m\u00e9thode.<\/p>\t\t\t\t\t\t\t\t<\/div>\n\t\t\t\t<\/div>\n\t\t\t\t\t<\/div>\n\t\t<\/div>\n\t\t\t\t\t<\/div>\n\t\t<\/section>\n\t\t\t\t<section class=\"elementor-section elementor-top-section elementor-element elementor-element-d0d82a4 elementor-section-boxed elementor-section-height-default elementor-section-height-default\" data-id=\"d0d82a4\" data-element_type=\"section\">\n\t\t\t\t\t\t<div class=\"elementor-container elementor-column-gap-default\">\n\t\t\t\t\t<div class=\"elementor-column elementor-col-100 elementor-top-column elementor-element elementor-element-90bdf39\" data-id=\"90bdf39\" data-element_type=\"column\">\n\t\t\t<div class=\"elementor-widget-wrap elementor-element-populated\">\n\t\t\t\t\t\t<div class=\"elementor-element elementor-element-df08201 elementor-widget elementor-widget-video\" data-id=\"df08201\" data-element_type=\"widget\" data-settings=\"{&quot;video_type&quot;:&quot;hosted&quot;,&quot;controls&quot;:&quot;yes&quot;}\" data-widget_type=\"video.default\">\n\t\t\t\t<div class=\"elementor-widget-container\">\n\t\t\t\t\t\t\t<div class=\"e-hosted-video elementor-wrapper elementor-open-inline\">\n\t\t\t\t\t<video class=\"elementor-video\" src=\"http:\/\/blog.fondation-ove.fr\/taron\/wp-content\/uploads\/sites\/73\/2022\/03\/Presentation-des-cartes-ALOE-par-les-jeunes-de-lIME-1.mp4\" controls=\"\" preload=\"metadata\" controlsList=\"nodownload\"><\/video>\n\t\t\t\t<\/div>\n\t\t\t\t\t\t<\/div>\n\t\t\t\t<\/div>\n\t\t\t\t\t<\/div>\n\t\t<\/div>\n\t\t\t\t\t<\/div>\n\t\t<\/section>\n\t\t\t\t<section class=\"elementor-section elementor-top-section elementor-element elementor-element-0666fee elementor-section-boxed elementor-section-height-default elementor-section-height-default\" data-id=\"0666fee\" data-element_type=\"section\">\n\t\t\t\t\t\t<div class=\"elementor-container elementor-column-gap-default\">\n\t\t\t\t\t<div class=\"elementor-column elementor-col-100 elementor-top-column elementor-element elementor-element-4982bde\" data-id=\"4982bde\" data-element_type=\"column\">\n\t\t\t<div class=\"elementor-widget-wrap elementor-element-populated\">\n\t\t\t\t\t\t<div class=\"elementor-element elementor-element-bc1db0d elementor-widget elementor-widget-video\" data-id=\"bc1db0d\" data-element_type=\"widget\" data-settings=\"{&quot;video_type&quot;:&quot;hosted&quot;,&quot;controls&quot;:&quot;yes&quot;}\" data-widget_type=\"video.default\">\n\t\t\t\t<div class=\"elementor-widget-container\">\n\t\t\t\t\t\t\t<div class=\"e-hosted-video elementor-wrapper elementor-open-inline\">\n\t\t\t\t\t<video class=\"elementor-video\" src=\"http:\/\/blog.fondation-ove.fr\/taron\/wp-content\/uploads\/sites\/73\/2022\/03\/Presentation-des-cartes-nasales-par-les-jeunes-de-lIME.mp4\" controls=\"\" preload=\"metadata\" controlsList=\"nodownload\"><\/video>\n\t\t\t\t<\/div>\n\t\t\t\t\t\t<\/div>\n\t\t\t\t<\/div>\n\t\t\t\t\t<\/div>\n\t\t<\/div>\n\t\t\t\t\t<\/div>\n\t\t<\/section>\n\t\t\t\t<section class=\"elementor-section elementor-top-section elementor-element elementor-element-4df040d elementor-section-boxed elementor-section-height-default elementor-section-height-default\" data-id=\"4df040d\" data-element_type=\"section\">\n\t\t\t\t\t\t<div class=\"elementor-container elementor-column-gap-default\">\n\t\t\t\t\t<div class=\"elementor-column elementor-col-100 elementor-top-column elementor-element elementor-element-08d059a\" data-id=\"08d059a\" data-element_type=\"column\">\n\t\t\t<div class=\"elementor-widget-wrap elementor-element-populated\">\n\t\t\t\t\t\t<div class=\"elementor-element elementor-element-4860341 elementor-widget elementor-widget-heading\" data-id=\"4860341\" data-element_type=\"widget\" data-widget_type=\"heading.default\">\n\t\t\t\t<div class=\"elementor-widget-container\">\n\t\t\t\t\t<h2 class=\"elementor-heading-title elementor-size-default\">Exemples de ribambelles<\/h2>\t\t\t\t<\/div>\n\t\t\t\t<\/div>\n\t\t\t\t\t<\/div>\n\t\t<\/div>\n\t\t\t\t\t<\/div>\n\t\t<\/section>\n\t\t\t\t<section class=\"elementor-section elementor-top-section elementor-element elementor-element-b5e838d elementor-section-boxed elementor-section-height-default elementor-section-height-default\" data-id=\"b5e838d\" data-element_type=\"section\">\n\t\t\t\t\t\t<div class=\"elementor-container elementor-column-gap-default\">\n\t\t\t\t\t<div class=\"elementor-column elementor-col-100 elementor-top-column elementor-element elementor-element-4524338\" data-id=\"4524338\" data-element_type=\"column\">\n\t\t\t<div class=\"elementor-widget-wrap elementor-element-populated\">\n\t\t\t\t\t\t<div class=\"elementor-element elementor-element-f66a588 elementor-widget elementor-widget-video\" data-id=\"f66a588\" data-element_type=\"widget\" data-settings=\"{&quot;video_type&quot;:&quot;hosted&quot;,&quot;controls&quot;:&quot;yes&quot;}\" data-widget_type=\"video.default\">\n\t\t\t\t<div class=\"elementor-widget-container\">\n\t\t\t\t\t\t\t<div class=\"e-hosted-video elementor-wrapper elementor-open-inline\">\n\t\t\t\t\t<video class=\"elementor-video\" src=\"http:\/\/blog.fondation-ove.fr\/taron\/wp-content\/uploads\/sites\/73\/2022\/03\/Ribambelle-Alexis.mp4\" controls=\"\" preload=\"metadata\" controlsList=\"nodownload\"><\/video>\n\t\t\t\t<\/div>\n\t\t\t\t\t\t<\/div>\n\t\t\t\t<\/div>\n\t\t\t\t\t<\/div>\n\t\t<\/div>\n\t\t\t\t\t<\/div>\n\t\t<\/section>\n\t\t\t\t<section class=\"elementor-section elementor-top-section elementor-element elementor-element-d9ebe46 elementor-section-boxed elementor-section-height-default elementor-section-height-default\" data-id=\"d9ebe46\" data-element_type=\"section\">\n\t\t\t\t\t\t<div class=\"elementor-container elementor-column-gap-default\">\n\t\t\t\t\t<div class=\"elementor-column elementor-col-100 elementor-top-column elementor-element elementor-element-ea5fabe\" data-id=\"ea5fabe\" data-element_type=\"column\">\n\t\t\t<div class=\"elementor-widget-wrap elementor-element-populated\">\n\t\t\t\t\t\t<div class=\"elementor-element elementor-element-fb125c0 elementor-widget elementor-widget-video\" data-id=\"fb125c0\" data-element_type=\"widget\" data-settings=\"{&quot;video_type&quot;:&quot;hosted&quot;,&quot;controls&quot;:&quot;yes&quot;}\" data-widget_type=\"video.default\">\n\t\t\t\t<div class=\"elementor-widget-container\">\n\t\t\t\t\t\t\t<div class=\"e-hosted-video elementor-wrapper elementor-open-inline\">\n\t\t\t\t\t<video class=\"elementor-video\" src=\"http:\/\/blog.fondation-ove.fr\/taron\/wp-content\/uploads\/sites\/73\/2022\/03\/Ribambelle-Dorian.mp4\" controls=\"\" preload=\"metadata\" controlsList=\"nodownload\"><\/video>\n\t\t\t\t<\/div>\n\t\t\t\t\t\t<\/div>\n\t\t\t\t<\/div>\n\t\t\t\t\t<\/div>\n\t\t<\/div>\n\t\t\t\t\t<\/div>\n\t\t<\/section>\n\t\t\t\t<section class=\"elementor-section elementor-top-section elementor-element elementor-element-d2a63f3 elementor-section-boxed elementor-section-height-default elementor-section-height-default\" data-id=\"d2a63f3\" data-element_type=\"section\">\n\t\t\t\t\t\t<div class=\"elementor-container elementor-column-gap-default\">\n\t\t\t\t\t<div class=\"elementor-column elementor-col-100 elementor-top-column elementor-element elementor-element-c721218\" data-id=\"c721218\" data-element_type=\"column\">\n\t\t\t<div class=\"elementor-widget-wrap elementor-element-populated\">\n\t\t\t\t\t\t<div class=\"elementor-element elementor-element-99fbc4d elementor-widget elementor-widget-heading\" data-id=\"99fbc4d\" data-element_type=\"widget\" data-widget_type=\"heading.default\">\n\t\t\t\t<div class=\"elementor-widget-container\">\n\t\t\t\t\t<h2 class=\"elementor-heading-title elementor-size-default\">Maintenant \u00e0 vous de jouer!<\/h2>\t\t\t\t<\/div>\n\t\t\t\t<\/div>\n\t\t\t\t\t<\/div>\n\t\t<\/div>\n\t\t\t\t\t<\/div>\n\t\t<\/section>\n\t\t\t\t<section class=\"elementor-section elementor-top-section elementor-element elementor-element-56e9665 elementor-section-boxed elementor-section-height-default elementor-section-height-default\" data-id=\"56e9665\" data-element_type=\"section\">\n\t\t\t\t\t\t<div class=\"elementor-container elementor-column-gap-default\">\n\t\t\t\t\t<div class=\"elementor-column elementor-col-100 elementor-top-column elementor-element elementor-element-57779a7\" data-id=\"57779a7\" data-element_type=\"column\">\n\t\t\t<div class=\"elementor-widget-wrap elementor-element-populated\">\n\t\t\t\t\t\t<div class=\"elementor-element elementor-element-89bd50e elementor-widget elementor-widget-image-gallery\" data-id=\"89bd50e\" data-element_type=\"widget\" data-widget_type=\"image-gallery.default\">\n\t\t\t\t<div class=\"elementor-widget-container\">\n\t\t\t\t\t\t\t<div class=\"elementor-image-gallery\">\n\t\t\t<div id='gallery-1' class='gallery galleryid-3098 gallery-columns-2 gallery-size-thumbnail'><figure class='gallery-item'>\n\t\t\t<div class='gallery-icon landscape'>\n\t\t\t\t<a data-elementor-open-lightbox=\"yes\" data-elementor-lightbox-slideshow=\"89bd50e\" data-elementor-lightbox-title=\"P1020136\" data-e-action-hash=\"#elementor-action%3Aaction%3Dlightbox%26settings%3DeyJpZCI6MzEzNiwidXJsIjoiaHR0cHM6XC9cL2Jsb2cuZm9uZGF0aW9uLW92ZS5mclwvdGFyb25cL3dwLWNvbnRlbnRcL3VwbG9hZHNcL3NpdGVzXC83M1wvMjAyMlwvMDNcL1AxMDIwMTM2LTEtc2NhbGVkLmpwZyIsInNsaWRlc2hvdyI6Ijg5YmQ1MGUifQ%3D%3D\" href='https:\/\/blog.fondation-ove.fr\/taron\/wp-content\/uploads\/sites\/73\/2022\/03\/P1020136-1-scaled.jpg'><img decoding=\"async\" width=\"250\" height=\"141\" src=\"https:\/\/blog.fondation-ove.fr\/taron\/wp-content\/uploads\/sites\/73\/2022\/03\/P1020136-1-250x141.jpg\" class=\"attachment-thumbnail size-thumbnail\" alt=\"\" srcset=\"https:\/\/blog.fondation-ove.fr\/taron\/wp-content\/uploads\/sites\/73\/2022\/03\/P1020136-1-250x141.jpg 250w, https:\/\/blog.fondation-ove.fr\/taron\/wp-content\/uploads\/sites\/73\/2022\/03\/P1020136-1-850x478.jpg 850w, https:\/\/blog.fondation-ove.fr\/taron\/wp-content\/uploads\/sites\/73\/2022\/03\/P1020136-1-1200x675.jpg 1200w\" sizes=\"(max-width: 250px) 100vw, 250px\" \/><\/a>\n\t\t\t<\/div><\/figure><figure class='gallery-item'>\n\t\t\t<div class='gallery-icon landscape'>\n\t\t\t\t<a data-elementor-open-lightbox=\"yes\" data-elementor-lightbox-slideshow=\"89bd50e\" data-elementor-lightbox-title=\"ribambelle\" data-e-action-hash=\"#elementor-action%3Aaction%3Dlightbox%26settings%3DeyJpZCI6MzEzNywidXJsIjoiaHR0cHM6XC9cL2Jsb2cuZm9uZGF0aW9uLW92ZS5mclwvdGFyb25cL3dwLWNvbnRlbnRcL3VwbG9hZHNcL3NpdGVzXC83M1wvMjAyMlwvMDNcL3JpYmFtYmVsbGUucG5nIiwic2xpZGVzaG93IjoiODliZDUwZSJ9\" href='https:\/\/blog.fondation-ove.fr\/taron\/wp-content\/uploads\/sites\/73\/2022\/03\/ribambelle.png'><img decoding=\"async\" width=\"250\" height=\"141\" src=\"https:\/\/blog.fondation-ove.fr\/taron\/wp-content\/uploads\/sites\/73\/2022\/03\/ribambelle-250x141.png\" class=\"attachment-thumbnail size-thumbnail\" alt=\"\" \/><\/a>\n\t\t\t<\/div><\/figure>\n\t\t<\/div>\n\t\t<\/div>\n\t\t\t\t\t\t<\/div>\n\t\t\t\t<\/div>\n\t\t\t\t\t<\/div>\n\t\t<\/div>\n\t\t\t\t\t<\/div>\n\t\t<\/section>\n\t\t\t\t<\/div>\n\t\t","protected":false},"excerpt":{"rendered":"<p>Tous les mardis matin et jeudis apr\u00e8s-midi, les jeunes vont en classe ALOE avec Madame Thomas. 4 groupes apprennent \u00e0 lire et \u00e0 \u00e9crire avec cette m\u00e9thode cr\u00e9\u00e9e par des orthophonistes. \u00a0 ALOE (Apprentissage de la Langue Orale et Ecrite) Dans une vid\u00e9o les jeunes vont vous expliquer en quoi consiste cette m\u00e9thode et quels outils nous utilisons. http:\/\/blog.fondation-ove.fr\/taron\/wp-content\/uploads\/sites\/73\/2022\/03\/Presentation-de-la-methode-ALOE-par-les-jeunes-de-lIME.mp4 Les jeunes vont maintenant vous pr\u00e9senter les diff\u00e9rentes cartes et signes associ\u00e9s de cette m\u00e9thode. http:\/\/blog.fondation-ove.fr\/taron\/wp-content\/uploads\/sites\/73\/2022\/03\/Presentation-des-cartes-ALOE-par-les-jeunes-de-lIME-1.mp4http:\/\/blog.fondation-ove.fr\/taron\/wp-content\/uploads\/sites\/73\/2022\/03\/Presentation-des-cartes-nasales-par-les-jeunes-de-lIME.mp4 Exemples de ribambelles http:\/\/blog.fondation-ove.fr\/taron\/wp-content\/uploads\/sites\/73\/2022\/03\/Ribambelle-Alexis.mp4http:\/\/blog.fondation-ove.fr\/taron\/wp-content\/uploads\/sites\/73\/2022\/03\/Ribambelle-Dorian.mp4 Maintenant&#8230;<\/p>\n<p class=\"read-more\"><a class=\"btn btn-default\" href=\"https:\/\/blog.fondation-ove.fr\/taron\/atelier-aloe\/\">Lire la suite<span class=\"screen-reader-text\"> Lire la suite<\/span><\/a><\/p>\n","protected":false},"author":612,"featured_media":0,"parent":0,"menu_order":0,"comment_status":"closed","ping_status":"closed","template":"","meta":{"ngg_post_thumbnail":0,"footnotes":""},"class_list":["post-3098","page","type-page","status-publish","hentry"],"_links":{"self":[{"href":"https:\/\/blog.fondation-ove.fr\/taron\/wp-json\/wp\/v2\/pages\/3098","targetHints":{"allow":["GET"]}}],"collection":[{"href":"https:\/\/blog.fondation-ove.fr\/taron\/wp-json\/wp\/v2\/pages"}],"about":[{"href":"https:\/\/blog.fondation-ove.fr\/taron\/wp-json\/wp\/v2\/types\/page"}],"author":[{"embeddable":true,"href":"https:\/\/blog.fondation-ove.fr\/taron\/wp-json\/wp\/v2\/users\/612"}],"replies":[{"embeddable":true,"href":"https:\/\/blog.fondation-ove.fr\/taron\/wp-json\/wp\/v2\/comments?post=3098"}],"version-history":[{"count":29,"href":"https:\/\/blog.fondation-ove.fr\/taron\/wp-json\/wp\/v2\/pages\/3098\/revisions"}],"predecessor-version":[{"id":3221,"href":"https:\/\/blog.fondation-ove.fr\/taron\/wp-json\/wp\/v2\/pages\/3098\/revisions\/3221"}],"wp:attachment":[{"href":"https:\/\/blog.fondation-ove.fr\/taron\/wp-json\/wp\/v2\/media?parent=3098"}],"curies":[{"name":"wp","href":"https:\/\/api.w.org\/{rel}","templated":true}]}}