{"id":1590,"date":"2020-12-16T10:04:11","date_gmt":"2020-12-16T09:04:11","guid":{"rendered":"http:\/\/blog.fondation-ove.fr\/taron\/?page_id=1590"},"modified":"2020-12-16T10:23:35","modified_gmt":"2020-12-16T09:23:35","slug":"infos-en-plus","status":"publish","type":"page","link":"https:\/\/blog.fondation-ove.fr\/taron\/infos-en-plus\/","title":{"rendered":"Infos en plus"},"content":{"rendered":"\t\t<div data-elementor-type=\"wp-page\" data-elementor-id=\"1590\" class=\"elementor elementor-1590\">\n\t\t\t\t\t\t<section class=\"elementor-section elementor-top-section elementor-element elementor-element-8f2de19 elementor-section-boxed elementor-section-height-default elementor-section-height-default\" data-id=\"8f2de19\" data-element_type=\"section\">\n\t\t\t\t\t\t<div class=\"elementor-container elementor-column-gap-default\">\n\t\t\t\t\t<div class=\"elementor-column elementor-col-100 elementor-top-column elementor-element elementor-element-7327650\" data-id=\"7327650\" data-element_type=\"column\">\n\t\t\t<div class=\"elementor-widget-wrap elementor-element-populated\">\n\t\t\t\t\t\t<div class=\"elementor-element elementor-element-534cf1e elementor-widget elementor-widget-text-editor\" data-id=\"534cf1e\" data-element_type=\"widget\" data-widget_type=\"text-editor.default\">\n\t\t\t\t<div class=\"elementor-widget-container\">\n\t\t\t\t\t\t\t\t\t<p style=\"text-align: center\"><span style=\"color: #000000\">Les liens donn\u00e9s ci-apr\u00e8s vous renverront vers des sites ind\u00e9pendant de notre blog. Merci de votre compr\u00e9hension.<\/span><\/p>\t\t\t\t\t\t\t\t<\/div>\n\t\t\t\t<\/div>\n\t\t\t\t\t<\/div>\n\t\t<\/div>\n\t\t\t\t\t<\/div>\n\t\t<\/section>\n\t\t\t\t<section class=\"elementor-section elementor-top-section elementor-element elementor-element-478b32e elementor-section-boxed elementor-section-height-default elementor-section-height-default\" data-id=\"478b32e\" data-element_type=\"section\">\n\t\t\t\t\t\t<div class=\"elementor-container elementor-column-gap-default\">\n\t\t\t\t\t<div class=\"elementor-column elementor-col-100 elementor-top-column elementor-element elementor-element-bf8a6cb\" data-id=\"bf8a6cb\" data-element_type=\"column\">\n\t\t\t<div class=\"elementor-widget-wrap elementor-element-populated\">\n\t\t\t\t\t\t<div class=\"elementor-element elementor-element-039d70d elementor-widget elementor-widget-heading\" data-id=\"039d70d\" data-element_type=\"widget\" data-widget_type=\"heading.default\">\n\t\t\t\t<div class=\"elementor-widget-container\">\n\t\t\t\t\t<h2 class=\"elementor-heading-title elementor-size-default\">Infos ressources :<\/h2>\t\t\t\t<\/div>\n\t\t\t\t<\/div>\n\t\t\t\t<div class=\"elementor-element elementor-element-dfed9b7 elementor-widget elementor-widget-text-editor\" data-id=\"dfed9b7\" data-element_type=\"widget\" data-widget_type=\"text-editor.default\">\n\t\t\t\t<div class=\"elementor-widget-container\">\n\t\t\t\t\t\t\t\t\t<p><span style=\"color: #333333\"><a style=\"color: #333333\" href=\"https:\/\/handicap.gouv.fr\/les-aides-et-les-prestations\/maison-departementale-du-handicap\/article\/maison-departementale-des-personnes-handicapees-mdph\" target=\"_blank\" rel=\"noopener\">Secr\u00e9tariat d&#8217;\u00e9tat charg\u00e9 des personnes handicap\u00e9es.<\/a><\/span><\/p><p><a href=\"http:\/\/www.mdph.fr\/\" target=\"_blank\" rel=\"noopener\"><span style=\"color: #333333\">Portail d&#8217;information MDPH<\/span><\/a><\/p>\t\t\t\t\t\t\t\t<\/div>\n\t\t\t\t<\/div>\n\t\t\t\t\t<\/div>\n\t\t<\/div>\n\t\t\t\t\t<\/div>\n\t\t<\/section>\n\t\t\t\t<section class=\"elementor-section elementor-top-section elementor-element elementor-element-d42fecd elementor-section-boxed elementor-section-height-default elementor-section-height-default\" data-id=\"d42fecd\" data-element_type=\"section\">\n\t\t\t\t\t\t<div class=\"elementor-container elementor-column-gap-default\">\n\t\t\t\t\t<div class=\"elementor-column elementor-col-100 elementor-top-column elementor-element elementor-element-1ddb170\" data-id=\"1ddb170\" data-element_type=\"column\">\n\t\t\t<div class=\"elementor-widget-wrap elementor-element-populated\">\n\t\t\t\t\t\t<div class=\"elementor-element elementor-element-1ace2df elementor-widget elementor-widget-heading\" data-id=\"1ace2df\" data-element_type=\"widget\" data-widget_type=\"heading.default\">\n\t\t\t\t<div class=\"elementor-widget-container\">\n\t\t\t\t\t<h2 class=\"elementor-heading-title elementor-size-default\">Centres de sport adapt\u00e9 <\/h2>\t\t\t\t<\/div>\n\t\t\t\t<\/div>\n\t\t\t\t<div class=\"elementor-element elementor-element-6858f24 elementor-widget elementor-widget-text-editor\" data-id=\"6858f24\" data-element_type=\"widget\" data-widget_type=\"text-editor.default\">\n\t\t\t\t<div class=\"elementor-widget-container\">\n\t\t\t\t\t\t\t\t\t<p><span style=\"color: #333333\"><a style=\"color: #333333\" href=\"https:\/\/www.comiteloiresportadapte.com\/\" target=\"_blank\" rel=\"noopener\">Loire sport adapt\u00e9<\/a><\/span><\/p><p><a href=\"http:\/\/cdos42.fr\/sport-sante-ou-pratiquer\/\" target=\"_blank\" rel=\"noopener\"><span style=\"color: #333333\">Activit\u00e9 sportive adapt\u00e9<\/span><\/a><\/p><p><a href=\"https:\/\/www.annuaire-sport-sante-auvergne-rhone-alpes.fr\/sport-sante\" target=\"_blank\" rel=\"noopener\"><span style=\"color: #333333\">Sport sant\u00e9 Auvergne Rh\u00f4ne-Alpes<\/span><\/a><\/p>\t\t\t\t\t\t\t\t<\/div>\n\t\t\t\t<\/div>\n\t\t\t\t\t<\/div>\n\t\t<\/div>\n\t\t\t\t\t<\/div>\n\t\t<\/section>\n\t\t\t\t<\/div>\n\t\t","protected":false},"excerpt":{"rendered":"<p>Les liens donn\u00e9s ci-apr\u00e8s vous renverront vers des sites ind\u00e9pendant de notre blog. Merci de votre compr\u00e9hension. Infos ressources : Secr\u00e9tariat d&#8217;\u00e9tat charg\u00e9 des personnes handicap\u00e9es. Portail d&#8217;information MDPH Centres de sport adapt\u00e9 Loire sport adapt\u00e9 Activit\u00e9 sportive adapt\u00e9 Sport sant\u00e9 Auvergne Rh\u00f4ne-Alpes<\/p>\n","protected":false},"author":515,"featured_media":0,"parent":0,"menu_order":0,"comment_status":"closed","ping_status":"closed","template":"","meta":{"ngg_post_thumbnail":0,"footnotes":""},"class_list":["post-1590","page","type-page","status-publish","hentry"],"_links":{"self":[{"href":"https:\/\/blog.fondation-ove.fr\/taron\/wp-json\/wp\/v2\/pages\/1590","targetHints":{"allow":["GET"]}}],"collection":[{"href":"https:\/\/blog.fondation-ove.fr\/taron\/wp-json\/wp\/v2\/pages"}],"about":[{"href":"https:\/\/blog.fondation-ove.fr\/taron\/wp-json\/wp\/v2\/types\/page"}],"author":[{"embeddable":true,"href":"https:\/\/blog.fondation-ove.fr\/taron\/wp-json\/wp\/v2\/users\/515"}],"replies":[{"embeddable":true,"href":"https:\/\/blog.fondation-ove.fr\/taron\/wp-json\/wp\/v2\/comments?post=1590"}],"version-history":[{"count":10,"href":"https:\/\/blog.fondation-ove.fr\/taron\/wp-json\/wp\/v2\/pages\/1590\/revisions"}],"predecessor-version":[{"id":1603,"href":"https:\/\/blog.fondation-ove.fr\/taron\/wp-json\/wp\/v2\/pages\/1590\/revisions\/1603"}],"wp:attachment":[{"href":"https:\/\/blog.fondation-ove.fr\/taron\/wp-json\/wp\/v2\/media?parent=1590"}],"curies":[{"name":"wp","href":"https:\/\/api.w.org\/{rel}","templated":true}]}}