{"id":192,"date":"2025-10-29T08:23:00","date_gmt":"2025-10-29T07:23:00","guid":{"rendered":"https:\/\/blog.fondation-ove.fr\/pco-ove\/?page_id=192"},"modified":"2025-10-30T05:49:21","modified_gmt":"2025-10-30T04:49:21","slug":"bienvenue","status":"publish","type":"page","link":"https:\/\/blog.fondation-ove.fr\/pco-ove\/","title":{"rendered":""},"content":{"rendered":"\n<h2 class=\"wp-block-heading has-blue-color has-text-color has-link-color wp-elements-fdae51f481eaf03da782794e4bf6e30f\">Pour Qui ?<\/h2>\n\n\n\n<p class=\"has-very-light-gray-to-cyan-bluish-gray-gradient-background has-background\"><strong>Pour les enfants de moins de 12\u00a0ans <\/strong>qui sont domicili\u00e9s sur le secteur d&rsquo;intervention de la PCO . <a href=\"http:\/\/blog.fondation-ove.fr\/pco-ove\/wp-content\/uploads\/sites\/95\/2025\/10\/PCO-OVE-1-1.png\" target=\"_blank\" rel=\"noreferrer noopener\"><strong>Visionner la carte<\/strong><\/a>  ou  t\u00e9l\u00e9charger la <strong><a href=\"http:\/\/blog.fondation-ove.fr\/pco-ove\/wp-content\/uploads\/sites\/95\/2025\/10\/LISTE-COMMUNES.pdf\" target=\"_blank\" rel=\"noreferrer noopener\">Liste des communes PCO OVE<\/a>.<\/strong> <\/p>\n\n\n\n<h2 class=\"wp-block-heading has-blue-color has-text-color has-link-color wp-elements-dc3df0cebeaee579ee7e21e3bf0eae59\">Pourquoi ?<\/h2>\n\n\n\n<p class=\"has-very-light-gray-to-cyan-bluish-gray-gradient-background has-background\">Votre enfant ou votre patient <strong>pr\u00e9sente des signes d\u2019alerte dans leur neuro-d\u00e9veloppement . Ces signes ont \u00e9t\u00e9 objectiv\u00e9s par la famille et le m\u00e9decin de l&rsquo;enfant dans le livret de rep\u00e9rage d\u00e9di\u00e9 (obligatoire). <\/strong>La PCO permet de de mettre en \u0153uvre pour ces enfants<strong>&nbsp;un parcours de bilans et d\u2019intervention pr\u00e9coce dans le but de favoriser une prise en charge rapide et l\u2019acc\u00e8s \u00e0 des diagnostics<\/strong>.<\/p>\n\n\n\n<h2 class=\"wp-block-heading has-blue-color has-text-color has-link-color wp-elements-d6a9951f252b606b5b7f5320bcd9358b\">Comment ?<\/h2>\n\n\n\n<p class=\"has-very-light-gray-to-cyan-bluish-gray-gradient-background has-background\"><strong>UNIQUEMENT sur orientation d\u2019un m\u00e9decin<\/strong>. Celui ci fait parvenir le livret de rep\u00e9rage \u00e0 la PCO avec l&rsquo;accord de la famille) gr\u00e2ce \u00e0 <strong>via trajectoire ou messagerie s\u00e9curis\u00e9e de sant\u00e9.<\/strong><\/p>\n\n\n\n<h2 class=\"wp-block-heading\">Nous contacter : <\/h2>\n\n\n\n<ul class=\"wp-block-list\">\n<li>Par t\u00e9l\u00e9phone : <\/li>\n\n\n\n<li>Par mail : <\/li>\n<\/ul>\n\n\n\n<p><\/p>\n\n\n\n<p><\/p>\n","protected":false},"excerpt":{"rendered":"<p>Pour Qui ? Pour les enfants de moins de 12\u00a0ans qui sont domicili\u00e9s sur le secteur d&rsquo;intervention de la PCO . Visionner la carte ou t\u00e9l\u00e9charger la Liste des communes &hellip; <a class=\"readmore\" href=\"https:\/\/blog.fondation-ove.fr\/pco-ove\/\">Continue Reading &rarr;<\/a><\/p>\n","protected":false},"author":144,"featured_media":199,"parent":0,"menu_order":0,"comment_status":"closed","ping_status":"closed","template":"","meta":{"footnotes":""},"class_list":["post-192","page","type-page","status-publish","has-post-thumbnail","hentry"],"_links":{"self":[{"href":"https:\/\/blog.fondation-ove.fr\/pco-ove\/wp-json\/wp\/v2\/pages\/192","targetHints":{"allow":["GET"]}}],"collection":[{"href":"https:\/\/blog.fondation-ove.fr\/pco-ove\/wp-json\/wp\/v2\/pages"}],"about":[{"href":"https:\/\/blog.fondation-ove.fr\/pco-ove\/wp-json\/wp\/v2\/types\/page"}],"author":[{"embeddable":true,"href":"https:\/\/blog.fondation-ove.fr\/pco-ove\/wp-json\/wp\/v2\/users\/144"}],"replies":[{"embeddable":true,"href":"https:\/\/blog.fondation-ove.fr\/pco-ove\/wp-json\/wp\/v2\/comments?post=192"}],"version-history":[{"count":23,"href":"https:\/\/blog.fondation-ove.fr\/pco-ove\/wp-json\/wp\/v2\/pages\/192\/revisions"}],"predecessor-version":[{"id":266,"href":"https:\/\/blog.fondation-ove.fr\/pco-ove\/wp-json\/wp\/v2\/pages\/192\/revisions\/266"}],"wp:featuredmedia":[{"embeddable":true,"href":"https:\/\/blog.fondation-ove.fr\/pco-ove\/wp-json\/wp\/v2\/media\/199"}],"wp:attachment":[{"href":"https:\/\/blog.fondation-ove.fr\/pco-ove\/wp-json\/wp\/v2\/media?parent=192"}],"curies":[{"name":"wp","href":"https:\/\/api.w.org\/{rel}","templated":true}]}}