{"id":49,"date":"2020-03-24T18:26:37","date_gmt":"2020-03-24T17:26:37","guid":{"rendered":"http:\/\/blog.fondation-ove.fr\/oxygene\/?page_id=49"},"modified":"2020-03-31T10:04:09","modified_gmt":"2020-03-31T08:04:09","slug":"pour-aller-plus-loin","status":"publish","type":"page","link":"https:\/\/blog.fondation-ove.fr\/oxygene\/pour-aller-plus-loin\/","title":{"rendered":"Pour aller plus loin"},"content":{"rendered":"\n<p class=\"has-medium-font-size\">Vous avez rep\u00e9r\u00e9 une info, et souhaitez des compl\u00e9ments ou \u00e9changer \u00e0 ce sujet? <br>Les charg\u00e9es de mission des P\u00f4les-ressources de la Fondation sont \u00e0 votre disposition.<br><br><strong>Activit\u00e9 Physique Adapt\u00e9e et Sport:<\/strong> Camille NEUMANN \/ <a href=\"camille.neumann@fondation-ove.fr\">camille.neumann@fondation-ove.fr <\/a><br><strong>Di\u00e9t\u00e9tique et Alimentation<\/strong>:  Melody VIGNERON \/ <a href=\"melody.vigneron@fondation-ove.fr\">melody.vigneron@fondation-ove.fr <\/a><br><strong>Promotion de la Sant\u00e9<\/strong>:  Orianne RAVAUD \/ <a href=\"orianne.ravaud@fondation-ove.fr\">orianne.ravaud@fondation-ove.fr <\/a><br><strong>D\u00e9veloppement durable<\/strong>:  C\u00e9line MOSER \/ <a href=\"mailto:celine.moser@fondation-ove.fr\">celine.moser@fondation-ove.fr<\/a><br><strong>Inclusion parentale<\/strong>:   Jennifer RIERA \/ <a href=\"mailto:jennifer.riera@fondation-ove.fr\">jennifer.riera@fondation-ove.fr<\/a> <br><strong>Culture<\/strong>:  Julia LEMERY \/ <a href=\"mailto:julia.lemery@fondation-ove.fr\">julia.lemery@fondation-ove.fr<\/a> ; Marine MOUTON \/ <a href=\"mailto:marine.mouton@fondation-ove.fr\">marine.mouton@fondation-ove.fr<\/a> <\/p>\n","protected":false},"excerpt":{"rendered":"<p>Vous avez rep\u00e9r\u00e9 une info, et souhaitez des compl\u00e9ments ou \u00e9changer \u00e0 ce sujet? Les charg\u00e9es de mission des P\u00f4les-ressources de la Fondation sont \u00e0 votre disposition. Activit\u00e9 Physique Adapt\u00e9e et Sport: Camille NEUMANN \/ camille.neumann@fondation-ove.fr Di\u00e9t\u00e9tique et Alimentation: Melody VIGNERON \/ melody.vigneron@fondation-ove.fr Promotion de la Sant\u00e9: Orianne RAVAUD \/&hellip; <\/p>\n","protected":false},"author":341,"featured_media":0,"parent":0,"menu_order":0,"comment_status":"closed","ping_status":"closed","template":"","meta":{"ngg_post_thumbnail":0,"footnotes":""},"class_list":["post-49","page","type-page","status-publish","hentry"],"_links":{"self":[{"href":"https:\/\/blog.fondation-ove.fr\/oxygene\/wp-json\/wp\/v2\/pages\/49","targetHints":{"allow":["GET"]}}],"collection":[{"href":"https:\/\/blog.fondation-ove.fr\/oxygene\/wp-json\/wp\/v2\/pages"}],"about":[{"href":"https:\/\/blog.fondation-ove.fr\/oxygene\/wp-json\/wp\/v2\/types\/page"}],"author":[{"embeddable":true,"href":"https:\/\/blog.fondation-ove.fr\/oxygene\/wp-json\/wp\/v2\/users\/341"}],"replies":[{"embeddable":true,"href":"https:\/\/blog.fondation-ove.fr\/oxygene\/wp-json\/wp\/v2\/comments?post=49"}],"version-history":[{"count":17,"href":"https:\/\/blog.fondation-ove.fr\/oxygene\/wp-json\/wp\/v2\/pages\/49\/revisions"}],"predecessor-version":[{"id":448,"href":"https:\/\/blog.fondation-ove.fr\/oxygene\/wp-json\/wp\/v2\/pages\/49\/revisions\/448"}],"wp:attachment":[{"href":"https:\/\/blog.fondation-ove.fr\/oxygene\/wp-json\/wp\/v2\/media?parent=49"}],"curies":[{"name":"wp","href":"https:\/\/api.w.org\/{rel}","templated":true}]}}