{"id":37,"date":"2020-03-24T10:10:15","date_gmt":"2020-03-24T09:10:15","guid":{"rendered":"http:\/\/blog.fondation-ove.fr\/oxygene\/?page_id=37"},"modified":"2020-03-25T08:44:08","modified_gmt":"2020-03-25T07:44:08","slug":"a-propos","status":"publish","type":"page","link":"https:\/\/blog.fondation-ove.fr\/oxygene\/a-propos\/","title":{"rendered":"A propos"},"content":{"rendered":"\n<p class=\"has-medium-font-size\"><img loading=\"lazy\" decoding=\"async\" width=\"300\" height=\"276\" class=\"wp-image-13\" style=\"width: 150px\" src=\"http:\/\/blog.fondation-ove.fr\/oxygene\/wp-content\/uploads\/sites\/71\/2020\/03\/Logo_complet_couleur.png\" alt=\"\"><\/p>\n\n\n\n<p><\/p>\n\n\n\n<p class=\"has-medium-font-size\"><strong>En cette p\u00e9riode d&rsquo;\u00e9pid\u00e9mie et de confinement, la Fondation OVE lance ce  blog pour partager des ressources aupr\u00e8s des personnes accompagn\u00e9es, de  leurs familles et des salari\u00e9s de ses \u00e9tablissements et services. <\/strong><br><br>Les  charg\u00e9es de mission des P\u00f4les-ressources th\u00e9matiques de la Fondation pr\u00e9parent quotidiennement une info,  un conseil, une id\u00e9e \u00e0 partager,  pour comprendre la situation, prendre  soin de soi et de ses proches, et continuer \u00e0 s&rsquo;exprimer, d\u00e9couvrir et \u00eatre en lien, m\u00eame depuis chez soi.   <br><br>A NOTER: si vous souhaitez avoir des compl\u00e9ments sur un des sujets \u00e9voqu\u00e9s, n&rsquo;h\u00e9sitez pas \u00e0 prendre contact aupr\u00e8s de la mission d\u00e9di\u00e9e. Plus d&rsquo;infos <a href=\"https:\/\/blog.fondation-ove.fr\/oxygene\/pour-aller-plus-loin\/\">ICI<\/a>.  <\/p>\n\n\n\n<p><\/p>\n\n\n\n<p><\/p>\n\n\n\n<p><\/p>\n\n\n\n<p><\/p>\n\n\n\n<p><\/p>\n\n\n\n<p><\/p>\n","protected":false},"excerpt":{"rendered":"<p>En cette p\u00e9riode d&rsquo;\u00e9pid\u00e9mie et de confinement, la Fondation OVE lance ce blog pour partager des ressources aupr\u00e8s des personnes accompagn\u00e9es, de leurs familles et des salari\u00e9s de ses \u00e9tablissements et services. Les charg\u00e9es de mission des P\u00f4les-ressources th\u00e9matiques de la Fondation pr\u00e9parent quotidiennement une info, un conseil, une id\u00e9e&hellip; <\/p>\n","protected":false},"author":341,"featured_media":13,"parent":0,"menu_order":0,"comment_status":"closed","ping_status":"closed","template":"","meta":{"ngg_post_thumbnail":0,"footnotes":""},"class_list":["post-37","page","type-page","status-publish","has-post-thumbnail","hentry"],"_links":{"self":[{"href":"https:\/\/blog.fondation-ove.fr\/oxygene\/wp-json\/wp\/v2\/pages\/37","targetHints":{"allow":["GET"]}}],"collection":[{"href":"https:\/\/blog.fondation-ove.fr\/oxygene\/wp-json\/wp\/v2\/pages"}],"about":[{"href":"https:\/\/blog.fondation-ove.fr\/oxygene\/wp-json\/wp\/v2\/types\/page"}],"author":[{"embeddable":true,"href":"https:\/\/blog.fondation-ove.fr\/oxygene\/wp-json\/wp\/v2\/users\/341"}],"replies":[{"embeddable":true,"href":"https:\/\/blog.fondation-ove.fr\/oxygene\/wp-json\/wp\/v2\/comments?post=37"}],"version-history":[{"count":10,"href":"https:\/\/blog.fondation-ove.fr\/oxygene\/wp-json\/wp\/v2\/pages\/37\/revisions"}],"predecessor-version":[{"id":68,"href":"https:\/\/blog.fondation-ove.fr\/oxygene\/wp-json\/wp\/v2\/pages\/37\/revisions\/68"}],"wp:featuredmedia":[{"embeddable":true,"href":"https:\/\/blog.fondation-ove.fr\/oxygene\/wp-json\/wp\/v2\/media\/13"}],"wp:attachment":[{"href":"https:\/\/blog.fondation-ove.fr\/oxygene\/wp-json\/wp\/v2\/media?parent=37"}],"curies":[{"name":"wp","href":"https:\/\/api.w.org\/{rel}","templated":true}]}}