{"id":172,"date":"2020-03-30T10:19:41","date_gmt":"2020-03-30T08:19:41","guid":{"rendered":"http:\/\/blog.fondation-ove.fr\/oxygene\/?page_id=172"},"modified":"2020-03-30T10:23:34","modified_gmt":"2020-03-30T08:23:34","slug":"une-idee-a-partager","status":"publish","type":"page","link":"https:\/\/blog.fondation-ove.fr\/oxygene\/une-idee-a-partager\/","title":{"rendered":"Une id\u00e9e \u00e0 partager ?"},"content":{"rendered":"\n<p class=\"has-medium-font-size\">Chacun.e peut avoir r\u00e9alis\u00e9 une activit\u00e9, ou crois\u00e9 la route d&rsquo;un article, d&rsquo;une image, d&rsquo;une vid\u00e9o qui lui a fait du bien en cette p\u00e9riode de confinement.  <\/p>\n\n\n\n<p class=\"has-medium-font-size\">Vous souhaitez nous en faire part? N&rsquo;h\u00e9sitez pas !  <\/p>\n\n\n\n<p><\/p>\n\n\n\n<p class=\"has-medium-font-size\"><strong>&gt; blog.oxygene@fondation-ove.fr <\/strong><\/p>\n","protected":false},"excerpt":{"rendered":"<p>Chacun.e peut avoir r\u00e9alis\u00e9 une activit\u00e9, ou crois\u00e9 la route d&rsquo;un article, d&rsquo;une image, d&rsquo;une vid\u00e9o qui lui a fait du bien en cette p\u00e9riode de confinement. Vous souhaitez nous en faire part? N&rsquo;h\u00e9sitez pas ! &gt; blog.oxygene@fondation-ove.fr<\/p>\n","protected":false},"author":341,"featured_media":0,"parent":0,"menu_order":0,"comment_status":"closed","ping_status":"closed","template":"","meta":{"ngg_post_thumbnail":0,"footnotes":""},"class_list":["post-172","page","type-page","status-publish","hentry"],"_links":{"self":[{"href":"https:\/\/blog.fondation-ove.fr\/oxygene\/wp-json\/wp\/v2\/pages\/172","targetHints":{"allow":["GET"]}}],"collection":[{"href":"https:\/\/blog.fondation-ove.fr\/oxygene\/wp-json\/wp\/v2\/pages"}],"about":[{"href":"https:\/\/blog.fondation-ove.fr\/oxygene\/wp-json\/wp\/v2\/types\/page"}],"author":[{"embeddable":true,"href":"https:\/\/blog.fondation-ove.fr\/oxygene\/wp-json\/wp\/v2\/users\/341"}],"replies":[{"embeddable":true,"href":"https:\/\/blog.fondation-ove.fr\/oxygene\/wp-json\/wp\/v2\/comments?post=172"}],"version-history":[{"count":3,"href":"https:\/\/blog.fondation-ove.fr\/oxygene\/wp-json\/wp\/v2\/pages\/172\/revisions"}],"predecessor-version":[{"id":178,"href":"https:\/\/blog.fondation-ove.fr\/oxygene\/wp-json\/wp\/v2\/pages\/172\/revisions\/178"}],"wp:attachment":[{"href":"https:\/\/blog.fondation-ove.fr\/oxygene\/wp-json\/wp\/v2\/media?parent=172"}],"curies":[{"name":"wp","href":"https:\/\/api.w.org\/{rel}","templated":true}]}}