{"id":37,"date":"2024-06-28T20:06:40","date_gmt":"2024-06-28T18:06:40","guid":{"rendered":"https:\/\/blog.fondation-ove.fr\/maisonderepitlyon\/?page_id=37"},"modified":"2024-10-16T11:26:56","modified_gmt":"2024-10-16T09:26:56","slug":"la-vie-de-la-maison","status":"publish","type":"page","link":"https:\/\/blog.fondation-ove.fr\/maisonderepitlyon\/","title":{"rendered":"BLOG des Aidants de la                                  Maison de r\u00e9pit de la m\u00e9tropole de Lyon"},"content":{"rendered":"\n<p><\/p>\n\n\n\n<p class=\"has-text-align-left\"><strong>Un dispositif enti\u00e8rement d\u00e9di\u00e9 au soutien des aidants dont le proche est atteint d&#8217;une maladie grave ou d&#8217;un handicap lourd. Vous souhaitez nous contacter<\/strong> :<\/p>\n\n\n\n<p class=\"has-text-align-center\"> <strong>04 69 85 99 87  <\/strong>ou <strong>contact@equipe-repit.fr<\/strong><\/p>\n\n\n\n<div class=\"wp-block-buttons is-content-justification-center is-layout-flex wp-container-core-buttons-is-layout-1 wp-block-buttons-is-layout-flex\">\n<div class=\"wp-block-button\"><a class=\"wp-block-button__link has-text-align-center wp-element-button\" href=\"https:\/\/www.maison-repit.fr\/la-maison-de-repit\/\" target=\"_blank\" rel=\"noreferrer noopener\">Visitez le site de la Maison de R\u00e9pit<\/a><\/div>\n<\/div>\n\n\n\n<p><\/p>\n\n\n\n<figure class=\"wp-block-image size-large\"><img loading=\"lazy\" decoding=\"async\" width=\"1200\" height=\"675\" src=\"http:\/\/blog.fondation-ove.fr\/maisonderepitlyon\/wp-content\/uploads\/sites\/91\/2024\/06\/Inauguration-Maison-de-Repit-9-scaled-1-1200x675.jpg\" alt=\"la maison de r\u00e9pit\" class=\"wp-image-38\" srcset=\"https:\/\/blog.fondation-ove.fr\/maisonderepitlyon\/wp-content\/uploads\/sites\/91\/2024\/06\/Inauguration-Maison-de-Repit-9-scaled-1-1200x675.jpg 1200w, https:\/\/blog.fondation-ove.fr\/maisonderepitlyon\/wp-content\/uploads\/sites\/91\/2024\/06\/Inauguration-Maison-de-Repit-9-scaled-1-850x478.jpg 850w, https:\/\/blog.fondation-ove.fr\/maisonderepitlyon\/wp-content\/uploads\/sites\/91\/2024\/06\/Inauguration-Maison-de-Repit-9-scaled-1-250x141.jpg 250w\" sizes=\"auto, (max-width: 1200px) 100vw, 1200px\" \/><\/figure>\n\n\n\n<div class=\"wp-block-columns is-layout-flex wp-container-core-columns-is-layout-1 wp-block-columns-is-layout-flex\">\n<div class=\"wp-block-column is-layout-flow wp-block-column-is-layout-flow\">\n<figure class=\"wp-block-image size-full\"><img loading=\"lazy\" decoding=\"async\" width=\"116\" height=\"106\" src=\"http:\/\/blog.fondation-ove.fr\/maisonderepitlyon\/wp-content\/uploads\/sites\/91\/2024\/10\/logo-ove-sans-fond.png\" alt=\"\" class=\"wp-image-307\" \/><\/figure>\n<\/div>\n\n\n\n<div class=\"wp-block-column is-layout-flow wp-block-column-is-layout-flow\"><div class=\"wp-block-image\">\n<figure class=\"alignright size-full is-resized\"><img loading=\"lazy\" decoding=\"async\" width=\"200\" height=\"200\" src=\"https:\/\/blog.fondation-ove.fr\/maisonderepitlyon\/wp-content\/uploads\/sites\/91\/2024\/10\/fondation_france_rpit_logo.jpg\" alt=\"\" class=\"wp-image-310\" style=\"width:128px;height:auto\" \/><\/figure><\/div><\/div>\n<\/div>\n\n\n\n<p><\/p>\n","protected":false},"excerpt":{"rendered":"<p>Un dispositif enti\u00e8rement d\u00e9di\u00e9 au soutien des aidants dont le proche est atteint d&#8217;une maladie grave ou d&#8217;un handicap lourd. Vous souhaitez nous contacter : 04 69 85 99 87 ou contact@equipe-repit.fr<\/p>\n","protected":false},"author":144,"featured_media":0,"parent":0,"menu_order":0,"comment_status":"closed","ping_status":"closed","template":"","meta":{"footnotes":""},"class_list":["post-37","page","type-page","status-publish","hentry"],"_links":{"self":[{"href":"https:\/\/blog.fondation-ove.fr\/maisonderepitlyon\/wp-json\/wp\/v2\/pages\/37","targetHints":{"allow":["GET"]}}],"collection":[{"href":"https:\/\/blog.fondation-ove.fr\/maisonderepitlyon\/wp-json\/wp\/v2\/pages"}],"about":[{"href":"https:\/\/blog.fondation-ove.fr\/maisonderepitlyon\/wp-json\/wp\/v2\/types\/page"}],"author":[{"embeddable":true,"href":"https:\/\/blog.fondation-ove.fr\/maisonderepitlyon\/wp-json\/wp\/v2\/users\/144"}],"replies":[{"embeddable":true,"href":"https:\/\/blog.fondation-ove.fr\/maisonderepitlyon\/wp-json\/wp\/v2\/comments?post=37"}],"version-history":[{"count":12,"href":"https:\/\/blog.fondation-ove.fr\/maisonderepitlyon\/wp-json\/wp\/v2\/pages\/37\/revisions"}],"predecessor-version":[{"id":311,"href":"https:\/\/blog.fondation-ove.fr\/maisonderepitlyon\/wp-json\/wp\/v2\/pages\/37\/revisions\/311"}],"wp:attachment":[{"href":"https:\/\/blog.fondation-ove.fr\/maisonderepitlyon\/wp-json\/wp\/v2\/media?parent=37"}],"curies":[{"name":"wp","href":"https:\/\/api.w.org\/{rel}","templated":true}]}}