{"id":116,"date":"2024-09-25T10:40:26","date_gmt":"2024-09-25T08:40:26","guid":{"rendered":"https:\/\/blog.fondation-ove.fr\/maisonderepitlyon\/?page_id=116"},"modified":"2025-03-17T15:24:39","modified_gmt":"2025-03-17T14:24:39","slug":"faq","status":"publish","type":"page","link":"https:\/\/blog.fondation-ove.fr\/maisonderepitlyon\/faq\/","title":{"rendered":"Cet espace est r\u00e9serv\u00e9 aux abonn\u00e9s."},"content":{"rendered":"Cet espace est r\u00e9serv\u00e9 aux abonn\u00e9s.","protected":false},"excerpt":{"rendered":"","protected":false},"author":126,"featured_media":0,"parent":0,"menu_order":0,"comment_status":"closed","ping_status":"closed","template":"","meta":{"footnotes":""},"class_list":["post-116","page","type-page","status-publish","hentry"],"_links":{"self":[{"href":"https:\/\/blog.fondation-ove.fr\/maisonderepitlyon\/wp-json\/wp\/v2\/pages\/116","targetHints":{"allow":["GET"]}}],"collection":[{"href":"https:\/\/blog.fondation-ove.fr\/maisonderepitlyon\/wp-json\/wp\/v2\/pages"}],"about":[{"href":"https:\/\/blog.fondation-ove.fr\/maisonderepitlyon\/wp-json\/wp\/v2\/types\/page"}],"author":[{"embeddable":true,"href":"https:\/\/blog.fondation-ove.fr\/maisonderepitlyon\/wp-json\/wp\/v2\/users\/126"}],"replies":[{"embeddable":true,"href":"https:\/\/blog.fondation-ove.fr\/maisonderepitlyon\/wp-json\/wp\/v2\/comments?post=116"}],"version-history":[{"count":3,"href":"https:\/\/blog.fondation-ove.fr\/maisonderepitlyon\/wp-json\/wp\/v2\/pages\/116\/revisions"}],"predecessor-version":[{"id":696,"href":"https:\/\/blog.fondation-ove.fr\/maisonderepitlyon\/wp-json\/wp\/v2\/pages\/116\/revisions\/696"}],"wp:attachment":[{"href":"https:\/\/blog.fondation-ove.fr\/maisonderepitlyon\/wp-json\/wp\/v2\/media?parent=116"}],"curies":[{"name":"wp","href":"https:\/\/api.w.org\/{rel}","templated":true}]}}