{"id":61,"date":"2019-03-21T11:48:17","date_gmt":"2019-03-21T10:48:17","guid":{"rendered":"http:\/\/blog.fondation-ove.fr\/lovefood\/?page_id=61"},"modified":"2023-10-11T07:43:44","modified_gmt":"2023-10-11T05:43:44","slug":"acces-au-jeu","status":"publish","type":"page","link":"https:\/\/blog.fondation-ove.fr\/lovefood\/dans-mon-assiette\/acces-au-jeu\/","title":{"rendered":"Acc\u00e8s au jeu"},"content":{"rendered":"\n<figure class=\"wp-block-pullquote has-border-color has-vivid-red-color has-text-color has-medium-font-size\" style=\"border-color:#cf2e2e;border-width:13px;border-radius:36px\"><blockquote><p>Nous devons changer de serveur, l&#8217;acc\u00e8s au jeu va \u00eatre modifier, nous revenons vers vous rapidement par mail, pour vous inviter \u00e0 vous reconnecter<\/p><cite>l&#8217;\u00e9quipe du jeu dans mon assiette<\/cite><\/blockquote><\/figure>\n\n\n<div>\n<h1 class=\"null\" style=\"text-align: center\"><img loading=\"lazy\" decoding=\"async\" class=\"wp-image-178 alignleft\" src=\"http:\/\/blog.fondation-ove.fr\/lovefood\/wp-content\/uploads\/sites\/65\/2019\/04\/OVIP_5.png\" alt=\"\" width=\"130\" height=\"131\">\u00ab Dans mon assiette \u00bb<\/h1>\n<p class=\"null\">aborde les bases d&#8217;une alimentation saine, \u00e9quilibr\u00e9e et savoureuse. Le personnage &#8220;OVIP&#8221; accompagne le joueur tout au long de la partie, Le but \u00e9tant de le maintenir en bonne sant\u00e9 en r\u00e9pondant correctement au question.<\/p>\n<h4>Le <span id=\"OBJ_PREFIX_DWT16308_com_zimbra_date\" class=\"Object\" role=\"link\"><span id=\"OBJ_PREFIX_DWT16330_com_zimbra_date\" class=\"Object\" role=\"link\">jeu<\/span><\/span> se compose de 4 parties qui sont :<\/h4>\n<p>&#8211; <strong>Une introduction :<\/strong> Pr\u00e9sentation des 7 familles d&#8217;aliments \u00e0 l&#8217;aide d&#8217;un plateau repas.<br>&#8211;<strong> La ferme :<\/strong> Visite d&#8217;une \u00e9table, d&#8217;un verger, d&#8217;un potager, d&#8217;un champ&#8230; Pour expliquer l\u2019origine des aliments et leurs proc\u00e9d\u00e9s de fabrication.<br>&#8211;<strong> Les courses :<\/strong> Composition d&#8217;un chariot \u00e9quilibr\u00e9 tout en respectant le budget donn\u00e9.<br>&#8211; <strong>La cuisine :<\/strong> Composition de menus \u00e9quilibr\u00e9s avec des astuces de chef et des recettes d\u00e9bloqu\u00e9es tout au long de la partie.<\/p>\n<h4>Pour jouer, voici la d\u00e9marche \u00e0 suivre :<\/h4>\n<h5>1\/ Cr\u00e9ation de compte&nbsp; :<\/h5>\n<p><img loading=\"lazy\" decoding=\"async\" class=\" wp-image-179 alignright\" src=\"http:\/\/blog.fondation-ove.fr\/lovefood\/wp-content\/uploads\/sites\/65\/2019\/04\/0ccb994e-354c-43c8-94bd-8116e8585727.jpg\" alt=\"\" width=\"191\" height=\"254\">Vous souhaitez tester, animer et faire vivre le <span id=\"OBJ_PREFIX_DWT16309_com_zimbra_date\" class=\"Object\" role=\"link\"><span id=\"OBJ_PREFIX_DWT16331_com_zimbra_date\" class=\"Object\" role=\"link\">jeu<\/span><\/span> dans vos structures, vous allez donc avoir un compte. <br>Pour cela, il vous suffit de faire une demande par mail \u00e0 l&#8217;adresse : <a href=\"mailto:dansmonassiette@fondation-ove.fr\"><span id=\"OBJ_PREFIX_DWT16310_ZmEmailObjectHandler\" class=\"Object\" role=\"link\"><span id=\"OBJ_PREFIX_DWT16332_ZmEmailObjectHandler\" class=\"Object\" role=\"link\">dansmonassiette@fondation-ove.fr<\/span><\/span><\/a><br>Vous serez inform\u00e9 par mail de la cr\u00e9ation de votre compte.<\/p>\n<h5>2\/ cr\u00e9ation de plusieurs comptes utilisateurs :<\/h5>\n<p>Sur simple demande \u00e0 dansmonassiette@fondation-ove.fr nous vous envoyons un tableau \u00e0 remplir pour les inscriptions de groupe.<\/p>\n<p><a href=\"http:\/\/blog.fondation-ove.fr\/lovefood\/wp-content\/uploads\/sites\/65\/2021\/01\/liste-usagers-dma.xlsx\">T\u00e9l\u00e9charger le tableau ici<\/a><\/p>\n<h5>3\/ Connexion des utilisateurs<\/h5>\n<p>Pour vous simplifier le fonctionnement, vous trouverez&nbsp; une note (Claroline Utilisateur, dans le mail qui confirme votre inscription) expliquant la marche \u00e0 suivre pour pouvoir jouer ais\u00e9ment.<\/p>\n<p>Pour accompagner <span id=\"OBJ_PREFIX_DWT16313_com_zimbra_date\" class=\"Object\" role=\"link\"><span id=\"OBJ_PREFIX_DWT16335_com_zimbra_date\" class=\"Object\" role=\"link\">ce jeu<\/span><\/span>, vous trouverez aussi un livret d\u2019accompagnement qui vous guidera dans toutes les phases du <span id=\"OBJ_PREFIX_DWT16314_com_zimbra_date\" class=\"Object\" role=\"link\"><span id=\"OBJ_PREFIX_DWT16336_com_zimbra_date\" class=\"Object\" role=\"link\">jeu<\/span><\/span>. En plus de vous faciliter la prise en main du <span id=\"OBJ_PREFIX_DWT16315_com_zimbra_date\" class=\"Object\" role=\"link\"><span id=\"OBJ_PREFIX_DWT16337_com_zimbra_date\" class=\"Object\" role=\"link\">jeu<\/span><\/span>, il vous aidera \u00e0 la mise en place de projets mettant en pratique ce qui est vu dans le <span id=\"OBJ_PREFIX_DWT16316_com_zimbra_date\" class=\"Object\" role=\"link\"><span id=\"OBJ_PREFIX_DWT16338_com_zimbra_date\" class=\"Object\" role=\"link\">jeu<\/span><\/span>.<\/p>\n<p>Les 5 points forts du <span id=\"OBJ_PREFIX_DWT16317_com_zimbra_date\" class=\"Object\" role=\"link\"><span id=\"OBJ_PREFIX_DWT16339_com_zimbra_date\" class=\"Object\" role=\"link\">jeu<\/span><\/span> sont :<br>1) Les jeunes apprendront les bases solides d\u2019une alimentation saine et savoureuse<br>2) Allier le th\u00e9orique et la pratique, le virtuel et le r\u00e9el pour apprendre de mani\u00e8re ludique et concr\u00e8te<br>3) D\u00e9couvrir les diff\u00e9rents modes de productions et aller \u00e0 la rencontre des producteurs locaux pour mieux comprendre les liens entre sant\u00e9, plaisir et environnement.<br>4) Pousser les jeunes vers l\u2019autonomie en apprenant comment g\u00e9rer son budget alimentaire<br>5) Donner aux jeunes l\u2019occasion de d\u00e9couvrir des techniques culinaires et prendre plaisir \u00e0 cuisiner.<\/p>\n<hr>\n<div>\n<p>CONNEXION<\/p>\n<p>Rendez-vous \u00e0 l\u2019adresse<\/p>\n<p><a href=\"https:\/\/campus.pixago.fr\/type\/OVE\">https:\/\/campus.pixago.fr\/type\/OVE<\/a><\/p>\n<p>Dans le cadre de droite, rentrez les identifiants qui vous ont \u00e9t\u00e9 communiqu\u00e9s.<\/p>\n<hr><\/div>\n<p>Le Livret d&#8217;accompagnement :<\/p>\n<\/div>\n\n\n<div class=\"wp-block-group\"><div class=\"wp-block-group__inner-container is-layout-flow wp-block-group-is-layout-flow\">\nngg_shortcode_0_placeholder\n<\/div><\/div>\n\n\n\n<blockquote class=\"wp-block-quote is-layout-flow wp-block-quote-is-layout-flow\"><\/blockquote>\n","protected":false},"excerpt":{"rendered":"<p>Nous devons changer de serveur, l&#8217;acc\u00e8s au jeu va \u00eatre modifier, nous revenons vers vous rapidement par mail, pour vous inviter \u00e0 vous reconnecter l&#8217;\u00e9quipe du jeu dans mon assiette \u00ab Dans mon assiette \u00bb aborde les bases d&#8217;une alimentation saine, \u00e9quilibr\u00e9e et savoureuse. Le personnage &#8220;OVIP&#8221; accompagne le joueur tout au long de la&hellip; <\/p>\n<p class=\"toivo-read-more\"><a href=\"https:\/\/blog.fondation-ove.fr\/lovefood\/dans-mon-assiette\/acces-au-jeu\/\" class=\"more-link\">Lire la suite <span class=\"screen-reader-text\">Acc\u00e8s au jeu<\/span><\/a><\/p>\n","protected":false},"author":463,"featured_media":0,"parent":31,"menu_order":0,"comment_status":"closed","ping_status":"closed","template":"","meta":{"_exactmetrics_skip_tracking":false,"_exactmetrics_sitenote_active":false,"_exactmetrics_sitenote_note":"","_exactmetrics_sitenote_category":0,"ngg_post_thumbnail":0,"footnotes":""},"class_list":{"0":"post-61","1":"page","2":"type-page","3":"status-publish","5":"entry"},"_links":{"self":[{"href":"https:\/\/blog.fondation-ove.fr\/lovefood\/wp-json\/wp\/v2\/pages\/61","targetHints":{"allow":["GET"]}}],"collection":[{"href":"https:\/\/blog.fondation-ove.fr\/lovefood\/wp-json\/wp\/v2\/pages"}],"about":[{"href":"https:\/\/blog.fondation-ove.fr\/lovefood\/wp-json\/wp\/v2\/types\/page"}],"author":[{"embeddable":true,"href":"https:\/\/blog.fondation-ove.fr\/lovefood\/wp-json\/wp\/v2\/users\/463"}],"replies":[{"embeddable":true,"href":"https:\/\/blog.fondation-ove.fr\/lovefood\/wp-json\/wp\/v2\/comments?post=61"}],"version-history":[{"count":16,"href":"https:\/\/blog.fondation-ove.fr\/lovefood\/wp-json\/wp\/v2\/pages\/61\/revisions"}],"predecessor-version":[{"id":1046,"href":"https:\/\/blog.fondation-ove.fr\/lovefood\/wp-json\/wp\/v2\/pages\/61\/revisions\/1046"}],"up":[{"embeddable":true,"href":"https:\/\/blog.fondation-ove.fr\/lovefood\/wp-json\/wp\/v2\/pages\/31"}],"wp:attachment":[{"href":"https:\/\/blog.fondation-ove.fr\/lovefood\/wp-json\/wp\/v2\/media?parent=61"}],"curies":[{"name":"wp","href":"https:\/\/api.w.org\/{rel}","templated":true}]}}