{"id":57,"date":"2019-03-21T11:47:26","date_gmt":"2019-03-21T10:47:26","guid":{"rendered":"http:\/\/blog.fondation-ove.fr\/lovefood\/?page_id=57"},"modified":"2023-10-11T07:44:18","modified_gmt":"2023-10-11T05:44:18","slug":"lactu-jeu","status":"publish","type":"page","link":"https:\/\/blog.fondation-ove.fr\/lovefood\/dans-mon-assiette\/lactu-jeu\/","title":{"rendered":"L&#8217;actu Jeu"},"content":{"rendered":"\n<blockquote class=\"wp-block-quote is-layout-flow wp-block-quote-is-layout-flow\">\n<figure class=\"wp-block-pullquote has-border-color has-vivid-red-color has-text-color has-medium-font-size\" style=\"border-color:#cf2e2e;border-width:13px;border-radius:36px\"><blockquote><p>Nous devons changer de serveur, l&#8217;acc\u00e8s au jeu va \u00eatre modifier, nous revenons vers vous rapidement par mail, pour vous inviter \u00e0 vous reconnecter<\/p><cite>l&#8217;\u00e9quipe du jeu dans mon assiette<\/cite><\/blockquote><\/figure>\n<\/blockquote>\n\n\n<p>Le jeu s\u00e9rieux sur l&#8217;alimentation et la nutrition<\/p>\n<p>&nbsp;<\/p>\n<p>La Vid\u00e9o du jeu s\u00e9rieux :<\/p>\n<p>&nbsp;<br \/>\n<video src=\"https:\/\/start.fondation-ove.fr\/images\/dansmonassiette2_1.mp4\" autoplay=\"autoplay\" width=\"640\" height=\"420\"><span style=\"width: 0px;overflow: hidden;line-height: 0\" class=\"mce_SELRES_start\">\ufeff<\/span><span style=\"width: 0px;overflow: hidden;line-height: 0\" class=\"mce_SELRES_start\">\ufeff<\/span><span style=\"width: 0px;overflow: hidden;line-height: 0\" class=\"mce_SELRES_start\">\ufeff<\/span><br \/>\nCette vid\u00e9o ne peut \u00eatre affich\u00e9e sur votre navigateur Internet.<span style=\"width: 0px;overflow: hidden;line-height: 0\" class=\"mce_SELRES_start\">\ufeff<\/span><br \/>\n<\/video><\/p>\n\n\n<p>les images du jeu<\/p>\n\n\n\n<figure class=\"wp-block-gallery has-nested-images columns-default is-cropped wp-block-gallery-1 is-layout-flex wp-block-gallery-is-layout-flex\">\n<figure class=\"wp-block-image size-large\"><img loading=\"lazy\" decoding=\"async\" width=\"476\" height=\"461\" data-id=\"653\" src=\"https:\/\/blog.fondation-ove.fr\/lovefood\/wp-content\/uploads\/sites\/65\/2021\/06\/assiette.png\" alt=\"\" class=\"wp-image-653\" \/><\/figure>\n\n\n\n<figure class=\"wp-block-image size-large\"><img loading=\"lazy\" decoding=\"async\" width=\"133\" height=\"118\" data-id=\"654\" src=\"https:\/\/blog.fondation-ove.fr\/lovefood\/wp-content\/uploads\/sites\/65\/2021\/06\/logoj.png\" alt=\"\" class=\"wp-image-654\" \/><\/figure>\n\n\n\n<figure class=\"wp-block-image size-large\"><img loading=\"lazy\" decoding=\"async\" width=\"160\" height=\"120\" data-id=\"655\" src=\"https:\/\/blog.fondation-ove.fr\/lovefood\/wp-content\/uploads\/sites\/65\/2021\/06\/logoj1.png\" alt=\"\" class=\"wp-image-655\" \/><\/figure>\n\n\n\n<figure class=\"wp-block-image size-large\"><img loading=\"lazy\" decoding=\"async\" width=\"130\" height=\"121\" data-id=\"656\" src=\"https:\/\/blog.fondation-ove.fr\/lovefood\/wp-content\/uploads\/sites\/65\/2021\/06\/logoj2.png\" alt=\"\" class=\"wp-image-656\" \/><\/figure>\n\n\n\n<figure class=\"wp-block-image size-large\"><img loading=\"lazy\" decoding=\"async\" width=\"134\" height=\"117\" data-id=\"657\" src=\"https:\/\/blog.fondation-ove.fr\/lovefood\/wp-content\/uploads\/sites\/65\/2021\/06\/logoj3.png\" alt=\"\" class=\"wp-image-657\" \/><\/figure>\n\n\n\n<figure class=\"wp-block-image size-large\"><img loading=\"lazy\" decoding=\"async\" width=\"135\" height=\"130\" data-id=\"658\" src=\"https:\/\/blog.fondation-ove.fr\/lovefood\/wp-content\/uploads\/sites\/65\/2021\/06\/logoj4.png\" alt=\"\" class=\"wp-image-658\" \/><\/figure>\n\n\n\n<figure class=\"wp-block-image size-large\"><img loading=\"lazy\" decoding=\"async\" width=\"332\" height=\"245\" data-id=\"659\" src=\"https:\/\/blog.fondation-ove.fr\/lovefood\/wp-content\/uploads\/sites\/65\/2021\/06\/ovip.png\" alt=\"\" class=\"wp-image-659\" \/><\/figure>\n\n\n\n<figure class=\"wp-block-image size-large\"><img loading=\"lazy\" decoding=\"async\" width=\"686\" height=\"675\" data-id=\"660\" src=\"https:\/\/blog.fondation-ove.fr\/lovefood\/wp-content\/uploads\/sites\/65\/2021\/06\/OVIP_5-686x675.png\" alt=\"\" class=\"wp-image-660\" \/><\/figure>\n\n\n\n<figure class=\"wp-block-image size-large\"><img loading=\"lazy\" decoding=\"async\" width=\"208\" height=\"202\" data-id=\"661\" src=\"https:\/\/blog.fondation-ove.fr\/lovefood\/wp-content\/uploads\/sites\/65\/2021\/06\/ovipchef.png\" alt=\"\" class=\"wp-image-661\" \/><\/figure>\n\n\n\n<figure class=\"wp-block-image size-large\"><img loading=\"lazy\" decoding=\"async\" width=\"474\" height=\"474\" data-id=\"666\" src=\"https:\/\/blog.fondation-ove.fr\/lovefood\/wp-content\/uploads\/sites\/65\/2021\/06\/assiette3.png\" alt=\"\" class=\"wp-image-666\" srcset=\"https:\/\/blog.fondation-ove.fr\/lovefood\/wp-content\/uploads\/sites\/65\/2021\/06\/assiette3.png 474w, https:\/\/blog.fondation-ove.fr\/lovefood\/wp-content\/uploads\/sites\/65\/2021\/06\/assiette3-300x300.png 300w, https:\/\/blog.fondation-ove.fr\/lovefood\/wp-content\/uploads\/sites\/65\/2021\/06\/assiette3-140x140.png 140w\" sizes=\"auto, (max-width: 474px) 100vw, 474px\" \/><\/figure>\n\n\n\n<figure class=\"wp-block-image size-large\"><img loading=\"lazy\" decoding=\"async\" width=\"80\" height=\"100\" data-id=\"681\" src=\"https:\/\/blog.fondation-ove.fr\/lovefood\/wp-content\/uploads\/sites\/65\/2021\/07\/home.png\" alt=\"\" class=\"wp-image-681\" \/><\/figure>\n\n\n\n<figure class=\"wp-block-image size-large\"><img loading=\"lazy\" decoding=\"async\" width=\"88\" height=\"100\" data-id=\"682\" src=\"https:\/\/blog.fondation-ove.fr\/lovefood\/wp-content\/uploads\/sites\/65\/2021\/07\/questionnaire.png\" alt=\"\" class=\"wp-image-682\" \/><\/figure>\n\n\n\n<figure class=\"wp-block-image size-large\"><img loading=\"lazy\" decoding=\"async\" width=\"100\" height=\"100\" data-id=\"683\" src=\"https:\/\/blog.fondation-ove.fr\/lovefood\/wp-content\/uploads\/sites\/65\/2021\/07\/quizz.png\" alt=\"\" class=\"wp-image-683\" \/><\/figure>\n\n\n\n<figure class=\"wp-block-image size-large\"><img loading=\"lazy\" decoding=\"async\" width=\"413\" height=\"410\" data-id=\"685\" src=\"https:\/\/blog.fondation-ove.fr\/lovefood\/wp-content\/uploads\/sites\/65\/2021\/07\/videodma.jpg\" alt=\"\" class=\"wp-image-685\" srcset=\"https:\/\/blog.fondation-ove.fr\/lovefood\/wp-content\/uploads\/sites\/65\/2021\/07\/videodma.jpg 413w, https:\/\/blog.fondation-ove.fr\/lovefood\/wp-content\/uploads\/sites\/65\/2021\/07\/videodma-140x140.jpg 140w\" sizes=\"auto, (max-width: 413px) 100vw, 413px\" \/><\/figure>\n\n\n\n<figure class=\"wp-block-image size-large\"><img loading=\"lazy\" decoding=\"async\" width=\"474\" height=\"379\" data-id=\"687\" src=\"https:\/\/blog.fondation-ove.fr\/lovefood\/wp-content\/uploads\/sites\/65\/2021\/07\/livredma.jpg\" alt=\"\" class=\"wp-image-687\" \/><\/figure>\n<\/figure>\n\n\n\n<figure class=\"wp-block-image size-large\"><img loading=\"lazy\" decoding=\"async\" width=\"474\" height=\"474\" src=\"https:\/\/blog.fondation-ove.fr\/lovefood\/wp-content\/uploads\/sites\/65\/2021\/07\/assiettejeu.jpg\" alt=\"\" class=\"wp-image-679\" srcset=\"https:\/\/blog.fondation-ove.fr\/lovefood\/wp-content\/uploads\/sites\/65\/2021\/07\/assiettejeu.jpg 474w, https:\/\/blog.fondation-ove.fr\/lovefood\/wp-content\/uploads\/sites\/65\/2021\/07\/assiettejeu-300x300.jpg 300w, https:\/\/blog.fondation-ove.fr\/lovefood\/wp-content\/uploads\/sites\/65\/2021\/07\/assiettejeu-140x140.jpg 140w\" sizes=\"auto, (max-width: 474px) 100vw, 474px\" \/><\/figure>\n","protected":false},"excerpt":{"rendered":"<p>Nous devons changer de serveur, l&#8217;acc\u00e8s au jeu va \u00eatre modifier, nous revenons vers vous rapidement par mail, pour vous inviter \u00e0 vous reconnecter l&#8217;\u00e9quipe du jeu dans mon assiette Le jeu s\u00e9rieux sur l&#8217;alimentation et la nutrition &nbsp; La Vid\u00e9o du jeu s\u00e9rieux : &nbsp; \ufeff\ufeff\ufeff Cette vid\u00e9o ne peut \u00eatre affich\u00e9e sur votre&hellip; <\/p>\n<p class=\"toivo-read-more\"><a href=\"https:\/\/blog.fondation-ove.fr\/lovefood\/dans-mon-assiette\/lactu-jeu\/\" class=\"more-link\">Lire la suite <span class=\"screen-reader-text\">L&#8217;actu Jeu<\/span><\/a><\/p>\n","protected":false},"author":463,"featured_media":0,"parent":31,"menu_order":0,"comment_status":"closed","ping_status":"closed","template":"","meta":{"_exactmetrics_skip_tracking":false,"_exactmetrics_sitenote_active":false,"_exactmetrics_sitenote_note":"","_exactmetrics_sitenote_category":0,"ngg_post_thumbnail":0,"footnotes":""},"class_list":{"0":"post-57","1":"page","2":"type-page","3":"status-publish","5":"entry"},"_links":{"self":[{"href":"https:\/\/blog.fondation-ove.fr\/lovefood\/wp-json\/wp\/v2\/pages\/57","targetHints":{"allow":["GET"]}}],"collection":[{"href":"https:\/\/blog.fondation-ove.fr\/lovefood\/wp-json\/wp\/v2\/pages"}],"about":[{"href":"https:\/\/blog.fondation-ove.fr\/lovefood\/wp-json\/wp\/v2\/types\/page"}],"author":[{"embeddable":true,"href":"https:\/\/blog.fondation-ove.fr\/lovefood\/wp-json\/wp\/v2\/users\/463"}],"replies":[{"embeddable":true,"href":"https:\/\/blog.fondation-ove.fr\/lovefood\/wp-json\/wp\/v2\/comments?post=57"}],"version-history":[{"count":13,"href":"https:\/\/blog.fondation-ove.fr\/lovefood\/wp-json\/wp\/v2\/pages\/57\/revisions"}],"predecessor-version":[{"id":1048,"href":"https:\/\/blog.fondation-ove.fr\/lovefood\/wp-json\/wp\/v2\/pages\/57\/revisions\/1048"}],"up":[{"embeddable":true,"href":"https:\/\/blog.fondation-ove.fr\/lovefood\/wp-json\/wp\/v2\/pages\/31"}],"wp:attachment":[{"href":"https:\/\/blog.fondation-ove.fr\/lovefood\/wp-json\/wp\/v2\/media?parent=57"}],"curies":[{"name":"wp","href":"https:\/\/api.w.org\/{rel}","templated":true}]}}