{"id":49,"date":"2019-03-21T11:46:01","date_gmt":"2019-03-21T10:46:01","guid":{"rendered":"http:\/\/blog.fondation-ove.fr\/lovefood\/?page_id=49"},"modified":"2021-10-25T11:01:08","modified_gmt":"2021-10-25T09:01:08","slug":"articles-my-self-et-vous","status":"publish","type":"page","link":"https:\/\/blog.fondation-ove.fr\/lovefood\/nutrition\/articles-my-self-et-vous\/","title":{"rendered":"Articles My self et Vous"},"content":{"rendered":"<h1 style=\"text-align: center\">Les articles My self et vous :<\/h1>\n<ol>\n<li><a href=\"https:\/\/us16.campaign-archive.com\/?e=&amp;u=651aab325b4589e37bfd02a63&amp;id=97e75e2405\">Janvier 2018 :&nbsp; Paye ton d\u00e9veloppement durable et green smoothie<\/a><\/li>\n<li><a href=\"https:\/\/mailchi.mp\/53ec04f221bd\/commande-et-menu-semaine-246109\">Fevrier 2018 : chandeleur, mardi gras, st valentin, nouvel an chinois<\/a><\/li>\n<li><a href=\"https:\/\/mailchi.mp\/53ec04f221bd\/commande-et-menu-semaine-246109\">Mars 2018 : le printemps Smoothies et M\u00e9nage de printemps<\/a><\/li>\n<li><a href=\"https:\/\/mailchi.mp\/53ec04f221bd\/commande-et-menu-semaine-246109\">Avril 2018 : Questionnaire et l&#8217;hydratation<\/a><\/li>\n<li><a href=\"https:\/\/mailchi.mp\/bc3eb8641677\/commande-et-menu-semaine-309861\">Mai 2018 : mon restau responsable<\/a><\/li>\n<li><a href=\"https:\/\/us16.campaign-archive.com\/?u=651aab325b4589e37bfd02a63&amp;id=7df62f9c5c\">Juin 2018 : Barbecue<\/a><\/li>\n<li><a href=\"https:\/\/us16.campaign-archive.com\/?u=651aab325b4589e37bfd02a63&amp;id=1904357d3d\">Juillet &#8211; Aout 2018 : Glaces<\/a><\/li>\n<li><a href=\"https:\/\/us16.campaign-archive.com\/?u=651aab325b4589e37bfd02a63&amp;id=cc0fedbce6\">Septembre 2018 : D\u00e9chets verts et recette anti gaspi<\/a><\/li>\n<li><a href=\"https:\/\/us16.campaign-archive.com\/?u=651aab325b4589e37bfd02a63&amp;id=2ab27a52a1\">Octobre 2018 : La semaine du Go\u00fbt<\/a><\/li>\n<li><a href=\"https:\/\/us16.campaign-archive.com\/?u=651aab325b4589e37bfd02a63&amp;id=bf2fca93de\">Novembre 2018 : Soupes<\/a><\/li>\n<li><a href=\"https:\/\/us16.campaign-archive.com\/?u=651aab325b4589e37bfd02a63&amp;id=ece5aa85c7\">D\u00e9cembre 2018 : Fin d&#8217;ann\u00e9e<\/a><\/li>\n<li>zut une erreur de comptage&#8230;<\/li>\n<li><a href=\"https:\/\/us16.campaign-archive.com\/?u=651aab325b4589e37bfd02a63&amp;id=d80bf5bf19\">Janvier 2019 : Bonne ann\u00e9e et galette des rois<\/a><\/li>\n<li><a href=\"https:\/\/us16.campaign-archive.com\/?u=651aab325b4589e37bfd02a63&amp;id=84d47e95d8\">F\u00e9vrier 2019 : Nouvel an chinois<\/a><\/li>\n<li><a href=\"https:\/\/us16.campaign-archive.com\/?u=651aab325b4589e37bfd02a63&amp;id=ef35ca9db1\">Mars 2019 Eaux VE <\/a>: <a href=\"http:\/\/blog.fondation-ove.fr\/lovefood\/2019\/03\/27\/eaux-ve-le-bar-a-eaux\/\">pour en savoir plus&#8230;(voir l&#8217;article)<\/a><\/li>\n<li><a href=\"https:\/\/us16.campaign-archive.com\/?u=651aab325b4589e37bfd02a63&amp;id=47481dc3b7\">Avril 2019 ChocOVE<\/a><\/li>\n<li><a href=\"https:\/\/mailchi.mp\/730e166b8a3e\/commande-et-menu-semaine-493621\">Mai 2019 : La semaine europ\u00e9enne du d\u00e9veloppement durable<\/a><\/li>\n<li><a href=\"https:\/\/mailchi.mp\/1ab0a8fd19b1\/commande-et-menu-semaine-512525\">Juin 2019 : #Paye ton jus de fruits<\/a><\/li>\n<li><a href=\"https:\/\/mailchi.mp\/1b60483e89a9\/commande-et-menu-semaine-522557\">Septembre 2019 : Prendre le temps de manger<\/a><\/li>\n<li><a href=\"https:\/\/mailchi.mp\/6ed509d90ea1\/commande-et-menu-semaine-554081\">Octobre 2019 : Semaine du go\u00fbt<\/a><\/li>\n<li><a href=\"https:\/\/mailchi.mp\/6cb49c68d523\/commande-et-menu-semaine-1152881\">Novembre 2019 : PNNS<\/a><\/li>\n<li><a href=\"https:\/\/mailchi.mp\/11449e0329ef\/commande-et-menu-semaine-1212489\">D\u00e9cembre 2019 : repas \u00e9quilibr\u00e9s et repas de fin d&#8217;ann\u00e9e<\/a><\/li>\n<li><a href=\"https:\/\/mailchi.mp\/5c8e2aa4dfbb\/commande-et-menu-semaine-1249385\">Janvier 2020 : Bonne ann\u00e9e et galette des rois<\/a><\/li>\n<li><a href=\"https:\/\/mailchi.mp\/b7489efbe0be\/commande-et-menu-semaine-1289325\">F\u00e9vrier 2020 : Le fromage<\/a><\/li>\n<li><a href=\"https:\/\/mailchi.mp\/ed9c72162b43\/commande-et-menu-semaine-1342437\">Mars 2020 : d\u00e9fi antigaspi (annuler cause COVID)<\/a><\/li>\n<li><a href=\"https:\/\/mailchi.mp\/bad06436db23\/commande-et-menu-semaine-5489077\">Octobre 2020 : Bar \u00e0 soupe et halloween<\/a><\/li>\n<li><a href=\"https:\/\/us16.campaign-archive.com\/?u=651aab325b4589e37bfd02a63&amp;id=5408f19454\">Septembre 2021 : (Youpi nous revoil\u00e0) Semaine du d\u00e9veloppement durable<\/a><\/li>\n<li><a href=\"https:\/\/mailchi.mp\/68e3bba50a7a\/commande-et-menu-semaine-6522209\">Octobre 2021 : 32\u00e8me semaine du go\u00fbt<\/a><\/li>\n<li>Novembre 2021 : des soupes et BBC<\/li>\n<\/ol>\n<p>&nbsp;<\/p>\n<p>Pour vous inscrire \u00e0 la news de My self, <a href=\"https:\/\/fondation-ove.us16.list-manage.com\/subscribe?u=651aab325b4589e37bfd02a63&amp;id=5b6f4ce010\">cliquez ici<\/a><\/p>\n<p>&nbsp;<\/p>\n","protected":false},"excerpt":{"rendered":"<p>Les articles My self et vous : Janvier 2018 :&nbsp; Paye ton d\u00e9veloppement durable et green smoothie Fevrier 2018 : chandeleur, mardi gras, st valentin, nouvel an chinois Mars 2018 : le printemps Smoothies et M\u00e9nage de printemps Avril 2018 : Questionnaire et l&#8217;hydratation Mai 2018 : mon restau responsable Juin 2018 : Barbecue Juillet&hellip; <\/p>\n<p class=\"toivo-read-more\"><a href=\"https:\/\/blog.fondation-ove.fr\/lovefood\/nutrition\/articles-my-self-et-vous\/\" class=\"more-link\">Lire la suite <span class=\"screen-reader-text\">Articles My self et Vous<\/span><\/a><\/p>\n","protected":false},"author":463,"featured_media":0,"parent":27,"menu_order":0,"comment_status":"closed","ping_status":"closed","template":"","meta":{"_exactmetrics_skip_tracking":false,"_exactmetrics_sitenote_active":false,"_exactmetrics_sitenote_note":"","_exactmetrics_sitenote_category":0,"ngg_post_thumbnail":0,"footnotes":""},"class_list":{"0":"post-49","1":"page","2":"type-page","3":"status-publish","5":"entry"},"_links":{"self":[{"href":"https:\/\/blog.fondation-ove.fr\/lovefood\/wp-json\/wp\/v2\/pages\/49","targetHints":{"allow":["GET"]}}],"collection":[{"href":"https:\/\/blog.fondation-ove.fr\/lovefood\/wp-json\/wp\/v2\/pages"}],"about":[{"href":"https:\/\/blog.fondation-ove.fr\/lovefood\/wp-json\/wp\/v2\/types\/page"}],"author":[{"embeddable":true,"href":"https:\/\/blog.fondation-ove.fr\/lovefood\/wp-json\/wp\/v2\/users\/463"}],"replies":[{"embeddable":true,"href":"https:\/\/blog.fondation-ove.fr\/lovefood\/wp-json\/wp\/v2\/comments?post=49"}],"version-history":[{"count":8,"href":"https:\/\/blog.fondation-ove.fr\/lovefood\/wp-json\/wp\/v2\/pages\/49\/revisions"}],"predecessor-version":[{"id":728,"href":"https:\/\/blog.fondation-ove.fr\/lovefood\/wp-json\/wp\/v2\/pages\/49\/revisions\/728"}],"up":[{"embeddable":true,"href":"https:\/\/blog.fondation-ove.fr\/lovefood\/wp-json\/wp\/v2\/pages\/27"}],"wp:attachment":[{"href":"https:\/\/blog.fondation-ove.fr\/lovefood\/wp-json\/wp\/v2\/media?parent=49"}],"curies":[{"name":"wp","href":"https:\/\/api.w.org\/{rel}","templated":true}]}}