{"id":31,"date":"2019-03-21T11:39:21","date_gmt":"2019-03-21T10:39:21","guid":{"rendered":"http:\/\/blog.fondation-ove.fr\/lovefood\/?page_id=31"},"modified":"2023-10-11T07:44:01","modified_gmt":"2023-10-11T05:44:01","slug":"dans-mon-assiette","status":"publish","type":"page","link":"https:\/\/blog.fondation-ove.fr\/lovefood\/dans-mon-assiette\/","title":{"rendered":"Dans Mon Assiette"},"content":{"rendered":"\n<blockquote class=\"wp-block-quote is-layout-flow wp-block-quote-is-layout-flow\">\n<figure class=\"wp-block-pullquote has-border-color has-vivid-red-color has-text-color has-medium-font-size\" style=\"border-color:#cf2e2e;border-width:13px;border-radius:36px\"><blockquote><p>Nous devons changer de serveur, l&#8217;acc\u00e8s au jeu va \u00eatre modifier, nous revenons vers vous rapidement par mail, pour vous inviter \u00e0 vous reconnecter<\/p><cite>l&#8217;\u00e9quipe du jeu dans mon assiette<\/cite><\/blockquote><\/figure>\n<\/blockquote>\n\n\n<p>Le jeu s\u00e9rieux sur l&#8217;alimentation et la nutrition<\/p>\n<p>&nbsp;<\/p>\n<p>La Vid\u00e9o du jeu s\u00e9rieux :<\/p>\n\n\n<figure class=\"wp-block-image size-large\"><a href=\"https:\/\/web.microsoftstream.com\/video\/5aebea47-b5c4-47f8-af7d-713755758205\" target=\"_blank\" rel=\"noopener\"><img loading=\"lazy\" decoding=\"async\" width=\"1200\" height=\"675\" src=\"https:\/\/blog.fondation-ove.fr\/lovefood\/wp-content\/uploads\/sites\/65\/2022\/10\/Vert-et-Citron-Vert-Nourriture-Centre-Nourriture-YouTube-Vignette-1200x675.png\" alt=\"\" class=\"wp-image-850\" srcset=\"https:\/\/blog.fondation-ove.fr\/lovefood\/wp-content\/uploads\/sites\/65\/2022\/10\/Vert-et-Citron-Vert-Nourriture-Centre-Nourriture-YouTube-Vignette-1200x675.png 1200w, https:\/\/blog.fondation-ove.fr\/lovefood\/wp-content\/uploads\/sites\/65\/2022\/10\/Vert-et-Citron-Vert-Nourriture-Centre-Nourriture-YouTube-Vignette-850x478.png 850w, https:\/\/blog.fondation-ove.fr\/lovefood\/wp-content\/uploads\/sites\/65\/2022\/10\/Vert-et-Citron-Vert-Nourriture-Centre-Nourriture-YouTube-Vignette-250x141.png 250w, https:\/\/blog.fondation-ove.fr\/lovefood\/wp-content\/uploads\/sites\/65\/2022\/10\/Vert-et-Citron-Vert-Nourriture-Centre-Nourriture-YouTube-Vignette-768x432.png 768w, https:\/\/blog.fondation-ove.fr\/lovefood\/wp-content\/uploads\/sites\/65\/2022\/10\/Vert-et-Citron-Vert-Nourriture-Centre-Nourriture-YouTube-Vignette-1260x709.png 1260w, https:\/\/blog.fondation-ove.fr\/lovefood\/wp-content\/uploads\/sites\/65\/2022\/10\/Vert-et-Citron-Vert-Nourriture-Centre-Nourriture-YouTube-Vignette.png 1280w\" sizes=\"auto, (max-width: 1200px) 100vw, 1200px\" \/><\/a><\/figure>\n","protected":false},"excerpt":{"rendered":"<p>Nous devons changer de serveur, l&#8217;acc\u00e8s au jeu va \u00eatre modifier, nous revenons vers vous rapidement par mail, pour vous inviter \u00e0 vous reconnecter l&#8217;\u00e9quipe du jeu dans mon assiette Le jeu s\u00e9rieux sur l&#8217;alimentation et la nutrition &nbsp; La Vid\u00e9o du jeu s\u00e9rieux :<\/p>\n","protected":false},"author":463,"featured_media":0,"parent":0,"menu_order":0,"comment_status":"closed","ping_status":"closed","template":"","meta":{"_exactmetrics_skip_tracking":false,"_exactmetrics_sitenote_active":false,"_exactmetrics_sitenote_note":"","_exactmetrics_sitenote_category":0,"ngg_post_thumbnail":0,"footnotes":""},"class_list":{"0":"post-31","1":"page","2":"type-page","3":"status-publish","5":"entry"},"_links":{"self":[{"href":"https:\/\/blog.fondation-ove.fr\/lovefood\/wp-json\/wp\/v2\/pages\/31","targetHints":{"allow":["GET"]}}],"collection":[{"href":"https:\/\/blog.fondation-ove.fr\/lovefood\/wp-json\/wp\/v2\/pages"}],"about":[{"href":"https:\/\/blog.fondation-ove.fr\/lovefood\/wp-json\/wp\/v2\/types\/page"}],"author":[{"embeddable":true,"href":"https:\/\/blog.fondation-ove.fr\/lovefood\/wp-json\/wp\/v2\/users\/463"}],"replies":[{"embeddable":true,"href":"https:\/\/blog.fondation-ove.fr\/lovefood\/wp-json\/wp\/v2\/comments?post=31"}],"version-history":[{"count":10,"href":"https:\/\/blog.fondation-ove.fr\/lovefood\/wp-json\/wp\/v2\/pages\/31\/revisions"}],"predecessor-version":[{"id":1047,"href":"https:\/\/blog.fondation-ove.fr\/lovefood\/wp-json\/wp\/v2\/pages\/31\/revisions\/1047"}],"wp:attachment":[{"href":"https:\/\/blog.fondation-ove.fr\/lovefood\/wp-json\/wp\/v2\/media?parent=31"}],"curies":[{"name":"wp","href":"https:\/\/api.w.org\/{rel}","templated":true}]}}