{"id":2,"date":"2024-01-22T17:29:35","date_gmt":"2024-01-22T16:29:35","guid":{"rendered":"https:\/\/blog.fondation-ove.fr\/journal-le-chat-sauvage\/?page_id=2"},"modified":"2024-09-20T12:26:08","modified_gmt":"2024-09-20T10:26:08","slug":"page-d-exemple","status":"publish","type":"page","link":"https:\/\/blog.fondation-ove.fr\/journal-le-chat-sauvage\/page-d-exemple\/","title":{"rendered":"\u00c0 propos"},"content":{"rendered":"\n<p><em>Le Chat sauvage<\/em> est un journal dont le contenu a \u00e9t\u00e9 \u00e9labor\u00e9 par les travailleur\u00b7ses au sein de l&rsquo;\u00c9SAT de Faverges, \u00e9tablissement de la <a href=\"https:\/\/www.fondation-ove.fr\/\" data-type=\"link\" data-id=\"https:\/\/www.fondation-ove.fr\/\">Fondation OVE<\/a>, dans le cadre d&rsquo;ateliers anim\u00e9s par une artiste-graveuse (<a href=\"https:\/\/ateliermillelieues.org\/\" data-type=\"link\" data-id=\"https:\/\/ateliermillelieues.org\/\">Diane \u00c9tienne, de l&rsquo;Atelier Mille lieues<\/a>) et une autrice-journaliste (<a href=\"https:\/\/zortie.net\/\" data-type=\"link\" data-id=\"https:\/\/zortie.net\/\">Julia Burtin Zortea<\/a>) entre septembre 2023 et mars 2024.<\/p>\n\n\n\n<p>Journal g\u00e9n\u00e9raliste, <em>Le Chat sauvage<\/em> parle du monde \u00e0 partir des questionnements et des int\u00e9r\u00eats des travailleur\u00b7ses : on y aborde des questions sociales (l&rsquo;histoire des luttes des personnes handicap\u00e9es) et des questions environnementales (la fin des stations de ski) ; on y d\u00e9couvre des acteurs locaux (un brasseur de bi\u00e8re qui nous en explique la fabrication) ; on y explore le paysage alentours ; on s&rsquo;y int\u00e9resse \u00e0 l&rsquo;univers du fanzine ; on y d\u00e9couvre des s\u00e9ries t\u00e9l\u00e9 ; on y lit son horoscope&#8230;<\/p>\n\n\n\n<p>Ce blog revient sur la fabrication du <em>Chat sauvage<\/em>. On y d\u00e9couvre le processus de r\u00e9alisation d&rsquo;une publication imprim\u00e9e, \u00e9tape par \u00e9tape, en s&rsquo;attardant sur les diff\u00e9rents ateliers qui ont encourag\u00e9 l&rsquo;expression des participant\u00b7es et le travail collectif : gravure, collage, impression typographique, initiation \u00e0 l&rsquo;entretien, ateliers d&rsquo;\u00e9criture et d&rsquo;expression, d\u00e9cryptage de l&rsquo;actualit\u00e9, etc. Ce blog commence un an avant le d\u00e9marrage du journal, pour ancrer le processus dans ses questionnements initiaux, et s&rsquo;ach\u00e8ve en juin 2024, par l&rsquo;inauguration-exposition du journal \u00e0 la m\u00e9diath\u00e8que de Faverges.<\/p>\n\n\n\n<p>Dans son ensemble, ce projet vise \u00e0 transmettre des outils d\u2019\u00e9ducation aux m\u00e9dias et \u00e0 l\u2019information, ainsi que de r\u00e9alisation de contenus journalistiques et narratifs vari\u00e9s (textes et images). Il s\u2019inscrit dans l\u2019histoire longue des m\u00e9dias &#8211; journaux, bulletins, fanzines ou \u00e9missions radiophoniques &#8211; r\u00e9alis\u00e9s au sein d\u2019\u00e9tablissements m\u00e9dicaux-sociaux. Il s\u2019appuie sur deux postulats : les personnes les plus \u00e0 m\u00eame de nous renseigner sur leur vie (leur quotidien, leurs questionnements, leurs d\u00e9sirs ou leurs insatisfactions) sont celles qui les vivent, quels que soient leurs modes d\u2019expression ; les propos et les conditions de vie des personnes mises \u00e0 la marge concernent tout le monde et doivent rejoindre le c\u0153ur de la page.<\/p>\n\n\n\n<p><strong>Pour plus d&rsquo;informations sur le projet<\/strong> : culture@fondation-ove.fr <\/p>\n\n\n\n<p><em>Avec le soutien de la Fondation OVE, du <a href=\"https:\/\/www.interstices-auvergnerhonealpes.fr\/le-programme-regional\/demarche-historique\" data-type=\"link\" data-id=\"https:\/\/www.interstices-auvergnerhonealpes.fr\/le-programme-regional\/demarche-historique\">programme r\u00e9gional Culture et Sant\u00e9<\/a> et du <a href=\"https:\/\/hautesavoie.fr\/subvention\/culture-et-handicap\/\">dispositif Culture et Handicap du Conseil d\u00e9partemental de Haute-Savoie<\/a>.<\/em><\/p>\n","protected":false},"excerpt":{"rendered":"<p>Le Chat sauvage est un journal dont le contenu a \u00e9t\u00e9 \u00e9labor\u00e9 par les travailleur\u00b7ses au sein de l&rsquo;\u00c9SAT de Faverges, \u00e9tablissement de la Fondation OVE, dans le cadre d&rsquo;ateliers anim\u00e9s par une artiste-graveuse (Diane \u00c9tienne, de l&rsquo;Atelier Mille lieues) et une autrice-journaliste (Julia Burtin Zortea) entre septembre 2023 et&hellip; <\/p>\n","protected":false},"author":341,"featured_media":0,"parent":0,"menu_order":0,"comment_status":"closed","ping_status":"open","template":"","meta":{"footnotes":""},"class_list":["post-2","page","type-page","status-publish","hentry"],"_links":{"self":[{"href":"https:\/\/blog.fondation-ove.fr\/journal-le-chat-sauvage\/wp-json\/wp\/v2\/pages\/2","targetHints":{"allow":["GET"]}}],"collection":[{"href":"https:\/\/blog.fondation-ove.fr\/journal-le-chat-sauvage\/wp-json\/wp\/v2\/pages"}],"about":[{"href":"https:\/\/blog.fondation-ove.fr\/journal-le-chat-sauvage\/wp-json\/wp\/v2\/types\/page"}],"author":[{"embeddable":true,"href":"https:\/\/blog.fondation-ove.fr\/journal-le-chat-sauvage\/wp-json\/wp\/v2\/users\/341"}],"replies":[{"embeddable":true,"href":"https:\/\/blog.fondation-ove.fr\/journal-le-chat-sauvage\/wp-json\/wp\/v2\/comments?post=2"}],"version-history":[{"count":20,"href":"https:\/\/blog.fondation-ove.fr\/journal-le-chat-sauvage\/wp-json\/wp\/v2\/pages\/2\/revisions"}],"predecessor-version":[{"id":808,"href":"https:\/\/blog.fondation-ove.fr\/journal-le-chat-sauvage\/wp-json\/wp\/v2\/pages\/2\/revisions\/808"}],"wp:attachment":[{"href":"https:\/\/blog.fondation-ove.fr\/journal-le-chat-sauvage\/wp-json\/wp\/v2\/media?parent=2"}],"curies":[{"name":"wp","href":"https:\/\/api.w.org\/{rel}","templated":true}]}}