{"id":3644,"date":"2022-09-30T08:23:15","date_gmt":"2022-09-30T06:23:15","guid":{"rendered":"https:\/\/blog.fondation-ove.fr\/imeyvesfarge\/?page_id=3644"},"modified":"2022-09-30T09:30:04","modified_gmt":"2022-09-30T07:30:04","slug":"le-dime-service-y-farge","status":"publish","type":"page","link":"https:\/\/blog.fondation-ove.fr\/imeyvesfarge\/le-dime-service-y-farge\/","title":{"rendered":"Le DiME Service Y. FARGE"},"content":{"rendered":"\n<h1 class=\"wp-block-heading\"><\/h1>\n\n\n\n<h1 class=\"wp-block-heading\">Qu\u2019est-ce que le DiME Service Y. FARGE ?<\/h1>\n\n\n\n<p>Le DiME Service Y. FARGE est un service accueillant des jeunes de 3 \u00e0 20 ans scolaris\u00e9s (pour la plupart en ULIS) avec un agr\u00e9ment de 42 places. Ce sont des jeunes pr\u00e9sentant une d\u00e9ficience intellectuelle avec des troubles du d\u00e9veloppement intellectuel ainsi que des troubles du psychisme, du comportement et de la communication.<\/p>\n\n\n\n<p>Le DiME Service Y. FARGE est compos\u00e9 d\u2019une \u00e9quipe mobile pluridisciplinaire, \u00e0 savoir deux \u00e9ducateurs sp\u00e9cialis\u00e9s, deux moniteurs \u00e9ducateurs, une psychomotricienne, une neuropsychologue et une psychologue.<\/p>\n\n\n\n<p>Leur mission premi\u00e8re est d\u2019identifier les difficult\u00e9s du jeune et apporter une r\u00e9ponse adapt\u00e9e \u00e0 leurs besoins, notamment pr\u00e9parer une admission \u00e9ventuelle en \u00e9tablissement sp\u00e9cialis\u00e9.<\/p>\n\n\n\n<p>A travers les accompagnements, l\u2019\u00e9quipe a pour but de favoriser l\u2019\u00e9panouissement du jeune en participant au d\u00e9veloppement de son autonomie et de son int\u00e9gration sociale, scolaire et professionnelle ; ceci, bien s\u00fbr, en partenariat avec leur famille et les structures concern\u00e9es.<\/p>\n\n\n\n<p><\/p>\n","protected":false},"excerpt":{"rendered":"<p>Qu\u2019est-ce que le DiME Service Y. FARGE ? Le DiME Service Y. FARGE est un service accueillant des jeunes de 3 \u00e0 20 ans scolaris\u00e9s (pour la plupart en ULIS) avec un agr\u00e9ment de 42 places. Ce sont des jeunes pr\u00e9sentant une d\u00e9ficience intellectuelle avec des troubles du d\u00e9veloppement intellectuel ainsi que des troubles du&hellip; <\/p>\n<p class=\"toivo-read-more\"><a href=\"https:\/\/blog.fondation-ove.fr\/imeyvesfarge\/le-dime-service-y-farge\/\" class=\"more-link\">Lire la suite <span class=\"screen-reader-text\">Le DiME Service Y. FARGE<\/span><\/a><\/p>\n","protected":false},"author":512,"featured_media":0,"parent":0,"menu_order":0,"comment_status":"closed","ping_status":"closed","template":"","meta":{"ngg_post_thumbnail":0,"footnotes":""},"class_list":{"0":"post-3644","1":"page","2":"type-page","3":"status-publish","5":"entry"},"_links":{"self":[{"href":"https:\/\/blog.fondation-ove.fr\/imeyvesfarge\/wp-json\/wp\/v2\/pages\/3644","targetHints":{"allow":["GET"]}}],"collection":[{"href":"https:\/\/blog.fondation-ove.fr\/imeyvesfarge\/wp-json\/wp\/v2\/pages"}],"about":[{"href":"https:\/\/blog.fondation-ove.fr\/imeyvesfarge\/wp-json\/wp\/v2\/types\/page"}],"author":[{"embeddable":true,"href":"https:\/\/blog.fondation-ove.fr\/imeyvesfarge\/wp-json\/wp\/v2\/users\/512"}],"replies":[{"embeddable":true,"href":"https:\/\/blog.fondation-ove.fr\/imeyvesfarge\/wp-json\/wp\/v2\/comments?post=3644"}],"version-history":[{"count":7,"href":"https:\/\/blog.fondation-ove.fr\/imeyvesfarge\/wp-json\/wp\/v2\/pages\/3644\/revisions"}],"predecessor-version":[{"id":3660,"href":"https:\/\/blog.fondation-ove.fr\/imeyvesfarge\/wp-json\/wp\/v2\/pages\/3644\/revisions\/3660"}],"wp:attachment":[{"href":"https:\/\/blog.fondation-ove.fr\/imeyvesfarge\/wp-json\/wp\/v2\/media?parent=3644"}],"curies":[{"name":"wp","href":"https:\/\/api.w.org\/{rel}","templated":true}]}}