{"id":2770,"date":"2021-06-01T09:20:15","date_gmt":"2021-06-01T07:20:15","guid":{"rendered":"https:\/\/blog.fondation-ove.fr\/imeyvesfarge\/?page_id=2770"},"modified":"2021-06-01T09:51:45","modified_gmt":"2021-06-01T07:51:45","slug":"guide-preparatoire-a-la-sortie","status":"publish","type":"page","link":"https:\/\/blog.fondation-ove.fr\/imeyvesfarge\/guide-preparatoire-a-la-sortie\/","title":{"rendered":"Guide Pr\u00e9paratoire \u00e0 la Sortie"},"content":{"rendered":"\n<figure class=\"wp-block-pullquote is-style-solid-color\"><blockquote><p><strong>Reprise des soir\u00e9es GPS \u00e0 l&#8217;IME Yves FARGE !!<\/strong><\/p><\/blockquote><\/figure>\n\n\n\n<p>Enfin, nous pouvons r\u00e9organiser (dans le cadre strict des mesures sanitaires, bien s\u00fbr !) les soir\u00e9es d&#8217;information pour les usagers de plus de 18 ans, leurs familles et accompagnants.<\/p>\n\n\n\n<p>Ces soir\u00e9es GPS permettent chaque ann\u00e9e d&#8217;aborder la question de l&#8217;orientation apr\u00e8s l&#8217;IME mais aussi de toutes les interrogations autour du passage des 18 ans et des droits, devoirs et lieux ressources pour ces jeunes majeurs.<\/p>\n\n\n\n<p>Dans le cadre de ce travail d&#8217;orientation entre 18 et 20 ans et en vu du d\u00e9part des b\u00e9n\u00e9ficiaires vers des structures &#8220;adultes&#8221;, un document est mis \u00e0 jour chaque ann\u00e9e par l&#8217;Assistante Sociale et le Charg\u00e9 d&#8217;Insertion Professionnelle de l&#8217;\u00e9tablissement et individualis\u00e9 pour chaque usager selon les pr\u00e9conisations d&#8217;orientation et leur lieu d&#8217;habitation sur le D\u00e9partement.<\/p>\n\n\n\n<figure class=\"wp-block-image size-large\"><a href=\"http:\/\/blog.fondation-ove.fr\/imeyvesfarge\/wp-content\/uploads\/sites\/13\/2021\/06\/GPS-blog.jpg\"><img fetchpriority=\"high\" decoding=\"async\" width=\"768\" height=\"1024\" src=\"http:\/\/blog.fondation-ove.fr\/imeyvesfarge\/wp-content\/uploads\/sites\/13\/2021\/06\/GPS-blog-768x1024.jpg\" alt=\"\" class=\"wp-image-2777\" srcset=\"https:\/\/blog.fondation-ove.fr\/imeyvesfarge\/wp-content\/uploads\/sites\/13\/2021\/06\/GPS-blog-768x1023.jpg 768w, https:\/\/blog.fondation-ove.fr\/imeyvesfarge\/wp-content\/uploads\/sites\/13\/2021\/06\/GPS-blog-225x300.jpg 225w, https:\/\/blog.fondation-ove.fr\/imeyvesfarge\/wp-content\/uploads\/sites\/13\/2021\/06\/GPS-blog.jpg 794w\" sizes=\"(max-width: 768px) 100vw, 768px\" \/><\/a><\/figure>\n\n\n\n<p><\/p>\n","protected":false},"excerpt":{"rendered":"<p>Reprise des soir\u00e9es GPS \u00e0 l&#8217;IME Yves FARGE !! Enfin, nous pouvons r\u00e9organiser (dans le cadre strict des mesures sanitaires, bien s\u00fbr !) les soir\u00e9es d&#8217;information pour les usagers de plus de 18 ans, leurs familles et accompagnants. Ces soir\u00e9es GPS permettent chaque ann\u00e9e d&#8217;aborder la question de l&#8217;orientation apr\u00e8s l&#8217;IME mais aussi de toutes&hellip; <\/p>\n<p class=\"toivo-read-more\"><a href=\"https:\/\/blog.fondation-ove.fr\/imeyvesfarge\/guide-preparatoire-a-la-sortie\/\" class=\"more-link\">Lire la suite <span class=\"screen-reader-text\">Guide Pr\u00e9paratoire \u00e0 la Sortie<\/span><\/a><\/p>\n","protected":false},"author":546,"featured_media":0,"parent":0,"menu_order":0,"comment_status":"closed","ping_status":"closed","template":"","meta":{"ngg_post_thumbnail":0,"footnotes":""},"class_list":{"0":"post-2770","1":"page","2":"type-page","3":"status-publish","5":"entry"},"_links":{"self":[{"href":"https:\/\/blog.fondation-ove.fr\/imeyvesfarge\/wp-json\/wp\/v2\/pages\/2770","targetHints":{"allow":["GET"]}}],"collection":[{"href":"https:\/\/blog.fondation-ove.fr\/imeyvesfarge\/wp-json\/wp\/v2\/pages"}],"about":[{"href":"https:\/\/blog.fondation-ove.fr\/imeyvesfarge\/wp-json\/wp\/v2\/types\/page"}],"author":[{"embeddable":true,"href":"https:\/\/blog.fondation-ove.fr\/imeyvesfarge\/wp-json\/wp\/v2\/users\/546"}],"replies":[{"embeddable":true,"href":"https:\/\/blog.fondation-ove.fr\/imeyvesfarge\/wp-json\/wp\/v2\/comments?post=2770"}],"version-history":[{"count":4,"href":"https:\/\/blog.fondation-ove.fr\/imeyvesfarge\/wp-json\/wp\/v2\/pages\/2770\/revisions"}],"predecessor-version":[{"id":2778,"href":"https:\/\/blog.fondation-ove.fr\/imeyvesfarge\/wp-json\/wp\/v2\/pages\/2770\/revisions\/2778"}],"wp:attachment":[{"href":"https:\/\/blog.fondation-ove.fr\/imeyvesfarge\/wp-json\/wp\/v2\/media?parent=2770"}],"curies":[{"name":"wp","href":"https:\/\/api.w.org\/{rel}","templated":true}]}}