{"id":2486,"date":"2021-03-31T02:37:07","date_gmt":"2021-03-31T01:37:07","guid":{"rendered":"https:\/\/blog.fondation-ove.fr\/imeyvesfarge\/?page_id=2486"},"modified":"2023-11-23T11:59:00","modified_gmt":"2023-11-23T10:59:00","slug":"partenariat","status":"publish","type":"page","link":"https:\/\/blog.fondation-ove.fr\/imeyvesfarge\/partenariat\/","title":{"rendered":"Nos partenaires"},"content":{"rendered":"\n<p>De nombreux partenariats conventionn\u00e9s avec diff\u00e9rents sites (entreprises priv\u00e9es, associations de l\u2019ESS, Police Nationale de Vaulx-en-Velin, etc&#8230;) permettent de r\u00e9aliser les projets de compensation dans un environnement ordinaire de travail.<\/p>\n\n\n<a href=\"https:\/\/blog.fondation-ove.fr\/imeyvesfarge\/wp-content\/uploads\/sites\/13\/2023\/11\/Partenariats-FINAL.pdf\" class=\"pdfemb-viewer\" style=\"\" data-width=\"max\" data-height=\"max\" data-toolbar=\"bottom\" data-toolbar-fixed=\"off\">Partenariats-FINAL<\/a>\n<p class=\"wp-block-pdfemb-pdf-embedder-viewer\"><\/p>\n","protected":false},"excerpt":{"rendered":"<p>De nombreux partenariats conventionn\u00e9s avec diff\u00e9rents sites (entreprises priv\u00e9es, associations de l\u2019ESS, Police Nationale de Vaulx-en-Velin, etc&#8230;) permettent de r\u00e9aliser les projets de compensation dans un environnement ordinaire de travail.<\/p>\n","protected":false},"author":512,"featured_media":0,"parent":0,"menu_order":0,"comment_status":"closed","ping_status":"closed","template":"","meta":{"ngg_post_thumbnail":0,"footnotes":""},"class_list":{"0":"post-2486","1":"page","2":"type-page","3":"status-publish","5":"entry"},"_links":{"self":[{"href":"https:\/\/blog.fondation-ove.fr\/imeyvesfarge\/wp-json\/wp\/v2\/pages\/2486","targetHints":{"allow":["GET"]}}],"collection":[{"href":"https:\/\/blog.fondation-ove.fr\/imeyvesfarge\/wp-json\/wp\/v2\/pages"}],"about":[{"href":"https:\/\/blog.fondation-ove.fr\/imeyvesfarge\/wp-json\/wp\/v2\/types\/page"}],"author":[{"embeddable":true,"href":"https:\/\/blog.fondation-ove.fr\/imeyvesfarge\/wp-json\/wp\/v2\/users\/512"}],"replies":[{"embeddable":true,"href":"https:\/\/blog.fondation-ove.fr\/imeyvesfarge\/wp-json\/wp\/v2\/comments?post=2486"}],"version-history":[{"count":27,"href":"https:\/\/blog.fondation-ove.fr\/imeyvesfarge\/wp-json\/wp\/v2\/pages\/2486\/revisions"}],"predecessor-version":[{"id":4515,"href":"https:\/\/blog.fondation-ove.fr\/imeyvesfarge\/wp-json\/wp\/v2\/pages\/2486\/revisions\/4515"}],"wp:attachment":[{"href":"https:\/\/blog.fondation-ove.fr\/imeyvesfarge\/wp-json\/wp\/v2\/media?parent=2486"}],"curies":[{"name":"wp","href":"https:\/\/api.w.org\/{rel}","templated":true}]}}