{"id":2420,"date":"2021-03-29T13:55:14","date_gmt":"2021-03-29T12:55:14","guid":{"rendered":"https:\/\/blog.fondation-ove.fr\/imeyvesfarge\/?page_id=2420"},"modified":"2021-04-02T18:54:06","modified_gmt":"2021-04-02T16:54:06","slug":"cycle-accueil-2","status":"publish","type":"page","link":"https:\/\/blog.fondation-ove.fr\/imeyvesfarge\/cycle-accueil-2\/","title":{"rendered":"Cycle Accueil"},"content":{"rendered":"\n<h2 class=\"wp-block-heading\">DECOUVERTE &#8211; SOUTIEN &#8211; ECHANGES<\/h2>\n\n\n\n<p><strong><em>12\/14 ANS<\/em><\/strong><\/p>\n\n\n\n<p><br>Le cycle Accueil est con\u00e7u comme un terrain d&#8217;aventures et de d\u00e9couvertes. L&#8217;accent est mis sur : Apprendre \u00e0 vivre ensemble.<\/p>\n\n\n\n<p>L&#8217;objectif du cycle Accueil est de permettre \u00e0 chaque jeune usager de s&#8217;int\u00e9grer, s&#8217;\u00e9panouir, d\u00e9velopper ses qualit\u00e9s et de se construire au sein de l&#8217;IME dans des valeurs communes \u00e0 tous : respect de soi, des autres, des espaces de vie et des objets.<\/p>\n\n\n\n<p>Chacun devra apprendre \u00e0 conna\u00eetre un nouveau lieu, de nouveaux rep\u00e8res, \u00e0 se conna\u00eetre, \u00e0 reconna\u00eetre l&#8217;autre, \u00e0 vivre avec l&#8217;autre dans les temps d&#8217;accompagnement multiples.<\/p>\n\n\n\n<p>En ce d\u00e9but de parcours au sein de ce cycle, chaque jeune va exp\u00e9rimenter, d\u00e9couvrir, vivre des temps o\u00f9 apprentissages scolaires et activit\u00e9s \u00e9ducatives seront les principales articulations des emplois du temps fournis.<br><\/p>\n\n\n\n<p>Parall\u00e8lement, des temps de loisirs, sportifs, ludiques sont organis\u00e9s ainsi que des accompagnements \u00e0 vis\u00e9e d\u2019autonomie et de socialisation.<\/p>\n\n\n\n<div class=\"wp-block-buttons is-layout-flex wp-block-buttons-is-layout-flex\">\n<div class=\"wp-block-button\"><a class=\"wp-block-button__link\" href=\"https:\/\/blog.fondation-ove.fr\/imeyvesfarge\/category\/cycle-accueil\/\" target=\"_blank\" rel=\"noreferrer noopener\">Articles et Photos&#8230;<\/a><\/div>\n<\/div>\n","protected":false},"excerpt":{"rendered":"<p>DECOUVERTE &#8211; SOUTIEN &#8211; ECHANGES 12\/14 ANS Le cycle Accueil est con\u00e7u comme un terrain d&#8217;aventures et de d\u00e9couvertes. L&#8217;accent est mis sur : Apprendre \u00e0 vivre ensemble. L&#8217;objectif du cycle Accueil est de permettre \u00e0 chaque jeune usager de s&#8217;int\u00e9grer, s&#8217;\u00e9panouir, d\u00e9velopper ses qualit\u00e9s et de se construire au sein de l&#8217;IME dans des&hellip; <\/p>\n<p class=\"toivo-read-more\"><a href=\"https:\/\/blog.fondation-ove.fr\/imeyvesfarge\/cycle-accueil-2\/\" class=\"more-link\">Lire la suite <span class=\"screen-reader-text\">Cycle Accueil<\/span><\/a><\/p>\n","protected":false},"author":546,"featured_media":0,"parent":0,"menu_order":0,"comment_status":"closed","ping_status":"closed","template":"","meta":{"ngg_post_thumbnail":0,"footnotes":""},"class_list":{"0":"post-2420","1":"page","2":"type-page","3":"status-publish","5":"entry"},"_links":{"self":[{"href":"https:\/\/blog.fondation-ove.fr\/imeyvesfarge\/wp-json\/wp\/v2\/pages\/2420","targetHints":{"allow":["GET"]}}],"collection":[{"href":"https:\/\/blog.fondation-ove.fr\/imeyvesfarge\/wp-json\/wp\/v2\/pages"}],"about":[{"href":"https:\/\/blog.fondation-ove.fr\/imeyvesfarge\/wp-json\/wp\/v2\/types\/page"}],"author":[{"embeddable":true,"href":"https:\/\/blog.fondation-ove.fr\/imeyvesfarge\/wp-json\/wp\/v2\/users\/546"}],"replies":[{"embeddable":true,"href":"https:\/\/blog.fondation-ove.fr\/imeyvesfarge\/wp-json\/wp\/v2\/comments?post=2420"}],"version-history":[{"count":7,"href":"https:\/\/blog.fondation-ove.fr\/imeyvesfarge\/wp-json\/wp\/v2\/pages\/2420\/revisions"}],"predecessor-version":[{"id":2604,"href":"https:\/\/blog.fondation-ove.fr\/imeyvesfarge\/wp-json\/wp\/v2\/pages\/2420\/revisions\/2604"}],"wp:attachment":[{"href":"https:\/\/blog.fondation-ove.fr\/imeyvesfarge\/wp-json\/wp\/v2\/media?parent=2420"}],"curies":[{"name":"wp","href":"https:\/\/api.w.org\/{rel}","templated":true}]}}