{"id":2407,"date":"2021-03-29T13:36:19","date_gmt":"2021-03-29T12:36:19","guid":{"rendered":"https:\/\/blog.fondation-ove.fr\/imeyvesfarge\/?page_id=2407"},"modified":"2021-04-02T19:11:09","modified_gmt":"2021-04-02T17:11:09","slug":"ineter-cycles","status":"publish","type":"page","link":"https:\/\/blog.fondation-ove.fr\/imeyvesfarge\/ineter-cycles\/","title":{"rendered":"Inter-Cycles"},"content":{"rendered":"\n<h2 class=\"wp-block-heading\">THERAPIE &#8211; PEDAGOGIE &#8211; EDUCATION<\/h2>\n\n\n\n<p>Comme leur nom l\u2019indique, les projets inter-cycles sont propos\u00e9s \u00e0 l\u2019ensemble des usagers de l\u2019\u00e9tablissement ainsi qu\u2019\u00e0 leur famille (sur certains projets).<\/p>\n\n\n\n<p>Chaque b\u00e9n\u00e9ficiaire a acc\u00e8s tout au long de son parcours au sein de l\u2019IME \u00e0 des temps d\u2019apprentissages scolaires, des suivis th\u00e9rapeutiques, du sport et des activit\u00e9s \u00e9ducatives sp\u00e9cifiques ((biblioth\u00e8que et ludoth\u00e8que).<\/p>\n\n\n\n<p>Ces diff\u00e9rentes prestations de compensation sont propos\u00e9es selon les besoins des usagers dans le cadre de leur Projet d\u2019Accompagnement et adapt\u00e9es et individualis\u00e9es chaque ann\u00e9e.<\/p>\n\n\n\n<div class=\"wp-block-buttons is-layout-flex wp-block-buttons-is-layout-flex\">\n<div class=\"wp-block-button\"><a class=\"wp-block-button__link\" href=\"https:\/\/blog.fondation-ove.fr\/imeyvesfarge\/category\/inter-cycles\/\" target=\"_blank\" rel=\"noreferrer noopener\">Articles et Photos&#8230;<\/a><\/div>\n<\/div>\n","protected":false},"excerpt":{"rendered":"<p>THERAPIE &#8211; PEDAGOGIE &#8211; EDUCATION Comme leur nom l\u2019indique, les projets inter-cycles sont propos\u00e9s \u00e0 l\u2019ensemble des usagers de l\u2019\u00e9tablissement ainsi qu\u2019\u00e0 leur famille (sur certains projets). Chaque b\u00e9n\u00e9ficiaire a acc\u00e8s tout au long de son parcours au sein de l\u2019IME \u00e0 des temps d\u2019apprentissages scolaires, des suivis th\u00e9rapeutiques, du sport et des activit\u00e9s \u00e9ducatives&hellip; <\/p>\n<p class=\"toivo-read-more\"><a href=\"https:\/\/blog.fondation-ove.fr\/imeyvesfarge\/ineter-cycles\/\" class=\"more-link\">Lire la suite <span class=\"screen-reader-text\">Inter-Cycles<\/span><\/a><\/p>\n","protected":false},"author":546,"featured_media":0,"parent":0,"menu_order":0,"comment_status":"closed","ping_status":"closed","template":"","meta":{"ngg_post_thumbnail":0,"footnotes":""},"class_list":{"0":"post-2407","1":"page","2":"type-page","3":"status-publish","5":"entry"},"_links":{"self":[{"href":"https:\/\/blog.fondation-ove.fr\/imeyvesfarge\/wp-json\/wp\/v2\/pages\/2407","targetHints":{"allow":["GET"]}}],"collection":[{"href":"https:\/\/blog.fondation-ove.fr\/imeyvesfarge\/wp-json\/wp\/v2\/pages"}],"about":[{"href":"https:\/\/blog.fondation-ove.fr\/imeyvesfarge\/wp-json\/wp\/v2\/types\/page"}],"author":[{"embeddable":true,"href":"https:\/\/blog.fondation-ove.fr\/imeyvesfarge\/wp-json\/wp\/v2\/users\/546"}],"replies":[{"embeddable":true,"href":"https:\/\/blog.fondation-ove.fr\/imeyvesfarge\/wp-json\/wp\/v2\/comments?post=2407"}],"version-history":[{"count":5,"href":"https:\/\/blog.fondation-ove.fr\/imeyvesfarge\/wp-json\/wp\/v2\/pages\/2407\/revisions"}],"predecessor-version":[{"id":2615,"href":"https:\/\/blog.fondation-ove.fr\/imeyvesfarge\/wp-json\/wp\/v2\/pages\/2407\/revisions\/2615"}],"wp:attachment":[{"href":"https:\/\/blog.fondation-ove.fr\/imeyvesfarge\/wp-json\/wp\/v2\/media?parent=2407"}],"curies":[{"name":"wp","href":"https:\/\/api.w.org\/{rel}","templated":true}]}}