{"id":2382,"date":"2021-03-29T08:46:20","date_gmt":"2021-03-29T07:46:20","guid":{"rendered":"https:\/\/blog.fondation-ove.fr\/imeyvesfarge\/?page_id=2382"},"modified":"2021-03-31T12:21:34","modified_gmt":"2021-03-31T11:21:34","slug":"missions-valeurs-et-orientations","status":"publish","type":"page","link":"https:\/\/blog.fondation-ove.fr\/imeyvesfarge\/missions-valeurs-et-orientations\/","title":{"rendered":"Missions, Valeurs et Orientations Fondation OVE"},"content":{"rendered":"\n<h2 class=\"wp-block-heading\">MISSIONS<\/h2>\n\n\n\n<ul class=\"wp-block-list\"><li><strong>Accueillir et accompagner<\/strong> des enfants, des adolescents, des adultes et des personnes \u00e2g\u00e9es, handicap\u00e9es ou non, <strong>afin de favoriser leur inclusion dans la soci\u00e9t\u00e9.<\/strong><\/li><li><strong>Apporter<\/strong> \u00e0 d\u2019autres personnes morales ou personnes physiques,<strong> conseils et assistance dans le champ de ses comp\u00e9tences.<\/strong><\/li><\/ul>\n\n\n\n<p>Nous pouvons r\u00e9sumer nos missions avec 6 verbes :<\/p>\n\n\n\n<ul class=\"wp-block-list\"><li>\u00c9duquer<\/li><li>Soigner<\/li><li>Enseigner<\/li><li>Former<\/li><li>Ins\u00e9rer<\/li><li>Accompagner<\/li><\/ul>\n\n\n\n<h2 class=\"wp-block-heading\">AMBITION<\/h2>\n\n\n\n<p>La Fondation OVE a pour vocation d\u2019<strong>instaurer l\u2019\u00e9galit\u00e9 entre tous les citoyens quels qu\u2019ils soient.<\/strong><br>Cela se traduit par plusieurs angles d\u2019action :<\/p>\n\n\n\n<ul class=\"wp-block-list\"><li>Organiser l\u2019<strong>acc\u00e8s aux droits fondamentaux<\/strong> des personnes,<\/li><li><strong>Anticiper les besoins<\/strong> et les \u00e9volutions,<\/li><li><strong>Innover dans la recherche de solutions<\/strong> et dans les <strong>modes de coop\u00e9ration<\/strong>, avec les usagers, les familles et les partenaires,<\/li><li><strong>Diffuser son savoir-faire<\/strong> et apporter son aide aux associations poursuivant les m\u00eames buts.<\/li><\/ul>\n\n\n\n<h2 class=\"wp-block-heading\">OBJECTIFS<\/h2>\n\n\n\n<ul class=\"wp-block-list\"><li><strong>Faire \u00e9voluer la place<\/strong> de la personne en situation de handicap ou de d\u00e9pendance dans la soci\u00e9t\u00e9,<\/li><li><strong>Agir pour le d\u00e9veloppement des capacit\u00e9s<\/strong> de la personne accompagn\u00e9e, l\u2019exercice de ses droits et les conditions d\u2019une vie autonome, solidaire et citoyenne,<\/li><li><strong>Contribuer \u00e0 l\u2019\u00e9volution du savoir<\/strong>, veiller \u00e0 sa diffusion et pour cela apporter son aide \u00e0 d\u2019autres acteurs m\u00e9dico-sociaux.<\/li><\/ul>\n\n\n\n<h2 class=\"wp-block-heading\">ACTIONS<\/h2>\n\n\n\n<p>Les actions de la Fondation sont enti\u00e8rement d\u00e9di\u00e9es au service de personnes singuli\u00e8res, d\u2019enfants, d\u2019hommes et de femmes, qu\u2019elle consid\u00e8re comme des personnes \u00e9gales en droit et capables d\u2019autonomie au-del\u00e0 de leur handicap, de leurs difficult\u00e9s ou de leur vuln\u00e9rabilit\u00e9.<\/p>\n\n\n\n<h2 class=\"wp-block-heading\">QUALITE<\/h2>\n\n\n\n<p>La qualit\u00e9 du service rendu par la Fondation repose essentiellement sur les hommes et les femmes qui la composent et qui se mobilisent pour l\u2019exercice de leur mission. La Fondation OVE a la volont\u00e9 d\u2019employer des professionnels comp\u00e9tent et form\u00e9s, de leur permettre d\u2019accro\u00eetre leurs comp\u00e9tences et d\u2019entretenir leur mobilisation. Elle investit pr\u00e8s de 4% de son budget en formation et favorise la mobilit\u00e9 interne.<\/p>\n\n\n\n<h2 class=\"wp-block-heading\">NOS PUBLICS<\/h2>\n\n\n\n<p>Les personnes accompagn\u00e9es par les services ou les \u00e9tablissements OVE peuvent \u00eatre accueillies dans divers types de structure en fonction de leur \u00e2ge, de leur besoin et de l\u2019orientation d\u00e9finie.<\/p>\n\n\n\n<h2 class=\"wp-block-heading\">NOS VALEURS<\/h2>\n\n\n\n<p>La fondation OVE partage de nombreuses valeurs :<\/p>\n\n\n\n<ul class=\"wp-block-list\"><li>Le respect de la personne et de sa dignit\u00e9 de citoyen<\/li><li>Le droit \u00e0 l\u2019autonomie pleine et enti\u00e8re<\/li><li>La reconnaissance de la capacit\u00e9 de toute personne \u00e0 se r\u00e9aliser<\/li><li>Le droit de la personne \u00e0 un projet individualis\u00e9, ayant pour objet la recherche d\u2019une solution personnelle \u00e0 son besoin d\u2019aide et s\u2019appuyant sur ses ressources et ses comp\u00e9tences propres comme sur celles de son environnement familial et social<\/li><li>Le droit \u00e0 l\u2019\u00e9ducation, \u00e0 la scolarisation, aux soins, au savoir, \u00e0 la culture, aux loisirs<\/li><li>Le respect de la la\u00efcit\u00e9<\/li><li>Le refus de l\u2019exclusion et l\u2019accueil inconditionnel.<\/li><\/ul>\n\n\n\n<p>Une culture humaniste et citoyenne qui d\u00e9fend le respect de la personne, sa dignit\u00e9, ses droits \u00e0 l\u2019autonomie, \u00e0&nbsp;l\u2019\u00e9ducation, au soin et au savoir. Humanisme, citoyennet\u00e9, la\u00efcit\u00e9, altruisme, philanthropie.<\/p>\n","protected":false},"excerpt":{"rendered":"<p>MISSIONS Accueillir et accompagner des enfants, des adolescents, des adultes et des personnes \u00e2g\u00e9es, handicap\u00e9es ou non, afin de favoriser leur inclusion dans la soci\u00e9t\u00e9. Apporter \u00e0 d\u2019autres personnes morales ou personnes physiques, conseils et assistance dans le champ de ses comp\u00e9tences. Nous pouvons r\u00e9sumer nos missions avec 6 verbes : \u00c9duquer Soigner Enseigner Former&hellip; <\/p>\n<p class=\"toivo-read-more\"><a href=\"https:\/\/blog.fondation-ove.fr\/imeyvesfarge\/missions-valeurs-et-orientations\/\" class=\"more-link\">Lire la suite <span class=\"screen-reader-text\">Missions, Valeurs et Orientations Fondation OVE<\/span><\/a><\/p>\n","protected":false},"author":546,"featured_media":0,"parent":0,"menu_order":0,"comment_status":"closed","ping_status":"closed","template":"","meta":{"ngg_post_thumbnail":0,"footnotes":""},"class_list":{"0":"post-2382","1":"page","2":"type-page","3":"status-publish","5":"entry"},"_links":{"self":[{"href":"https:\/\/blog.fondation-ove.fr\/imeyvesfarge\/wp-json\/wp\/v2\/pages\/2382","targetHints":{"allow":["GET"]}}],"collection":[{"href":"https:\/\/blog.fondation-ove.fr\/imeyvesfarge\/wp-json\/wp\/v2\/pages"}],"about":[{"href":"https:\/\/blog.fondation-ove.fr\/imeyvesfarge\/wp-json\/wp\/v2\/types\/page"}],"author":[{"embeddable":true,"href":"https:\/\/blog.fondation-ove.fr\/imeyvesfarge\/wp-json\/wp\/v2\/users\/546"}],"replies":[{"embeddable":true,"href":"https:\/\/blog.fondation-ove.fr\/imeyvesfarge\/wp-json\/wp\/v2\/comments?post=2382"}],"version-history":[{"count":5,"href":"https:\/\/blog.fondation-ove.fr\/imeyvesfarge\/wp-json\/wp\/v2\/pages\/2382\/revisions"}],"predecessor-version":[{"id":2554,"href":"https:\/\/blog.fondation-ove.fr\/imeyvesfarge\/wp-json\/wp\/v2\/pages\/2382\/revisions\/2554"}],"wp:attachment":[{"href":"https:\/\/blog.fondation-ove.fr\/imeyvesfarge\/wp-json\/wp\/v2\/media?parent=2382"}],"curies":[{"name":"wp","href":"https:\/\/api.w.org\/{rel}","templated":true}]}}