{"id":2201,"date":"2021-03-17T11:25:32","date_gmt":"2021-03-17T10:25:32","guid":{"rendered":"http:\/\/blog.fondation-ove.fr\/imeyvesfarge\/?page_id=2201"},"modified":"2021-05-11T09:42:13","modified_gmt":"2021-05-11T07:42:13","slug":"uai","status":"publish","type":"page","link":"https:\/\/blog.fondation-ove.fr\/imeyvesfarge\/uai\/","title":{"rendered":"L&#8217;UAI"},"content":{"rendered":"\n<p>L&#8217;UAI (Unit\u00e9 d\u2019Accompagnement Individualis\u00e9) propose un accueil s\u00e9quentiel pour sept \u00e0 huit personnes pour lesquelles les troubles envahissants de la personnalit\u00e9 les mettent en difficult\u00e9 sur les temps collectifs. Les accompagnements sont encadr\u00e9s par des bin\u00f4mes de professionnels des services \u00e9ducatif et th\u00e9rapeutique. Ils d\u00e9veloppent des interventions individualis\u00e9es qui prennent appui sur des m\u00e9diations th\u00e9rapeutiques et d&#8217;expressions socio-\u00e9ducatives cibl\u00e9es (sports, jeux, cr\u00e9ations manuelles et artistiques, etc&#8230;), sur des activit\u00e9s sensorielles (jardin, cuisine, relaxation, etc&#8230;).<\/p>\n\n\n\n<div class=\"wp-block-file\"><a href=\"http:\/\/blog.fondation-ove.fr\/imeyvesfarge\/wp-content\/uploads\/sites\/13\/2021\/05\/PP-UAI-2021-version-blog.pdf\">PP UAI 2021<\/a><a href=\"http:\/\/blog.fondation-ove.fr\/imeyvesfarge\/wp-content\/uploads\/sites\/13\/2021\/05\/PP-UAI-2021-version-blog.pdf\" class=\"wp-block-file__button\" download>T\u00e9l\u00e9charger<\/a><\/div>\n","protected":false},"excerpt":{"rendered":"<p>L&#8217;UAI (Unit\u00e9 d\u2019Accompagnement Individualis\u00e9) propose un accueil s\u00e9quentiel pour sept \u00e0 huit personnes pour lesquelles les troubles envahissants de la personnalit\u00e9 les mettent en difficult\u00e9 sur les temps collectifs. Les accompagnements sont encadr\u00e9s par des bin\u00f4mes de professionnels des services \u00e9ducatif et th\u00e9rapeutique. Ils d\u00e9veloppent des interventions individualis\u00e9es qui prennent appui sur des m\u00e9diations th\u00e9rapeutiques&hellip; <\/p>\n<p class=\"toivo-read-more\"><a href=\"https:\/\/blog.fondation-ove.fr\/imeyvesfarge\/uai\/\" class=\"more-link\">Lire la suite <span class=\"screen-reader-text\">L&#8217;UAI<\/span><\/a><\/p>\n","protected":false},"author":546,"featured_media":0,"parent":0,"menu_order":0,"comment_status":"closed","ping_status":"closed","template":"","meta":{"ngg_post_thumbnail":0,"footnotes":""},"class_list":{"0":"post-2201","1":"page","2":"type-page","3":"status-publish","5":"entry"},"_links":{"self":[{"href":"https:\/\/blog.fondation-ove.fr\/imeyvesfarge\/wp-json\/wp\/v2\/pages\/2201","targetHints":{"allow":["GET"]}}],"collection":[{"href":"https:\/\/blog.fondation-ove.fr\/imeyvesfarge\/wp-json\/wp\/v2\/pages"}],"about":[{"href":"https:\/\/blog.fondation-ove.fr\/imeyvesfarge\/wp-json\/wp\/v2\/types\/page"}],"author":[{"embeddable":true,"href":"https:\/\/blog.fondation-ove.fr\/imeyvesfarge\/wp-json\/wp\/v2\/users\/546"}],"replies":[{"embeddable":true,"href":"https:\/\/blog.fondation-ove.fr\/imeyvesfarge\/wp-json\/wp\/v2\/comments?post=2201"}],"version-history":[{"count":4,"href":"https:\/\/blog.fondation-ove.fr\/imeyvesfarge\/wp-json\/wp\/v2\/pages\/2201\/revisions"}],"predecessor-version":[{"id":2745,"href":"https:\/\/blog.fondation-ove.fr\/imeyvesfarge\/wp-json\/wp\/v2\/pages\/2201\/revisions\/2745"}],"wp:attachment":[{"href":"https:\/\/blog.fondation-ove.fr\/imeyvesfarge\/wp-json\/wp\/v2\/media?parent=2201"}],"curies":[{"name":"wp","href":"https:\/\/api.w.org\/{rel}","templated":true}]}}