{"id":2199,"date":"2021-03-17T11:25:08","date_gmt":"2021-03-17T10:25:08","guid":{"rendered":"http:\/\/blog.fondation-ove.fr\/imeyvesfarge\/?page_id=2199"},"modified":"2021-04-02T19:12:14","modified_gmt":"2021-04-02T17:12:14","slug":"cycle-accueil","status":"publish","type":"page","link":"https:\/\/blog.fondation-ove.fr\/imeyvesfarge\/cycle-accueil\/","title":{"rendered":"L&#8217;H\u00e9bergement"},"content":{"rendered":"\n<h2 class=\"wp-block-heading\">VIVRE ENSEMBLE &#8211; AUTONOMIE &#8211; OUVERTURE<\/h2>\n\n\n\n<p>L&#8217;internat peut accueillir 26 usagers : 21 jeunes, r\u00e9partis sur 2 groupes dits \u00ab traditionnels \u00bb et un groupe d\u2019\u00e9valuation \u00e0 l\u2019h\u00e9bergement en semi-autonomie pouvant accueillir 5 jeunes sur une p\u00e9riode pr\u00e9-\u00e9tablie. Ils sont accompagn\u00e9s par une \u00e9quipe comptant des ES, des ME, des AMP et des maitresses de maison. Les jeunes y sont accueillis du lundi au vendredi, sur 2 ou 3 soir\u00e9es maximum. Afin d&#8217;exp\u00e9rimenter le vivre ensemble au plus pr\u00e8s de la r\u00e9alit\u00e9 sociale, les jeunes sont accueillis sur des groupes mixtes qui comptent toutes les classes d&#8217;\u00e2ge repr\u00e9sent\u00e9es \u00e0 l&#8217;IME (12-20 ans).<br><\/p>\n\n\n\n<p>Les objectifs d&#8217;accompagnement \u00e9ducatif \u00e0 l&#8217;internat rejoignent ceux de l&#8217;\u00e9ducatif en journ\u00e9e ; mais en s&#8217;appuyant sur des moyens particuliers \u00e0 ce p\u00f4le<br>\u2022 Ceux du \u00ab quotidien \u00bb : autour des repas et des t\u00e2ches qui leur sont li\u00e9es, autour du soin \u00e0 soi et ses affaires personnelles et de l\u2019endroit dans lequel on vit.<br>\u2022 Ceux des loisirs et de la vie sociale et culturelle : autour des jeux de soci\u00e9t\u00e9 ou sportifs, des sorties culturelles, des activit\u00e9s extra scolaires\/professionnelles visant \u00e0 d\u00e9velopper la vie sociale et rompre la solitude.<\/p>\n\n\n\n<p>Tout jeune accueilli \u00e0 l&#8217;IME peut, \u00e0 un moment donn\u00e9 de son parcours, \u00eatre interne soit \u00e0 la demande de sa famille, soit \u00e0 celle de l&#8217;\u00e9quipe responsable de son PIA.<\/p>\n\n\n\n<p>Le groupe semi-autonome, pour les jeunes du cycle Majorit\u00e9 est un moyen d\u2019\u00e9valuer leur capacit\u00e9 \u00e0 vivre plus tard dans un h\u00e9bergement \u00e9ducatif pour adultes handicap\u00e9s (appartements \u00e9ducatifs, foyer de vie, etc\u2026).<br>L&#8217;internat est aussi ouvert pour accueillir \u00e0 tout moment de l&#8217;ann\u00e9e, sur un temps d\u00e9fini, un demi-pensionnaire pour un temps de r\u00e9pit quand sa situation personnelle ou familiale le demande, ce afin d&#8217;\u00e9viter d&#8217;\u00e9ventuelles ruptures.<\/p>\n\n\n\n<div class=\"wp-block-buttons is-layout-flex wp-block-buttons-is-layout-flex\">\n<div class=\"wp-block-button\"><a class=\"wp-block-button__link\" href=\"https:\/\/blog.fondation-ove.fr\/imeyvesfarge\/category\/internat\/\" target=\"_blank\" rel=\"noreferrer noopener\">Articles et Photos&#8230;<\/a><\/div>\n<\/div>\n\n\n\n<p><\/p>\n","protected":false},"excerpt":{"rendered":"<p>VIVRE ENSEMBLE &#8211; AUTONOMIE &#8211; OUVERTURE L&#8217;internat peut accueillir 26 usagers : 21 jeunes, r\u00e9partis sur 2 groupes dits \u00ab traditionnels \u00bb et un groupe d\u2019\u00e9valuation \u00e0 l\u2019h\u00e9bergement en semi-autonomie pouvant accueillir 5 jeunes sur une p\u00e9riode pr\u00e9-\u00e9tablie. Ils sont accompagn\u00e9s par une \u00e9quipe comptant des ES, des ME, des AMP et des maitresses de&hellip; <\/p>\n<p class=\"toivo-read-more\"><a href=\"https:\/\/blog.fondation-ove.fr\/imeyvesfarge\/cycle-accueil\/\" class=\"more-link\">Lire la suite <span class=\"screen-reader-text\">L&#8217;H\u00e9bergement<\/span><\/a><\/p>\n","protected":false},"author":546,"featured_media":0,"parent":0,"menu_order":0,"comment_status":"closed","ping_status":"closed","template":"","meta":{"ngg_post_thumbnail":0,"footnotes":""},"class_list":{"0":"post-2199","1":"page","2":"type-page","3":"status-publish","5":"entry"},"_links":{"self":[{"href":"https:\/\/blog.fondation-ove.fr\/imeyvesfarge\/wp-json\/wp\/v2\/pages\/2199","targetHints":{"allow":["GET"]}}],"collection":[{"href":"https:\/\/blog.fondation-ove.fr\/imeyvesfarge\/wp-json\/wp\/v2\/pages"}],"about":[{"href":"https:\/\/blog.fondation-ove.fr\/imeyvesfarge\/wp-json\/wp\/v2\/types\/page"}],"author":[{"embeddable":true,"href":"https:\/\/blog.fondation-ove.fr\/imeyvesfarge\/wp-json\/wp\/v2\/users\/546"}],"replies":[{"embeddable":true,"href":"https:\/\/blog.fondation-ove.fr\/imeyvesfarge\/wp-json\/wp\/v2\/comments?post=2199"}],"version-history":[{"count":10,"href":"https:\/\/blog.fondation-ove.fr\/imeyvesfarge\/wp-json\/wp\/v2\/pages\/2199\/revisions"}],"predecessor-version":[{"id":2616,"href":"https:\/\/blog.fondation-ove.fr\/imeyvesfarge\/wp-json\/wp\/v2\/pages\/2199\/revisions\/2616"}],"wp:attachment":[{"href":"https:\/\/blog.fondation-ove.fr\/imeyvesfarge\/wp-json\/wp\/v2\/media?parent=2199"}],"curies":[{"name":"wp","href":"https:\/\/api.w.org\/{rel}","templated":true}]}}