{"id":2197,"date":"2021-03-17T11:24:51","date_gmt":"2021-03-17T10:24:51","guid":{"rendered":"http:\/\/blog.fondation-ove.fr\/imeyvesfarge\/?page_id=2197"},"modified":"2021-04-02T19:08:35","modified_gmt":"2021-04-02T17:08:35","slug":"cycle-projet","status":"publish","type":"page","link":"https:\/\/blog.fondation-ove.fr\/imeyvesfarge\/cycle-projet\/","title":{"rendered":"Cycle Projet"},"content":{"rendered":"\n<h2 class=\"wp-block-heading\">OBSERVATIONS &#8211; ETAIEMENT &#8211; CONSTRUCTION ORIENTATION<\/h2>\n\n\n\n<p class=\"has-text-align-left\"><em><strong>15\/17 ans<\/strong><\/em><\/p>\n\n\n\n<p class=\"has-text-align-left\"><br>Ce cycle prend en charge les usagers de l&#8217;\u00e9tablissement entre 14 et 17 ans et a pour but d&#8217;observer les comp\u00e9tences, d&#8217;\u00e9valuer et de d\u00e9buter le travail d&#8217;orientation et de construction du projet de vie.<br>L&#8217;observation des comp\u00e9tences se fait par le biais du R\u00e9f\u00e9rentiel d&#8217;Observation des Comp\u00e9tences Sociales au travers de prises en charge \u00e9ducatives, pr\u00e9-professionnelles, p\u00e9dagogiques et th\u00e9rapeutiques.<\/p>\n\n\n\n<p>Concr\u00e8tement, chaque semaine, les usagers du cycle b\u00e9n\u00e9ficient :<\/p>\n\n\n\n<p>\u2022 de temps d&#8217;activit\u00e9s sur des axes \u00e9ducatifs tels que l&#8217;autonomie, la citoyennet\u00e9, la culture, les \u00ab savoir \u00eatre \u00bb et \u00ab savoir faire \u00bb dans les actes de la vie quotidienne, la dext\u00e9rit\u00e9 manuelle, le sport, l&#8217;informatique, le jeu.<\/p>\n\n\n\n<p>\u2022 de temps de scolarit\u00e9 avec des professionnels enseignants sp\u00e9cialis\u00e9s d\u00e9tach\u00e9s de l\u2019\u00c9ducation Nationale.<\/p>\n\n\n\n<p>\u2022 d&#8217;ateliers pr\u00e9professionnels autour de l&#8217;entretien des espaces verts, de l&#8217;hygi\u00e8ne, de l&#8217;alimentation et du service, de l&#8217;\u00e9lectrom\u00e9canique et de l&#8217;entretien de v\u00e9los, de la mise en situation de travail en milieu prot\u00e9g\u00e9.<\/p>\n\n\n\n<p>\u2022 de prises en charge groupales ou individuelles par des professionnels th\u00e9rapeutes selon les besoins rep\u00e9r\u00e9s.<\/p>\n\n\n\n<p>Ces activit\u00e9s hebdomadaires peuvent \u00eatre compl\u00e9t\u00e9es par des accompagnements plus individualis\u00e9s en terme d&#8217;autonomie dans les transports entre le domicile et l&#8217;\u00e9tablissement ou d&#8217;autres trajets rep\u00e9r\u00e9s.<\/p>\n\n\n\n<p>Tout au long du parcours au sein de ce cycle, chaque usager affine son projet individuel et acquiert \u00e0 son rythme les comp\u00e9tences n\u00e9cessaires \u00e0 son futur parcours de vie.<\/p>\n\n\n\n<div class=\"wp-block-buttons is-layout-flex wp-block-buttons-is-layout-flex\">\n<div class=\"wp-block-button\"><a class=\"wp-block-button__link\" href=\"https:\/\/blog.fondation-ove.fr\/imeyvesfarge\/category\/cycle-projet\/\" target=\"_blank\" rel=\"noreferrer noopener\">Articles et Photos&#8230;<\/a><\/div>\n<\/div>\n","protected":false},"excerpt":{"rendered":"<p>OBSERVATIONS &#8211; ETAIEMENT &#8211; CONSTRUCTION ORIENTATION 15\/17 ans Ce cycle prend en charge les usagers de l&#8217;\u00e9tablissement entre 14 et 17 ans et a pour but d&#8217;observer les comp\u00e9tences, d&#8217;\u00e9valuer et de d\u00e9buter le travail d&#8217;orientation et de construction du projet de vie.L&#8217;observation des comp\u00e9tences se fait par le biais du R\u00e9f\u00e9rentiel d&#8217;Observation des Comp\u00e9tences&hellip; <\/p>\n<p class=\"toivo-read-more\"><a href=\"https:\/\/blog.fondation-ove.fr\/imeyvesfarge\/cycle-projet\/\" class=\"more-link\">Lire la suite <span class=\"screen-reader-text\">Cycle Projet<\/span><\/a><\/p>\n","protected":false},"author":546,"featured_media":0,"parent":0,"menu_order":0,"comment_status":"closed","ping_status":"closed","template":"","meta":{"ngg_post_thumbnail":0,"footnotes":""},"class_list":{"0":"post-2197","1":"page","2":"type-page","3":"status-publish","5":"entry"},"_links":{"self":[{"href":"https:\/\/blog.fondation-ove.fr\/imeyvesfarge\/wp-json\/wp\/v2\/pages\/2197","targetHints":{"allow":["GET"]}}],"collection":[{"href":"https:\/\/blog.fondation-ove.fr\/imeyvesfarge\/wp-json\/wp\/v2\/pages"}],"about":[{"href":"https:\/\/blog.fondation-ove.fr\/imeyvesfarge\/wp-json\/wp\/v2\/types\/page"}],"author":[{"embeddable":true,"href":"https:\/\/blog.fondation-ove.fr\/imeyvesfarge\/wp-json\/wp\/v2\/users\/546"}],"replies":[{"embeddable":true,"href":"https:\/\/blog.fondation-ove.fr\/imeyvesfarge\/wp-json\/wp\/v2\/comments?post=2197"}],"version-history":[{"count":6,"href":"https:\/\/blog.fondation-ove.fr\/imeyvesfarge\/wp-json\/wp\/v2\/pages\/2197\/revisions"}],"predecessor-version":[{"id":2613,"href":"https:\/\/blog.fondation-ove.fr\/imeyvesfarge\/wp-json\/wp\/v2\/pages\/2197\/revisions\/2613"}],"wp:attachment":[{"href":"https:\/\/blog.fondation-ove.fr\/imeyvesfarge\/wp-json\/wp\/v2\/media?parent=2197"}],"curies":[{"name":"wp","href":"https:\/\/api.w.org\/{rel}","templated":true}]}}