{"id":2195,"date":"2021-03-17T11:24:33","date_gmt":"2021-03-17T10:24:33","guid":{"rendered":"http:\/\/blog.fondation-ove.fr\/imeyvesfarge\/?page_id=2195"},"modified":"2021-04-02T19:09:44","modified_gmt":"2021-04-02T17:09:44","slug":"cycle-majorite","status":"publish","type":"page","link":"https:\/\/blog.fondation-ove.fr\/imeyvesfarge\/cycle-majorite\/","title":{"rendered":"Cycle Majorit\u00e9"},"content":{"rendered":"\n<h2 class=\"wp-block-heading\">MAJORITE &#8211; RESPONSABILITE &#8211; AUTONOMIE\/ORIENTATION<\/h2>\n\n\n\n<p><strong><em>+ 18 ans<\/em><\/strong><\/p>\n\n\n\n<p>Le projet du cycle repose sur deux r\u00e9alit\u00e9s qui impliquent pleinement chaque membre de l&#8217;\u00e9quipe \u00e9ducative et m\u00e9dicosociale en lien avec la charg\u00e9e d&#8217;insertion et l&#8217;assistante sociale de l&#8217;IME :<\/p>\n\n\n\n<ol class=\"wp-block-list\"><li>L&#8217;accompagnement du passage \u00e0 l&#8217;\u00e2ge adulte<\/li><li>La pr\u00e9paration d&#8217;un projet \u00ab apr\u00e8s IME \u00bb<\/li><\/ol>\n\n\n\n<p>De mani\u00e8re g\u00e9n\u00e9rale, sont favoris\u00e9es la prise d&#8217;initiative et la mise en situation en se r\u00e9f\u00e9rant \u00e0 la notion de majorit\u00e9, responsabilit\u00e9 et citoyennet\u00e9. L&#8217;accompagnement \u00e9ducatif est en lien \u00e9troit avec l&#8217;insertion socio-culturelle et l&#8217;ouverture aux structures de droit commun. En ce sens, un travail important d&#8217;acc\u00e8s \u00e0 l\u2019autonomie est effectu\u00e9 dans ce dernier cycle signifiant la fin du parcours de l&#8217;usager. L&#8217;ensemble des propositions faites sur ce cycle s&#8217;ancrent dans des notions de passage \u00e0 l\u2019\u00e2ge adulte et de pr\u00e9paration du projet de sortie et prennent en compte les difficult\u00e9s particuli\u00e8res li\u00e9es \u00e0 ces \u00e9tapes en maintenant les acquis.<\/p>\n\n\n\n<p>Le cycle Majorit\u00e9 fait le choix de proposer aux jeunes un accompagnement en fonction du parcours pens\u00e9 apr\u00e8s l&#8217;IME. Les groupes sont donc organis\u00e9s en fonction d&#8217;une insertion vers le secteur du travail (prot\u00e9g\u00e9 ou non) et le secteur m\u00e9dico-social. Cela permet de proposer un rythme et des contenus adapt\u00e9s. Les jeunes et futurs majeurs se retrouvent n\u00e9anmoins tout au long de la semaine dans des groupes plus h\u00e9t\u00e9rog\u00e8nes autour d&#8217;activit\u00e9s communes.<br>Les accompagnements \u00e9ducatifs permettent la mise en \u0153uvre d&#8217;un projet d&#8217;insertion. Pour ce faire, les \u00e9quipes s&#8217;appuient sur<br>\u2022 des propositions \u00e9ducatives de type activit\u00e9s culturelles, sportives, manuelles et de vie quotidienne, ainsi que sur des espaces de socialisation. Elles s&#8217;organisent autour de groupes plus ou moins importants et favorisent l&#8217;autonomie et la prise de responsabilit\u00e9 ;<br>\u2022 des temps de scolarit\u00e9 avec deux professionnels enseignants sp\u00e9cialis\u00e9s d\u00e9tach\u00e9s de l\u2019\u00c9ducation Nationale ;<br>\u2022 des accompagnements techniques avec des temps dans un atelier de sensibilisation au travail (AST) et les ateliers dits \u00ab techniques \u00bb (nature et environnement avec chantiers ext\u00e9rieurs, HAS (Hygi\u00e8ne Alimentation et Service), M\u00e9canique et Nettoyage de v\u00e9hicules) ;<br>\u2022 des possibilit\u00e9s de mise en situation professionnelle lors de stages en milieu ordinaire ou secteur de travail prot\u00e9g\u00e9 ou structures m\u00e9dicosociales de type Accueil de Jour<\/p>\n\n\n\n<div class=\"wp-block-buttons is-layout-flex wp-block-buttons-is-layout-flex\">\n<div class=\"wp-block-button\"><a class=\"wp-block-button__link\" href=\"https:\/\/blog.fondation-ove.fr\/imeyvesfarge\/category\/cycle-de-la-majorite\/\" target=\"_blank\" rel=\"noreferrer noopener\">Articles et Photos&#8230;<\/a><\/div>\n<\/div>\n","protected":false},"excerpt":{"rendered":"<p>MAJORITE &#8211; RESPONSABILITE &#8211; AUTONOMIE\/ORIENTATION + 18 ans Le projet du cycle repose sur deux r\u00e9alit\u00e9s qui impliquent pleinement chaque membre de l&#8217;\u00e9quipe \u00e9ducative et m\u00e9dicosociale en lien avec la charg\u00e9e d&#8217;insertion et l&#8217;assistante sociale de l&#8217;IME : L&#8217;accompagnement du passage \u00e0 l&#8217;\u00e2ge adulte La pr\u00e9paration d&#8217;un projet \u00ab apr\u00e8s IME \u00bb De mani\u00e8re g\u00e9n\u00e9rale,&hellip; <\/p>\n<p class=\"toivo-read-more\"><a href=\"https:\/\/blog.fondation-ove.fr\/imeyvesfarge\/cycle-majorite\/\" class=\"more-link\">Lire la suite <span class=\"screen-reader-text\">Cycle Majorit\u00e9<\/span><\/a><\/p>\n","protected":false},"author":546,"featured_media":0,"parent":0,"menu_order":0,"comment_status":"closed","ping_status":"closed","template":"","meta":{"ngg_post_thumbnail":0,"footnotes":""},"class_list":{"0":"post-2195","1":"page","2":"type-page","3":"status-publish","5":"entry"},"_links":{"self":[{"href":"https:\/\/blog.fondation-ove.fr\/imeyvesfarge\/wp-json\/wp\/v2\/pages\/2195","targetHints":{"allow":["GET"]}}],"collection":[{"href":"https:\/\/blog.fondation-ove.fr\/imeyvesfarge\/wp-json\/wp\/v2\/pages"}],"about":[{"href":"https:\/\/blog.fondation-ove.fr\/imeyvesfarge\/wp-json\/wp\/v2\/types\/page"}],"author":[{"embeddable":true,"href":"https:\/\/blog.fondation-ove.fr\/imeyvesfarge\/wp-json\/wp\/v2\/users\/546"}],"replies":[{"embeddable":true,"href":"https:\/\/blog.fondation-ove.fr\/imeyvesfarge\/wp-json\/wp\/v2\/comments?post=2195"}],"version-history":[{"count":5,"href":"https:\/\/blog.fondation-ove.fr\/imeyvesfarge\/wp-json\/wp\/v2\/pages\/2195\/revisions"}],"predecessor-version":[{"id":2614,"href":"https:\/\/blog.fondation-ove.fr\/imeyvesfarge\/wp-json\/wp\/v2\/pages\/2195\/revisions\/2614"}],"wp:attachment":[{"href":"https:\/\/blog.fondation-ove.fr\/imeyvesfarge\/wp-json\/wp\/v2\/media?parent=2195"}],"curies":[{"name":"wp","href":"https:\/\/api.w.org\/{rel}","templated":true}]}}