{"id":2,"date":"2024-10-01T14:43:08","date_gmt":"2024-10-01T12:43:08","guid":{"rendered":"https:\/\/blog.fondation-ove.fr\/fpa\/?page_id=2"},"modified":"2024-10-04T17:12:05","modified_gmt":"2024-10-04T15:12:05","slug":"page-d-exemple","status":"publish","type":"page","link":"https:\/\/blog.fondation-ove.fr\/fpa\/","title":{"rendered":"Bienvenue sur votre blog collaboratif des futurs formateurs !"},"content":{"rendered":"\n<p>Ce blog est un espace con\u00e7u pour les stagiaires en formation pour devenir formateurs professionnels d\u2019adultes. Ici, chacun est acteur, tout comme dans la formation elle-m\u00eame. Votre r\u00f4le est de contribuer activement en partageant des articles, des r\u00e9flexions, des ressources, et en construisant ensemble un savoir collectif.<\/p>\n\n\n\n<p>Les ressources pr\u00e9sentes au d\u00e9part seront limit\u00e9es, car ce sera \u00e0 vous de les cr\u00e9er ! Que ce soit des outils num\u00e9riques, des sc\u00e9narios d&rsquo;animation, des veilles professionnelles ou des retours d\u2019exp\u00e9riences, ce blog se nourrira de vos contributions. Vous avez donc l&rsquo;opportunit\u00e9 de fa\u00e7onner cet espace pour qu&rsquo;il refl\u00e8te vos d\u00e9couvertes, vos apprentissages et vos r\u00e9flexions.<\/p>\n\n\n\n<p><strong>L\u2019importance du groupe en formation<\/strong> : Le succ\u00e8s de ce blog d\u00e9pend de chacun d&rsquo;entre vous. Ensemble, vous formez un groupe o\u00f9 chaque contribution compte et permet d\u2019enrichir l\u2019ensemble de la communaut\u00e9. Chacun a un r\u00f4le \u00e0 jouer pour apporter des perspectives nouvelles et diversifi\u00e9es.<\/p>\n\n\n\n<p><strong>Le num\u00e9rique, un outil indispensable<\/strong> : En tant que futurs formateurs, il est essentiel de ma\u00eetriser les outils num\u00e9riques. Ce blog est un laboratoire o\u00f9 vous pouvez tester et d\u00e9velopper vos comp\u00e9tences digitales tout en renfor\u00e7ant votre pr\u00e9sence en ligne, une comp\u00e9tence cl\u00e9 dans le m\u00e9tier de formateur.<\/p>\n\n\n\n<p>Faisons vivre ce blog ! Il sera le reflet de vos id\u00e9es, de vos travaux et de votre progression en tant que futurs formateurs. <\/p>\n\n\n\n<p><\/p>\n\n\n\n<p><\/p>\n","protected":false},"excerpt":{"rendered":"<p>Ce blog est un espace con\u00e7u pour les stagiaires en formation pour devenir formateurs professionnels d\u2019adultes. Ici, chacun est acteur, tout comme dans la formation elle-m\u00eame. Votre r\u00f4le est de contribuer activement en partageant des articles, des r\u00e9flexions, des ressources, et en construisant ensemble un savoir collectif. Les ressources pr\u00e9sentes au d\u00e9part seront limit\u00e9es, car [&hellip;]<\/p>\n","protected":false},"author":729,"featured_media":0,"parent":0,"menu_order":0,"comment_status":"closed","ping_status":"open","template":"","meta":{"footnotes":""},"class_list":["post-2","page","type-page","status-publish","hentry"],"_links":{"self":[{"href":"https:\/\/blog.fondation-ove.fr\/fpa\/wp-json\/wp\/v2\/pages\/2","targetHints":{"allow":["GET"]}}],"collection":[{"href":"https:\/\/blog.fondation-ove.fr\/fpa\/wp-json\/wp\/v2\/pages"}],"about":[{"href":"https:\/\/blog.fondation-ove.fr\/fpa\/wp-json\/wp\/v2\/types\/page"}],"author":[{"embeddable":true,"href":"https:\/\/blog.fondation-ove.fr\/fpa\/wp-json\/wp\/v2\/users\/729"}],"replies":[{"embeddable":true,"href":"https:\/\/blog.fondation-ove.fr\/fpa\/wp-json\/wp\/v2\/comments?post=2"}],"version-history":[{"count":1,"href":"https:\/\/blog.fondation-ove.fr\/fpa\/wp-json\/wp\/v2\/pages\/2\/revisions"}],"predecessor-version":[{"id":13,"href":"https:\/\/blog.fondation-ove.fr\/fpa\/wp-json\/wp\/v2\/pages\/2\/revisions\/13"}],"wp:attachment":[{"href":"https:\/\/blog.fondation-ove.fr\/fpa\/wp-json\/wp\/v2\/media?parent=2"}],"curies":[{"name":"wp","href":"https:\/\/api.w.org\/{rel}","templated":true}]}}