{"id":2382,"date":"2022-06-22T10:56:28","date_gmt":"2022-06-22T08:56:28","guid":{"rendered":"https:\/\/blog.fondation-ove.fr\/ditep63\/?page_id=2382"},"modified":"2023-01-19T16:54:13","modified_gmt":"2023-01-19T15:54:13","slug":"les-dernieres-actualites-du-blog","status":"publish","type":"page","link":"https:\/\/blog.fondation-ove.fr\/ditep63\/","title":{"rendered":"Les derni\u00e8res actualit\u00e9s du BLOG :"},"content":{"rendered":"<ul class=\"wp-block-latest-posts__list wp-block-latest-posts\"><li><a class=\"wp-block-latest-posts__post-title\" href=\"https:\/\/blog.fondation-ove.fr\/ditep63\/2026\/03\/10\/3716\/\">(pas de titre)<\/a><\/li>\n<li><a class=\"wp-block-latest-posts__post-title\" href=\"https:\/\/blog.fondation-ove.fr\/ditep63\/2026\/02\/05\/notre-projet-de-creation-demission-de-radio-%f0%9f%93%bb\/\">Notre projet de cr\u00e9ation d&rsquo;\u00e9mission de radio ! \ud83d\udcfb<\/a><\/li>\n<li><a class=\"wp-block-latest-posts__post-title\" href=\"https:\/\/blog.fondation-ove.fr\/ditep63\/2026\/01\/26\/bryan-et-le-projet-apiculture-%f0%9f%90%9d\/\">Bryan et le projet Apiculture ! \ud83d\udc1d<\/a><\/li>\n<li><a class=\"wp-block-latest-posts__post-title\" href=\"https:\/\/blog.fondation-ove.fr\/ditep63\/2026\/01\/26\/enzo-et-le-festival-dangouleme\/\">Enzo et le festival d&rsquo;Angoul\u00eame<\/a><\/li>\n<li><a class=\"wp-block-latest-posts__post-title\" href=\"https:\/\/blog.fondation-ove.fr\/ditep63\/2025\/12\/15\/les-8-a-loreille-nouvelle-equipe-pour-le-blog-%f0%9f%8e%99%ef%b8%8f%f0%9f%93%bb\/\">Les 8 \u00e0 l&rsquo;oreille : nouvelle \u00e9quipe pour le BLOG ! \ud83c\udf99\ufe0f\ud83d\udcfb<\/a><\/li>\n<\/ul>\n\n<ol class=\"has-avatars has-dates has-excerpts wp-block-latest-comments\"><li class=\"wp-block-latest-comments__comment\"><img alt='' src='https:\/\/secure.gravatar.com\/avatar\/39dfb7e062155eee1d0367b1f73845e3?s=48&#038;d=mm&#038;r=g' srcset='https:\/\/secure.gravatar.com\/avatar\/39dfb7e062155eee1d0367b1f73845e3?s=96&#038;d=mm&#038;r=g 2x' class='avatar avatar-48 photo wp-block-latest-comments__comment-avatar' height='48' width='48' \/><article><footer class=\"wp-block-latest-comments__comment-meta\"><a class=\"wp-block-latest-comments__comment-author\" href=\"http:\/\/blog.fondation-ove.fr\">Laura<\/a> sur <a class=\"wp-block-latest-comments__comment-link\" href=\"https:\/\/blog.fondation-ove.fr\/ditep63\/2023\/11\/14\/qui-est-leo-succulent\/#comment-104\">Qui est L\u00e9o succulent ?<\/a><time datetime=\"2026-02-15T05:41:11+01:00\" class=\"wp-block-latest-comments__comment-date\">15 f\u00e9vrier 2026<\/time><\/footer><div class=\"wp-block-latest-comments__comment-excerpt\"><p>Salut L\u00e9o succulent a 30, 31 ans Voil\u00e0 voil\u00e0 Bonne journ\u00e9e<\/p>\n<\/div><\/article><\/li><li class=\"wp-block-latest-comments__comment\"><img alt='' src='https:\/\/secure.gravatar.com\/avatar\/ed0c5694d82e1475772a558688d56c85?s=48&#038;d=mm&#038;r=g' srcset='https:\/\/secure.gravatar.com\/avatar\/ed0c5694d82e1475772a558688d56c85?s=96&#038;d=mm&#038;r=g 2x' class='avatar avatar-48 photo wp-block-latest-comments__comment-avatar' height='48' width='48' \/><article><footer class=\"wp-block-latest-comments__comment-meta\"><span class=\"wp-block-latest-comments__comment-author\">Couzon<\/span> sur <a class=\"wp-block-latest-comments__comment-link\" href=\"https:\/\/blog.fondation-ove.fr\/ditep63\/2026\/01\/26\/enzo-et-le-festival-dangouleme\/#comment-103\">Enzo et le festival d&rsquo;Angoul\u00eame<\/a><time datetime=\"2026-02-04T09:37:25+01:00\" class=\"wp-block-latest-comments__comment-date\">4 f\u00e9vrier 2026<\/time><\/footer><div class=\"wp-block-latest-comments__comment-excerpt\"><p>Bravo Enjo pour l&rsquo;article et ta BD ! Super Projet !<\/p>\n<\/div><\/article><\/li><li class=\"wp-block-latest-comments__comment\"><img alt='' src='https:\/\/secure.gravatar.com\/avatar\/4ce530610c62f9bdd79a39ebf46b0c5c?s=48&#038;d=mm&#038;r=g' srcset='https:\/\/secure.gravatar.com\/avatar\/4ce530610c62f9bdd79a39ebf46b0c5c?s=96&#038;d=mm&#038;r=g 2x' class='avatar avatar-48 photo wp-block-latest-comments__comment-avatar' height='48' width='48' \/><article><footer class=\"wp-block-latest-comments__comment-meta\"><span class=\"wp-block-latest-comments__comment-author\">Pierre Joly<\/span> sur <a class=\"wp-block-latest-comments__comment-link\" href=\"https:\/\/blog.fondation-ove.fr\/ditep63\/2026\/01\/26\/enzo-et-le-festival-dangouleme\/#comment-102\">Enzo et le festival d&rsquo;Angoul\u00eame<\/a><time datetime=\"2026-01-29T08:39:04+01:00\" class=\"wp-block-latest-comments__comment-date\">29 janvier 2026<\/time><\/footer><div class=\"wp-block-latest-comments__comment-excerpt\"><p>Bravo, c&rsquo;\u00e9tait une chouette rencontre ! J&rsquo;esp\u00e8re que tu continueras \u00e0 faire parler tes crayons ! \u270f\ufe0f<\/p>\n<\/div><\/article><\/li><li class=\"wp-block-latest-comments__comment\"><img alt='' src='https:\/\/secure.gravatar.com\/avatar\/4ce530610c62f9bdd79a39ebf46b0c5c?s=48&#038;d=mm&#038;r=g' srcset='https:\/\/secure.gravatar.com\/avatar\/4ce530610c62f9bdd79a39ebf46b0c5c?s=96&#038;d=mm&#038;r=g 2x' class='avatar avatar-48 photo wp-block-latest-comments__comment-avatar' height='48' width='48' \/><article><footer class=\"wp-block-latest-comments__comment-meta\"><span class=\"wp-block-latest-comments__comment-author\">Pierre Joly<\/span> sur <a class=\"wp-block-latest-comments__comment-link\" href=\"https:\/\/blog.fondation-ove.fr\/ditep63\/2026\/01\/26\/enzo-et-le-festival-dangouleme\/#comment-101\">Enzo et le festival d&rsquo;Angoul\u00eame<\/a><time datetime=\"2026-01-29T08:37:44+01:00\" class=\"wp-block-latest-comments__comment-date\">29 janvier 2026<\/time><\/footer><div class=\"wp-block-latest-comments__comment-excerpt\"><p>Bravo pour ta BD. C&rsquo;\u00e9tait une chouette rencontre. J&rsquo;esp\u00e8re que tu continueras \u00e0 faire parler tes crayons ! \u270f\ufe0f<\/p>\n<\/div><\/article><\/li><li class=\"wp-block-latest-comments__comment\"><img alt='' src='https:\/\/secure.gravatar.com\/avatar\/c2dda46c7286b3584262811727aef7ff?s=48&#038;d=mm&#038;r=g' srcset='https:\/\/secure.gravatar.com\/avatar\/c2dda46c7286b3584262811727aef7ff?s=96&#038;d=mm&#038;r=g 2x' class='avatar avatar-48 photo wp-block-latest-comments__comment-avatar' height='48' width='48' \/><article><footer class=\"wp-block-latest-comments__comment-meta\"><a class=\"wp-block-latest-comments__comment-author\" href=\"http:\/\/Google\">Dreyer<\/a> sur <a class=\"wp-block-latest-comments__comment-link\" href=\"https:\/\/blog.fondation-ove.fr\/ditep63\/2023\/11\/14\/qui-est-leo-succulent\/#comment-100\">Qui est L\u00e9o succulent ?<\/a><time datetime=\"2025-12-13T20:18:26+01:00\" class=\"wp-block-latest-comments__comment-date\">13 d\u00e9cembre 2025<\/time><\/footer><div class=\"wp-block-latest-comments__comment-excerpt\"><p>Je l&rsquo;adore mais j&rsquo;aimerais trop savoir comment il s&rsquo;appelle ect ect<\/p>\n<\/div><\/article><\/li><\/ol>","protected":false},"excerpt":{"rendered":"","protected":false},"author":511,"featured_media":0,"parent":129,"menu_order":0,"comment_status":"closed","ping_status":"closed","template":"","meta":{"footnotes":""},"class_list":{"0":"post-2382","1":"page","2":"type-page","3":"status-publish","5":"entry"},"pwapp_after_post_content":"","pwapp_before_post_content":"","androapp_header":"","pwapp_author":{"ID":511,"name":"lesptitsredacteurs","slug":"lesptitsredacteurs"},"pwapp_terms":[],"pwapp_feed_image_dimension_type":"preview","pwapp_post_image":null,"share_image":null,"featured_image_showhide":"show","pwapp_excerpt":"","pwapp_title":"Les derni\u00e8res actualit\u00e9s du BLOG :","androapp_image_list":[{"src":"https:\/\/secure.gravatar.com\/avatar\/39dfb7e062155eee1d0367b1f73845e3?s=48&#038;d=mm&#038;r=g","height":200},{"src":"https:\/\/secure.gravatar.com\/avatar\/ed0c5694d82e1475772a558688d56c85?s=48&#038;d=mm&#038;r=g","height":200},{"src":"https:\/\/secure.gravatar.com\/avatar\/4ce530610c62f9bdd79a39ebf46b0c5c?s=48&#038;d=mm&#038;r=g","height":200},{"src":"https:\/\/secure.gravatar.com\/avatar\/4ce530610c62f9bdd79a39ebf46b0c5c?s=48&#038;d=mm&#038;r=g","height":200},{"src":"https:\/\/secure.gravatar.com\/avatar\/c2dda46c7286b3584262811727aef7ff?s=48&#038;d=mm&#038;r=g","height":200}],"pwapp_post_content":"<style type=\"text\/css\">androapp img{\r\n    max-width: 100%;\r\n    height: auto;\r\n}\r\niframe{\r\n    max-width: 100%;    \r\n}\r\nfigure {\r\n    max-width: 100%;\r\n    height: auto;\r\n}\r\nimg{\r\n    max-width: 100% !important;\r\n    height: auto;\r\n}\r\ndiv {\r\n    max-width: 100% !important;\r\n}\r\nspan {\r\n    max-width:100%;\r\n    overflow: auto;\r\n}\r\naudio {\r\n    display:block;\r\n    visibility:visible !important;\r\n}\r\nvideo{\r\n    width:100%;\r\n    height:auto;\r\n}\r\n<\/style><div class='androapp'><ul class=\"wp-block-latest-posts__list wp-block-latest-posts\"><li><a class=\"wp-block-latest-posts__post-title\" href=\"https:\/\/blog.fondation-ove.fr\/ditep63\/2026\/03\/10\/3716\/\">(pas de titre)<\/a><\/li>\n<li><a class=\"wp-block-latest-posts__post-title\" href=\"https:\/\/blog.fondation-ove.fr\/ditep63\/2026\/02\/05\/notre-projet-de-creation-demission-de-radio-%f0%9f%93%bb\/\">Notre projet de cr\u00e9ation d&rsquo;\u00e9mission de radio ! \ud83d\udcfb<\/a><\/li>\n<li><a class=\"wp-block-latest-posts__post-title\" href=\"https:\/\/blog.fondation-ove.fr\/ditep63\/2026\/01\/26\/bryan-et-le-projet-apiculture-%f0%9f%90%9d\/\">Bryan et le projet Apiculture ! \ud83d\udc1d<\/a><\/li>\n<li><a class=\"wp-block-latest-posts__post-title\" href=\"https:\/\/blog.fondation-ove.fr\/ditep63\/2026\/01\/26\/enzo-et-le-festival-dangouleme\/\">Enzo et le festival d&rsquo;Angoul\u00eame<\/a><\/li>\n<li><a class=\"wp-block-latest-posts__post-title\" href=\"https:\/\/blog.fondation-ove.fr\/ditep63\/2025\/12\/15\/les-8-a-loreille-nouvelle-equipe-pour-le-blog-%f0%9f%8e%99%ef%b8%8f%f0%9f%93%bb\/\">Les 8 \u00e0 l&rsquo;oreille : nouvelle \u00e9quipe pour le BLOG ! \ud83c\udf99\ufe0f\ud83d\udcfb<\/a><\/li>\n<\/ul>\n\n<ol class=\"has-avatars has-dates has-excerpts wp-block-latest-comments\"><li class=\"wp-block-latest-comments__comment\"><img alt='' src='https:\/\/secure.gravatar.com\/avatar\/39dfb7e062155eee1d0367b1f73845e3?s=48&#038;d=mm&#038;r=g' srcset='https:\/\/secure.gravatar.com\/avatar\/39dfb7e062155eee1d0367b1f73845e3?s=96&#038;d=mm&#038;r=g 2x' class='avatar avatar-48 photo wp-block-latest-comments__comment-avatar' height='48' width='48' \/><article><footer class=\"wp-block-latest-comments__comment-meta\"><a class=\"wp-block-latest-comments__comment-author\" href=\"http:\/\/blog.fondation-ove.fr\">Laura<\/a> sur <a class=\"wp-block-latest-comments__comment-link\" href=\"https:\/\/blog.fondation-ove.fr\/ditep63\/2023\/11\/14\/qui-est-leo-succulent\/#comment-104\">Qui est L\u00e9o succulent ?<\/a><time datetime=\"2026-02-15T05:41:11+01:00\" class=\"wp-block-latest-comments__comment-date\">15 f\u00e9vrier 2026<\/time><\/footer><div class=\"wp-block-latest-comments__comment-excerpt\"><p>Salut L\u00e9o succulent a 30, 31 ans Voil\u00e0 voil\u00e0 Bonne journ\u00e9e<\/p>\n<\/div><\/article><\/li><li class=\"wp-block-latest-comments__comment\"><img alt='' src='https:\/\/secure.gravatar.com\/avatar\/ed0c5694d82e1475772a558688d56c85?s=48&#038;d=mm&#038;r=g' srcset='https:\/\/secure.gravatar.com\/avatar\/ed0c5694d82e1475772a558688d56c85?s=96&#038;d=mm&#038;r=g 2x' class='avatar avatar-48 photo wp-block-latest-comments__comment-avatar' height='48' width='48' \/><article><footer class=\"wp-block-latest-comments__comment-meta\"><span class=\"wp-block-latest-comments__comment-author\">Couzon<\/span> sur <a class=\"wp-block-latest-comments__comment-link\" href=\"https:\/\/blog.fondation-ove.fr\/ditep63\/2026\/01\/26\/enzo-et-le-festival-dangouleme\/#comment-103\">Enzo et le festival d&rsquo;Angoul\u00eame<\/a><time datetime=\"2026-02-04T09:37:25+01:00\" class=\"wp-block-latest-comments__comment-date\">4 f\u00e9vrier 2026<\/time><\/footer><div class=\"wp-block-latest-comments__comment-excerpt\"><p>Bravo Enjo pour l&rsquo;article et ta BD ! Super Projet !<\/p>\n<\/div><\/article><\/li><li class=\"wp-block-latest-comments__comment\"><img alt='' src='https:\/\/secure.gravatar.com\/avatar\/4ce530610c62f9bdd79a39ebf46b0c5c?s=48&#038;d=mm&#038;r=g' srcset='https:\/\/secure.gravatar.com\/avatar\/4ce530610c62f9bdd79a39ebf46b0c5c?s=96&#038;d=mm&#038;r=g 2x' class='avatar avatar-48 photo wp-block-latest-comments__comment-avatar' height='48' width='48' \/><article><footer class=\"wp-block-latest-comments__comment-meta\"><span class=\"wp-block-latest-comments__comment-author\">Pierre Joly<\/span> sur <a class=\"wp-block-latest-comments__comment-link\" href=\"https:\/\/blog.fondation-ove.fr\/ditep63\/2026\/01\/26\/enzo-et-le-festival-dangouleme\/#comment-102\">Enzo et le festival d&rsquo;Angoul\u00eame<\/a><time datetime=\"2026-01-29T08:39:04+01:00\" class=\"wp-block-latest-comments__comment-date\">29 janvier 2026<\/time><\/footer><div class=\"wp-block-latest-comments__comment-excerpt\"><p>Bravo, c&rsquo;\u00e9tait une chouette rencontre ! J&rsquo;esp\u00e8re que tu continueras \u00e0 faire parler tes crayons ! \u270f\ufe0f<\/p>\n<\/div><\/article><\/li><li class=\"wp-block-latest-comments__comment\"><img alt='' src='https:\/\/secure.gravatar.com\/avatar\/4ce530610c62f9bdd79a39ebf46b0c5c?s=48&#038;d=mm&#038;r=g' srcset='https:\/\/secure.gravatar.com\/avatar\/4ce530610c62f9bdd79a39ebf46b0c5c?s=96&#038;d=mm&#038;r=g 2x' class='avatar avatar-48 photo wp-block-latest-comments__comment-avatar' height='48' width='48' \/><article><footer class=\"wp-block-latest-comments__comment-meta\"><span class=\"wp-block-latest-comments__comment-author\">Pierre Joly<\/span> sur <a class=\"wp-block-latest-comments__comment-link\" href=\"https:\/\/blog.fondation-ove.fr\/ditep63\/2026\/01\/26\/enzo-et-le-festival-dangouleme\/#comment-101\">Enzo et le festival d&rsquo;Angoul\u00eame<\/a><time datetime=\"2026-01-29T08:37:44+01:00\" class=\"wp-block-latest-comments__comment-date\">29 janvier 2026<\/time><\/footer><div class=\"wp-block-latest-comments__comment-excerpt\"><p>Bravo pour ta BD. C&rsquo;\u00e9tait une chouette rencontre. J&rsquo;esp\u00e8re que tu continueras \u00e0 faire parler tes crayons ! \u270f\ufe0f<\/p>\n<\/div><\/article><\/li><li class=\"wp-block-latest-comments__comment\"><img alt='' src='https:\/\/secure.gravatar.com\/avatar\/c2dda46c7286b3584262811727aef7ff?s=48&#038;d=mm&#038;r=g' srcset='https:\/\/secure.gravatar.com\/avatar\/c2dda46c7286b3584262811727aef7ff?s=96&#038;d=mm&#038;r=g 2x' class='avatar avatar-48 photo wp-block-latest-comments__comment-avatar' height='48' width='48' \/><article><footer class=\"wp-block-latest-comments__comment-meta\"><a class=\"wp-block-latest-comments__comment-author\" href=\"http:\/\/Google\">Dreyer<\/a> sur <a class=\"wp-block-latest-comments__comment-link\" href=\"https:\/\/blog.fondation-ove.fr\/ditep63\/2023\/11\/14\/qui-est-leo-succulent\/#comment-100\">Qui est L\u00e9o succulent ?<\/a><time datetime=\"2025-12-13T20:18:26+01:00\" class=\"wp-block-latest-comments__comment-date\">13 d\u00e9cembre 2025<\/time><\/footer><div class=\"wp-block-latest-comments__comment-excerpt\"><p>Je l&rsquo;adore mais j&rsquo;aimerais trop savoir comment il s&rsquo;appelle ect ect<\/p>\n<\/div><\/article><\/li><\/ol><\/div>","pwapp_post_content_type":"postprocessed2","pwapp_preview_type":"excerpt","androapp_failover_post_content_type":"","share_text":"\nvia https:\/\/blog.fondation-ove.fr\/ditep63\/","androapp_comments_count":0,"supercache":"androappsupercache","_links":{"self":[{"href":"https:\/\/blog.fondation-ove.fr\/ditep63\/wp-json\/wp\/v2\/pages\/2382","targetHints":{"allow":["GET"]}}],"collection":[{"href":"https:\/\/blog.fondation-ove.fr\/ditep63\/wp-json\/wp\/v2\/pages"}],"about":[{"href":"https:\/\/blog.fondation-ove.fr\/ditep63\/wp-json\/wp\/v2\/types\/page"}],"author":[{"embeddable":true,"href":"https:\/\/blog.fondation-ove.fr\/ditep63\/wp-json\/wp\/v2\/users\/511"}],"replies":[{"embeddable":true,"href":"https:\/\/blog.fondation-ove.fr\/ditep63\/wp-json\/wp\/v2\/comments?post=2382"}],"version-history":[{"count":7,"href":"https:\/\/blog.fondation-ove.fr\/ditep63\/wp-json\/wp\/v2\/pages\/2382\/revisions"}],"predecessor-version":[{"id":2679,"href":"https:\/\/blog.fondation-ove.fr\/ditep63\/wp-json\/wp\/v2\/pages\/2382\/revisions\/2679"}],"up":[{"embeddable":true,"href":"https:\/\/blog.fondation-ove.fr\/ditep63\/wp-json\/wp\/v2\/pages\/129"}],"wp:attachment":[{"href":"https:\/\/blog.fondation-ove.fr\/ditep63\/wp-json\/wp\/v2\/media?parent=2382"}],"curies":[{"name":"wp","href":"https:\/\/api.w.org\/{rel}","templated":true}]}}