{"id":129,"date":"2018-12-18T22:07:17","date_gmt":"2018-12-18T21:07:17","guid":{"rendered":"http:\/\/blog.fondation-ove.fr\/ditep63\/?page_id=129"},"modified":"2022-06-22T10:47:03","modified_gmt":"2022-06-22T08:47:03","slug":"le-bg","status":"publish","type":"page","link":"https:\/\/blog.fondation-ove.fr\/ditep63\/le-bg\/","title":{"rendered":"Accueil"},"content":{"rendered":"\n<div class=\"wp-block-image\"><figure class=\"aligncenter size-large is-resized\"><img loading=\"lazy\" decoding=\"async\" src=\"https:\/\/blog.fondation-ove.fr\/ditep63\/wp-content\/uploads\/sites\/61\/2022\/05\/bouchon-V3-888x675.jpg\" alt=\"\" class=\"wp-image-2187\" width=\"728\" height=\"553\" \/><\/figure><\/div>\n\n\n<hr>\n<p><strong>BIENVENUE A TOUS&nbsp; sur le site internet du DITEP 63<\/strong><\/p>\n<p style=\"text-align: left\">Un petit groupe de professionnels et de jeunes se lancent dans la cr\u00e9ation&nbsp; d&rsquo;un blog en esp\u00e9rant la participation d&rsquo;un plus grand nombre. Les jeunes y seront associ\u00e9s pour d\u00e9velopper leurs apprentissages et montrer leurs \u0153uvres !*<\/p>\n<p style=\"text-align: right\">Voir la pr\u00e9sentation du \u00ab\u00a0<a href=\"https:\/\/blog.fondation-ove.fr\/ditep63\/le-comite-de-redaction\/\">comit\u00e9 de r\u00e9daction<\/a>\u00ab\u00a0<\/p>\n<h1 style=\"text-align: center\"><strong>Qui sont les p&rsquo;tits r\u00e9dacteurs?<\/strong>&nbsp;<\/h1>\n<hr>\n\n<a href=\"https:\/\/blog.fondation-ove.fr\/ditep63\/wp-content\/uploads\/sites\/61\/2022\/05\/idee-presentation-ptitsredacteurs-V3.pdf\" class=\"pdfemb-viewer\" style=\"\" data-width=\"max\" data-height=\"max\" data-toolbar=\"bottom\" data-toolbar-fixed=\"off\">idee-presentation-ptitsredacteurs-V3<\/a>\n<p class=\"wp-block-pdfemb-pdf-embedder-viewer\"><\/p>\n\n\n\n<figure class=\"wp-block-image size-full\"><img loading=\"lazy\" decoding=\"async\" width=\"1017\" height=\"637\" src=\"http:\/\/blog.fondation-ove.fr\/ditep63\/wp-content\/uploads\/sites\/61\/2021\/11\/missios-images.png\" alt=\"\" class=\"wp-image-1726\" srcset=\"https:\/\/blog.fondation-ove.fr\/ditep63\/wp-content\/uploads\/sites\/61\/2021\/11\/missios-images.png 1017w, https:\/\/blog.fondation-ove.fr\/ditep63\/wp-content\/uploads\/sites\/61\/2021\/11\/missios-images-768x481.png 768w\" sizes=\"auto, (max-width: 1017px) 100vw, 1017px\" \/><\/figure>\n\n\n\n<div class=\"wp-block-file aligncenter\"><a id=\"wp-block-file--media-418f4300-7dfc-42ad-b18d-9898736d495c\" href=\"https:\/\/blog.fondation-ove.fr\/ditep63\/wp-content\/uploads\/sites\/61\/2020\/09\/Plaquette-du-blog-du-DITEP-V3.pdf\" target=\"_blank\" rel=\"noreferrer noopener\">Plaquette-du-blog-du-DITEP \u00e0<\/a><a href=\"https:\/\/blog.fondation-ove.fr\/ditep63\/wp-content\/uploads\/sites\/61\/2020\/09\/Plaquette-du-blog-du-DITEP-V3.pdf\" class=\"wp-block-file__button\" download aria-describedby=\"wp-block-file--media-418f4300-7dfc-42ad-b18d-9898736d495c\">T\u00e9l\u00e9charger<\/a><\/div>\n\n\n\n<div data-wp-interactive=\"core\/file\" class=\"wp-block-file\"><a href=\"http:\/\/blog.fondation-ove.fr\/ditep63\/wp-content\/uploads\/sites\/61\/2021\/10\/idee-presentation-ptitsredacteurs-1.pdf\">id\u00e9e-pr\u00e9sentation-ptitsr\u00e9dacteurs<\/a><a href=\"http:\/\/blog.fondation-ove.fr\/ditep63\/wp-content\/uploads\/sites\/61\/2021\/10\/idee-presentation-ptitsredacteurs-1.pdf\" class=\"wp-block-file__button\" download>T\u00e9l\u00e9charger<\/a><\/div>\n\n\n<a href=\"https:\/\/blog.fondation-ove.fr\/ditep63\/wp-content\/uploads\/sites\/61\/2021\/05\/Plaquette-du-blog-du-DITEP-V3.pdf\" class=\"pdfemb-viewer\" style=\"\" data-width=\"max\" data-height=\"max\" data-toolbar=\"bottom\" data-toolbar-fixed=\"off\">Plaquette-du-blog-du-DITEP-V3<\/a>\n<p class=\"wp-block-pdfemb-pdf-embedder-viewer\"><\/p>\n\n\n\n<div class=\"wp-block-image\"><figure class=\"aligncenter size-large\"><img loading=\"lazy\" decoding=\"async\" width=\"200\" height=\"184\" src=\"http:\/\/blog.fondation-ove.fr\/ditep63\/wp-content\/uploads\/sites\/61\/2018\/10\/ove-logo_edited.jpg\" alt=\"\" class=\"wp-image-37\" \/><\/figure><\/div>\n","protected":false},"excerpt":{"rendered":"<p>BIENVENUE A TOUS&nbsp; sur le site internet du DITEP 63 Un petit groupe de professionnels et de jeunes se lancent dans la cr\u00e9ation&nbsp; d&rsquo;un blog en esp\u00e9rant la participation d&rsquo;un plus grand nombre. Les jeunes y seront associ\u00e9s pour d\u00e9velopper leurs apprentissages et montrer leurs \u0153uvres !* Voir la pr\u00e9sentation du \u00ab\u00a0comit\u00e9 de r\u00e9daction\u00ab\u00a0 Qui&hellip; <\/p>\n<p class=\"toivo-read-more\"><a href=\"https:\/\/blog.fondation-ove.fr\/ditep63\/le-bg\/\" class=\"more-link\">Lire la suite <span class=\"screen-reader-text\">Accueil<\/span><\/a><\/p>\n","protected":false},"author":511,"featured_media":0,"parent":0,"menu_order":0,"comment_status":"closed","ping_status":"closed","template":"","meta":{"footnotes":""},"class_list":{"0":"post-129","1":"page","2":"type-page","3":"status-publish","5":"entry"},"pwapp_after_post_content":"","pwapp_before_post_content":"","androapp_header":"","pwapp_author":{"ID":511,"name":"lesptitsredacteurs","slug":"lesptitsredacteurs"},"pwapp_terms":[],"pwapp_feed_image_dimension_type":"preview","pwapp_post_image":"https:\/\/blog.fondation-ove.fr\/ditep63\/wp-content\/uploads\/sites\/61\/2022\/05\/bouchon-V3-888x675.jpg","share_image":"https:\/\/blog.fondation-ove.fr\/ditep63\/wp-content\/uploads\/sites\/61\/2022\/05\/bouchon-V3-888x675.jpg","featured_image_showhide":"show","pwapp_excerpt":"<p>BIENVENUE A TOUS&nbsp; sur le site internet du DITEP 63 Un petit groupe de professionnels et de jeunes se lancent dans la cr\u00e9ation&nbsp; d&rsquo;un blog en esp\u00e9rant la participation d&rsquo;un plus grand nombre. Les jeunes y seront associ\u00e9s pour d\u00e9velopper leurs apprentissages et montrer leurs \u0153uvres !* Voir la pr\u00e9sentation du \u00ab\u00a0comit\u00e9 de r\u00e9daction\u00ab\u00a0 Qui&hellip; <\/p>\n<p class=\"toivo-read-more\"><a href=\"https:\/\/blog.fondation-ove.fr\/ditep63\/le-bg\/\" class=\"more-link\">Lire la suite <span class=\"screen-reader-text\">Accueil<\/span><\/a><\/p>\n","pwapp_title":"Accueil","androapp_image_list":[{"src":"https:\/\/blog.fondation-ove.fr\/ditep63\/wp-content\/uploads\/sites\/61\/2022\/05\/bouchon-V3-888x675.jpg","height":200},{"src":"http:\/\/blog.fondation-ove.fr\/ditep63\/wp-content\/uploads\/sites\/61\/2021\/11\/missios-images.png","height":200},{"src":"http:\/\/blog.fondation-ove.fr\/ditep63\/wp-content\/uploads\/sites\/61\/2018\/10\/ove-logo_edited.jpg","height":200}],"pwapp_post_content":"<style type=\"text\/css\">androapp img{\r\n    max-width: 100%;\r\n    height: auto;\r\n}\r\niframe{\r\n    max-width: 100%;    \r\n}\r\nfigure {\r\n    max-width: 100%;\r\n    height: auto;\r\n}\r\nimg{\r\n    max-width: 100% !important;\r\n    height: auto;\r\n}\r\ndiv {\r\n    max-width: 100% !important;\r\n}\r\nspan {\r\n    max-width:100%;\r\n    overflow: auto;\r\n}\r\naudio {\r\n    display:block;\r\n    visibility:visible !important;\r\n}\r\nvideo{\r\n    width:100%;\r\n    height:auto;\r\n}\r\n<\/style><div class='androapp'>\n<div class=\"wp-block-image\"><figure class=\"aligncenter size-large is-resized\"><img loading=\"lazy\" decoding=\"async\" src=\"https:\/\/blog.fondation-ove.fr\/ditep63\/wp-content\/uploads\/sites\/61\/2022\/05\/bouchon-V3-888x675.jpg\" alt=\"\" class=\"wp-image-2187\" width=\"728\" height=\"553\" \/><\/figure><\/div>\n\n\n<hr>\n<p><strong>BIENVENUE A TOUS&nbsp; sur le site internet du DITEP 63<\/strong><\/p>\n<p style=\"text-align: left\">Un petit groupe de professionnels et de jeunes se lancent dans la cr\u00e9ation&nbsp; d&rsquo;un blog en esp\u00e9rant la participation d&rsquo;un plus grand nombre. Les jeunes y seront associ\u00e9s pour d\u00e9velopper leurs apprentissages et montrer leurs \u0153uvres !*<\/p>\n<p style=\"text-align: right\">Voir la pr\u00e9sentation du \u00ab\u00a0<a href=\"https:\/\/blog.fondation-ove.fr\/ditep63\/le-comite-de-redaction\/\">comit\u00e9 de r\u00e9daction<\/a>\u00ab\u00a0<\/p>\n<h1 style=\"text-align: center\"><strong>Qui sont les p&rsquo;tits r\u00e9dacteurs?<\/strong>&nbsp;<\/h1>\n<hr>\n\n<a href=\"https:\/\/blog.fondation-ove.fr\/ditep63\/wp-content\/uploads\/sites\/61\/2022\/05\/idee-presentation-ptitsredacteurs-V3.pdf\" class=\"pdfemb-viewer\" style=\"\" data-width=\"max\" data-height=\"max\" data-toolbar=\"bottom\" data-toolbar-fixed=\"off\">idee-presentation-ptitsredacteurs-V3<\/a>\n<p class=\"wp-block-pdfemb-pdf-embedder-viewer\"><\/p>\n\n\n\n<figure class=\"wp-block-image size-full\"><img loading=\"lazy\" decoding=\"async\" width=\"1017\" height=\"637\" src=\"http:\/\/blog.fondation-ove.fr\/ditep63\/wp-content\/uploads\/sites\/61\/2021\/11\/missios-images.png\" alt=\"\" class=\"wp-image-1726\" srcset=\"https:\/\/blog.fondation-ove.fr\/ditep63\/wp-content\/uploads\/sites\/61\/2021\/11\/missios-images.png 1017w, https:\/\/blog.fondation-ove.fr\/ditep63\/wp-content\/uploads\/sites\/61\/2021\/11\/missios-images-768x481.png 768w\" sizes=\"auto, (max-width: 1017px) 100vw, 1017px\" \/><\/figure>\n\n\n\n<div class=\"wp-block-file aligncenter\"><a id=\"wp-block-file--media-418f4300-7dfc-42ad-b18d-9898736d495c\" href=\"https:\/\/blog.fondation-ove.fr\/ditep63\/wp-content\/uploads\/sites\/61\/2020\/09\/Plaquette-du-blog-du-DITEP-V3.pdf\" target=\"_blank\" rel=\"noreferrer noopener\">Plaquette-du-blog-du-DITEP \u00e0<\/a><a href=\"https:\/\/blog.fondation-ove.fr\/ditep63\/wp-content\/uploads\/sites\/61\/2020\/09\/Plaquette-du-blog-du-DITEP-V3.pdf\" class=\"wp-block-file__button\" download aria-describedby=\"wp-block-file--media-418f4300-7dfc-42ad-b18d-9898736d495c\">T\u00e9l\u00e9charger<\/a><\/div>\n\n\n\n<div data-wp-interactive=\"core\/file\" class=\"wp-block-file\"><a href=\"http:\/\/blog.fondation-ove.fr\/ditep63\/wp-content\/uploads\/sites\/61\/2021\/10\/idee-presentation-ptitsredacteurs-1.pdf\">id\u00e9e-pr\u00e9sentation-ptitsr\u00e9dacteurs<\/a><a href=\"http:\/\/blog.fondation-ove.fr\/ditep63\/wp-content\/uploads\/sites\/61\/2021\/10\/idee-presentation-ptitsredacteurs-1.pdf\" class=\"wp-block-file__button\" download>T\u00e9l\u00e9charger<\/a><\/div>\n\n\n<a href=\"https:\/\/blog.fondation-ove.fr\/ditep63\/wp-content\/uploads\/sites\/61\/2021\/05\/Plaquette-du-blog-du-DITEP-V3.pdf\" class=\"pdfemb-viewer\" style=\"\" data-width=\"max\" data-height=\"max\" data-toolbar=\"bottom\" data-toolbar-fixed=\"off\">Plaquette-du-blog-du-DITEP-V3<\/a>\n<p class=\"wp-block-pdfemb-pdf-embedder-viewer\"><\/p>\n\n\n\n<div class=\"wp-block-image\"><figure class=\"aligncenter size-large\"><img loading=\"lazy\" decoding=\"async\" width=\"200\" height=\"184\" src=\"http:\/\/blog.fondation-ove.fr\/ditep63\/wp-content\/uploads\/sites\/61\/2018\/10\/ove-logo_edited.jpg\" alt=\"\" class=\"wp-image-37\" \/><\/figure><\/div>\n<\/div>","pwapp_post_content_type":"postprocessed2","pwapp_preview_type":"excerpt","androapp_failover_post_content_type":"","share_text":"Accueil\nvia https:\/\/blog.fondation-ove.fr\/ditep63\/le-bg\/","androapp_comments_count":0,"supercache":"androappsupercache","_links":{"self":[{"href":"https:\/\/blog.fondation-ove.fr\/ditep63\/wp-json\/wp\/v2\/pages\/129","targetHints":{"allow":["GET"]}}],"collection":[{"href":"https:\/\/blog.fondation-ove.fr\/ditep63\/wp-json\/wp\/v2\/pages"}],"about":[{"href":"https:\/\/blog.fondation-ove.fr\/ditep63\/wp-json\/wp\/v2\/types\/page"}],"author":[{"embeddable":true,"href":"https:\/\/blog.fondation-ove.fr\/ditep63\/wp-json\/wp\/v2\/users\/511"}],"replies":[{"embeddable":true,"href":"https:\/\/blog.fondation-ove.fr\/ditep63\/wp-json\/wp\/v2\/comments?post=129"}],"version-history":[{"count":55,"href":"https:\/\/blog.fondation-ove.fr\/ditep63\/wp-json\/wp\/v2\/pages\/129\/revisions"}],"predecessor-version":[{"id":2188,"href":"https:\/\/blog.fondation-ove.fr\/ditep63\/wp-json\/wp\/v2\/pages\/129\/revisions\/2188"}],"wp:attachment":[{"href":"https:\/\/blog.fondation-ove.fr\/ditep63\/wp-json\/wp\/v2\/media?parent=129"}],"curies":[{"name":"wp","href":"https:\/\/api.w.org\/{rel}","templated":true}]}}