{"id":915,"date":"2020-09-15T08:38:12","date_gmt":"2020-09-15T06:38:12","guid":{"rendered":"http:\/\/blog.fondation-ove.fr\/ditep63-demo\/?page_id=915"},"modified":"2021-06-15T14:38:25","modified_gmt":"2021-06-15T12:38:25","slug":"le-ditep-cest-quoi","status":"publish","type":"page","link":"https:\/\/blog.fondation-ove.fr\/ditep63-demo\/le-ditep-cest-quoi\/","title":{"rendered":"Le DITEP &#8230; C&rsquo;est Quoi ?"},"content":{"rendered":"\n<figure class=\"wp-block-image\"><a href=\"http:\/\/blog.fondation-ove.fr\/ditep63-demo\/wp-content\/uploads\/sites\/86\/2018\/10\/photo-sh\u00e9ma-ditep.jpg\"><img loading=\"lazy\" decoding=\"async\" width=\"812\" height=\"412\" src=\"http:\/\/blog.fondation-ove.fr\/ditep63-demo\/wp-content\/uploads\/sites\/86\/2018\/10\/photo-sh\u00e9ma-ditep.jpg\" alt=\"\" class=\"wp-image-288\" srcset=\"https:\/\/blog.fondation-ove.fr\/ditep63-demo\/wp-content\/uploads\/sites\/86\/2018\/10\/photo-sh\u00e9ma-ditep.jpg 812w, https:\/\/blog.fondation-ove.fr\/ditep63-demo\/wp-content\/uploads\/sites\/86\/2018\/10\/photo-sh\u00e9ma-ditep-768x390.jpg 768w\" sizes=\"auto, (max-width: 812px) 100vw, 812px\" \/><\/a><\/figure>\n\n\n\n<p class=\"has-text-align-center\">Des modalit\u00e9s d&rsquo;accompagnement type externat :<\/p>\n\n\n\n<ul class=\"wp-block-list\"><li>Une unit\u00e9 6-12 ans, une unit\u00e9 11-16 ans, une unit\u00e9 15-20 ans,<\/li><li>Une Unit\u00e9 Mobile<\/li><li>Un PCPE (<strong>P<\/strong>\u00f4le de <strong>C<\/strong>omp\u00e9tence et de <strong>P<\/strong>restations <strong>E<\/strong>xternalis\u00e9es)<\/li><li>Un Atelier Solidaire (m\u00e9canique et m\u00e9tallerie)<\/li><li>Un SESSAD (accompagnement ambulatoire sur les lieux de vie)<\/li><\/ul>\n\n\n\n<p class=\"has-text-align-center\">Des modalit\u00e9s d&rsquo;accompagnement inclusifs (type internat) :<\/p>\n\n\n\n<ul class=\"wp-block-list\"><li>La Villa de Riom (h\u00e9bergement des 11-16 ans)<\/li><li>Le Corum St Jean (h\u00e9bergement des 15-20 ans) <\/li><\/ul>\n\n\n\n<p class=\"has-text-align-center\">&#8212;&#8212;&#8212;&#8212;&#8212;&#8212;&#8212;&#8212;&#8212;&#8212;&#8212;&#8212;&#8212;&#8212;&#8212;&#8212;&#8212;&#8212;&#8212;&#8212;&#8212;&#8212;&#8212;&#8212;&#8212;&#8212;&#8212;&#8212;&#8212;&#8211; <\/p>\n\n\n\n<p class=\"has-text-align-center\">Le <strong>DITEP<\/strong> de Montferrand permet donc <strong>des accompagnements sp\u00e9cifiques<\/strong> selon les besoins du jeunes, dans les 3 dimensions en lien avec <strong>ses missions<\/strong> :<\/p>\n\n\n\n<figure class=\"wp-block-image\"><a href=\"http:\/\/blog.fondation-ove.fr\/ditep63-demo\/wp-content\/uploads\/sites\/86\/2018\/10\/Sch\u00e9ma-3D-DITEP-v4.jpg\"><img loading=\"lazy\" decoding=\"async\" width=\"850\" height=\"478\" src=\"http:\/\/blog.fondation-ove.fr\/ditep63-demo\/wp-content\/uploads\/sites\/86\/2018\/10\/Sch\u00e9ma-3D-DITEP-v4-850x478.jpg\" alt=\"\" class=\"wp-image-885\" srcset=\"https:\/\/blog.fondation-ove.fr\/ditep63-demo\/wp-content\/uploads\/sites\/86\/2018\/10\/Sch\u00e9ma-3D-DITEP-v4-850x478.jpg 850w, https:\/\/blog.fondation-ove.fr\/ditep63-demo\/wp-content\/uploads\/sites\/86\/2018\/10\/Sch\u00e9ma-3D-DITEP-v4-250x141.jpg 250w\" sizes=\"auto, (max-width: 850px) 100vw, 850px\" \/><\/a><\/figure>\n\n\n\n<div class=\"wp-block-columns is-layout-flex wp-container-core-columns-is-layout-1 wp-block-columns-is-layout-flex\">\n<div class=\"wp-block-column is-layout-flow wp-block-column-is-layout-flow\" style=\"flex-basis:100%\">\n<p class=\"wp-block-pdfemb-pdf-embedder-viewer\"><\/p>\n<\/div>\n<\/div>\n\n\n\n<div class=\"wp-block-file\"><a href=\"https:\/\/blog.fondation-ove.fr\/ditep63-demo\/wp-content\/uploads\/sites\/86\/2020\/09\/livret_daccueil_du_jeune_v13.pdf\" target=\"_blank\" rel=\"noreferrer noopener\">\u00ab\u00a0Livret d&rsquo;accueil du jeune\u00a0\u00bb\u00e0 :<\/a><a href=\"https:\/\/blog.fondation-ove.fr\/ditep63-demo\/wp-content\/uploads\/sites\/86\/2020\/09\/livret_daccueil_du_jeune_v13.pdf\" class=\"wp-block-file__button\" download>T\u00e9l\u00e9charger<\/a><\/div>\n\n\n\n<hr class=\"wp-block-separator\" \/>\n\n\n\n<p class=\"has-text-align-center\"><strong>Pour aller plus loin : <\/strong><\/p>\n\n\n\n<figure class=\"wp-block-video aligncenter\"><video controls src=\"http:\/\/blog.fondation-ove.fr\/ditep63-demo\/wp-content\/uploads\/sites\/86\/2020\/10\/video-OVE-DITEP.mp4\"><\/video><\/figure>\n\n\n\n<div class=\"wp-block-group\"><div class=\"wp-block-group__inner-container is-layout-flow wp-block-group-is-layout-flow\">\n<div class=\"wp-block-file\"><a href=\"https:\/\/blog.fondation-ove.fr\/ditep63-demo\/wp-content\/uploads\/sites\/86\/2021\/03\/GPS-DU-DITEP-1.pdf\"><br>A d\u00e9couvrir \u00e9galement le <strong>G<\/strong>uide d&rsquo;orientation <strong>P<\/strong>rofessionnel et <strong>S<\/strong>colaire du DITEP de Montferrand, le \u00ab\u00a0GPS-DU-DITEP\u00a0\u00bb \u00e0<\/a><a href=\"https:\/\/blog.fondation-ove.fr\/ditep63-demo\/wp-content\/uploads\/sites\/86\/2021\/03\/GPS-DU-DITEP-1.pdf\" class=\"wp-block-file__button\" download>T\u00e9l\u00e9charger<\/a><\/div>\n\n\n\n<p class=\"wp-block-pdfemb-pdf-embedder-viewer\"><\/p>\n\n\n\n<p><\/p>\n<\/div><\/div>\n\n\n\n<p class=\"has-text-align-right\">Acc\u00e9der au <a href=\"https:\/\/blog.fondation-ove.fr\/polepedagoditep63\/\">P\u00f4le P\u00e9dagogique<\/a><\/p>\n\n\n\n<div class=\"wp-block-image\"><figure class=\"aligncenter\"><img loading=\"lazy\" decoding=\"async\" width=\"200\" height=\"184\" src=\"http:\/\/blog.fondation-ove.fr\/ditep63-demo\/wp-content\/uploads\/sites\/86\/2018\/10\/ove-logo_edited.jpg\" alt=\"\" class=\"wp-image-37\" \/><\/figure><\/div>\n","protected":false},"excerpt":{"rendered":"<p>Des modalit\u00e9s d&rsquo;accompagnement type externat : Une unit\u00e9 6-12 ans, une unit\u00e9 11-16 ans, une unit\u00e9 15-20 ans, Une Unit\u00e9 Mobile Un PCPE (P\u00f4le de Comp\u00e9tence et de Prestations Externalis\u00e9es) Un Atelier Solidaire (m\u00e9canique et m\u00e9tallerie) Un SESSAD (accompagnement ambulatoire sur les lieux de vie) Des modalit\u00e9s d&rsquo;accompagnement inclusifs (type internat) : La Villa de&hellip; <\/p>\n<p class=\"toivo-read-more\"><a href=\"https:\/\/blog.fondation-ove.fr\/ditep63-demo\/le-ditep-cest-quoi\/\" class=\"more-link\">Lire la suite <span class=\"screen-reader-text\">Le DITEP &#8230; C&rsquo;est Quoi ?<\/span><\/a><\/p>\n","protected":false},"author":454,"featured_media":0,"parent":0,"menu_order":0,"comment_status":"closed","ping_status":"closed","template":"","meta":{"ngg_post_thumbnail":0,"footnotes":""},"class_list":{"0":"post-915","1":"page","2":"type-page","3":"status-publish","5":"entry"},"_links":{"self":[{"href":"https:\/\/blog.fondation-ove.fr\/ditep63-demo\/wp-json\/wp\/v2\/pages\/915","targetHints":{"allow":["GET"]}}],"collection":[{"href":"https:\/\/blog.fondation-ove.fr\/ditep63-demo\/wp-json\/wp\/v2\/pages"}],"about":[{"href":"https:\/\/blog.fondation-ove.fr\/ditep63-demo\/wp-json\/wp\/v2\/types\/page"}],"author":[{"embeddable":true,"href":"https:\/\/blog.fondation-ove.fr\/ditep63-demo\/wp-json\/wp\/v2\/users\/454"}],"replies":[{"embeddable":true,"href":"https:\/\/blog.fondation-ove.fr\/ditep63-demo\/wp-json\/wp\/v2\/comments?post=915"}],"version-history":[{"count":29,"href":"https:\/\/blog.fondation-ove.fr\/ditep63-demo\/wp-json\/wp\/v2\/pages\/915\/revisions"}],"predecessor-version":[{"id":1456,"href":"https:\/\/blog.fondation-ove.fr\/ditep63-demo\/wp-json\/wp\/v2\/pages\/915\/revisions\/1456"}],"wp:attachment":[{"href":"https:\/\/blog.fondation-ove.fr\/ditep63-demo\/wp-json\/wp\/v2\/media?parent=915"}],"curies":[{"name":"wp","href":"https:\/\/api.w.org\/{rel}","templated":true}]}}