{"id":453,"date":"2014-10-03T14:55:23","date_gmt":"2014-10-03T13:55:23","guid":{"rendered":"http:\/\/blog.fondation-ove.fr\/delta01\/?page_id=453"},"modified":"2026-02-26T16:08:08","modified_gmt":"2026-02-26T15:08:08","slug":"ressources","status":"publish","type":"page","link":"https:\/\/blog.fondation-ove.fr\/delta01\/ressources\/","title":{"rendered":"RESSOURCES"},"content":{"rendered":"\n<p>L&rsquo;\u00e9quipe du Delta 01 vous propose des ressources s\u00e9lectionn\u00e9es et cr\u00e9\u00e9es avec soin pour aider \u00e0 une meilleure compr\u00e9hension des Troubles du Neurod\u00e9veloppement et leur accompagnement. Pour chaque page, diff\u00e9rentes ressources sont disponibles : articles, sch\u00e9mas, vid\u00e9os, documents \u00e9crits, id\u00e9es lectures, bibliographies&#8230;<\/p>\n\n\n\n<p><strong>Cliquez sur le th\u00e8me qui vous int\u00e9resse <\/strong>:<\/p>\n\n\n\n<p>\ud83d\udc49 <a href=\"https:\/\/padlet.com\/delta01prezi\/les-troubles-du-neurod-veloppement-et-troubles-dys-mieux-com-4ldtfnrwetezy7dq\">Mieux COMPRENDRE les troubles<\/a> : Comment apprend-on ? Que veulent dire ces diagnostics ? Comprendre les diff\u00e9rentes orientations scolaires&#8230;<\/p>\n\n\n\n<p>\ud83d\udc49 <a href=\"https:\/\/padlet.com\/delta01prezi\/les-troubles-dys-mieux-accompagner-e0oldtvab5lwsd25\">Mieux les ACCOMPAGNER <\/a>: outils d&rsquo;am\u00e9nagement, associations, adaptations au quotidien&#8230;<\/p>\n\n\n\n<p>\ud83d\udc49 <a href=\"https:\/\/padlet.com\/delta01prezi\/webinaires-conf-rences-et-biblio-2tdvmankw57ym68q\">Webinaires et conf\u00e9rences<\/a> : pour aller plus loin<\/p>\n\n\n\n<div class=\"wp-block-group\"><div class=\"wp-block-group__inner-container is-layout-constrained wp-block-group-is-layout-constrained\"><\/div><\/div>\n","protected":false},"excerpt":{"rendered":"<p>L&rsquo;\u00e9quipe du Delta 01 vous propose des ressources s\u00e9lectionn\u00e9es et cr\u00e9\u00e9es avec soin pour aider \u00e0 une meilleure compr\u00e9hension des Troubles du Neurod\u00e9veloppement et leur accompagnement. Pour chaque page, diff\u00e9rentes ressources sont disponibles : articles, sch\u00e9mas, vid\u00e9os, documents \u00e9crits, id\u00e9es lectures, bibliographies&#8230; Cliquez sur le th\u00e8me qui vous int\u00e9resse : \ud83d\udc49 Mieux COMPRENDRE les troubles&hellip; <\/p>\n<p class=\"toivo-read-more\"><a href=\"https:\/\/blog.fondation-ove.fr\/delta01\/ressources\/\" class=\"more-link\">Lire la suite <span class=\"screen-reader-text\">RESSOURCES<\/span><\/a><\/p>\n","protected":false},"author":663,"featured_media":0,"parent":0,"menu_order":5,"comment_status":"closed","ping_status":"closed","template":"","meta":{"footnotes":""},"class_list":{"0":"post-453","1":"page","2":"type-page","3":"status-publish","5":"entry"},"_links":{"self":[{"href":"https:\/\/blog.fondation-ove.fr\/delta01\/wp-json\/wp\/v2\/pages\/453","targetHints":{"allow":["GET"]}}],"collection":[{"href":"https:\/\/blog.fondation-ove.fr\/delta01\/wp-json\/wp\/v2\/pages"}],"about":[{"href":"https:\/\/blog.fondation-ove.fr\/delta01\/wp-json\/wp\/v2\/types\/page"}],"author":[{"embeddable":true,"href":"https:\/\/blog.fondation-ove.fr\/delta01\/wp-json\/wp\/v2\/users\/663"}],"replies":[{"embeddable":true,"href":"https:\/\/blog.fondation-ove.fr\/delta01\/wp-json\/wp\/v2\/comments?post=453"}],"version-history":[{"count":32,"href":"https:\/\/blog.fondation-ove.fr\/delta01\/wp-json\/wp\/v2\/pages\/453\/revisions"}],"predecessor-version":[{"id":1047,"href":"https:\/\/blog.fondation-ove.fr\/delta01\/wp-json\/wp\/v2\/pages\/453\/revisions\/1047"}],"wp:attachment":[{"href":"https:\/\/blog.fondation-ove.fr\/delta01\/wp-json\/wp\/v2\/media?parent=453"}],"curies":[{"name":"wp","href":"https:\/\/api.w.org\/{rel}","templated":true}]}}