{"id":414,"date":"2014-10-03T11:15:48","date_gmt":"2014-10-03T10:15:48","guid":{"rendered":"http:\/\/blog.fondation-ove.fr\/delta01\/?page_id=414"},"modified":"2026-03-09T16:54:10","modified_gmt":"2026-03-09T15:54:10","slug":"espace-professionnel","status":"publish","type":"page","link":"https:\/\/blog.fondation-ove.fr\/delta01\/espace-professionnel\/","title":{"rendered":"ESPACE PROFESSIONNEL"},"content":{"rendered":"\n<h2 class=\"wp-block-heading\">Formations<\/h2>\n\n\n\n<p>En tant que Dispositif d&rsquo;Expertise pour les Troubles des Apprentissages, le DELTA 01 dispense des formations \u00e0 des profesionnels. T\u00e9l\u00e9chargez la plaquette de pr\u00e9sentation pour plus d&rsquo;informations.&nbsp;<\/p>\n\n\n\n<div class=\"wp-block-file\"><a id=\"wp-block-file--media-0ec4dde6-4da3-47e1-8e6d-4c182c5eadca\" href=\"https:\/\/blog.fondation-ove.fr\/delta01\/wp-content\/uploads\/sites\/31\/2022\/10\/Presentation-des-formations.pdf\">Plaquette-des-formations<\/a><a href=\"https:\/\/blog.fondation-ove.fr\/delta01\/wp-content\/uploads\/sites\/31\/2022\/10\/Presentation-des-formations.pdf\" class=\"wp-block-file__button wp-element-button\" download aria-describedby=\"wp-block-file--media-0ec4dde6-4da3-47e1-8e6d-4c182c5eadca\">T\u00e9l\u00e9charger<\/a><\/div>\n\n\n\n<h2 class=\"wp-block-heading\">Offres d&#8217;emploi<\/h2>\n\n\n\n<p>Rejoignez notre \u00e9quipe pluridisciplinaire, dans l&rsquo;expertise diagnostique des TND !<\/p>\n\n\n\n<p>\ud83d\udc49 <a href=\"https:\/\/www.fondation-ove.fr\/offres-demplois\/medecin-pediatre-pedopsychiatre-ou-generaliste-oriente-pediatrie-h-f-24122444\/\">M\u00e9decin (p\u00e9diatre, p\u00e9dopsychiatre ou g\u00e9n\u00e9raliste orient\u00e9 p\u00e9diatrie) (H\/F) &#8211; Fondation OVE<\/a><\/p>\n\n\n\n<p>\ud83d\udc490.8ETP <a href=\"https:\/\/www.fondation-ove.fr\/offres-demplois\/psychologue-specialisee-en-neuropsychologie-h-f-delta-01-et-equipe-dautoregulation-24122495\/\">Psychologue sp\u00e9cialis\u00e9(e) en neuropsychologie (H\/F) &#8211; DELTA 01 et Equipe d&rsquo;Autor\u00e9gulation &#8211; Fondation OVE<\/a><\/p>\n\n\n\n<p>\ud83d\udc490.4ETP <a href=\"https:\/\/www.fondation-ove.fr\/offres-demplois\/psychologue-specialisee-en-neuropsychologie-h-f-delta-01-24122489\/\">Psychologue sp\u00e9cialis\u00e9(e) en neuropsychologie (H\/F) &#8211; DELTA 01 &#8211; Fondation OVE<\/a><\/p>\n\n\n\n<p>\ud83d\udc490.4ETP <a href=\"https:\/\/www.fondation-ove.fr\/offres-demplois\/psychologue-specialisee-en-neuropsychologie-h-f-autoregulation-au-college-de-pont-dain-24122492\/\">Psychologue sp\u00e9cialis\u00e9(e) en neuropsychologie (H\/F) &#8211; Autor\u00e9gulation au coll\u00e8ge de Pont-d&rsquo;Ain &#8211; Fondation OVE<\/a><\/p>\n","protected":false},"excerpt":{"rendered":"<p>Formations En tant que Dispositif d&rsquo;Expertise pour les Troubles des Apprentissages, le DELTA 01 dispense des formations \u00e0 des profesionnels. T\u00e9l\u00e9chargez la plaquette de pr\u00e9sentation pour plus d&rsquo;informations.&nbsp; Offres d&#8217;emploi Rejoignez notre \u00e9quipe pluridisciplinaire, dans l&rsquo;expertise diagnostique des TND ! \ud83d\udc49 M\u00e9decin (p\u00e9diatre, p\u00e9dopsychiatre ou g\u00e9n\u00e9raliste orient\u00e9 p\u00e9diatrie) (H\/F) &#8211; Fondation OVE \ud83d\udc490.8ETP Psychologue sp\u00e9cialis\u00e9(e)&hellip; <\/p>\n<p class=\"toivo-read-more\"><a href=\"https:\/\/blog.fondation-ove.fr\/delta01\/espace-professionnel\/\" class=\"more-link\">Lire la suite <span class=\"screen-reader-text\">ESPACE PROFESSIONNEL<\/span><\/a><\/p>\n","protected":false},"author":663,"featured_media":0,"parent":0,"menu_order":3,"comment_status":"closed","ping_status":"closed","template":"","meta":{"footnotes":""},"class_list":{"0":"post-414","1":"page","2":"type-page","3":"status-publish","5":"entry"},"_links":{"self":[{"href":"https:\/\/blog.fondation-ove.fr\/delta01\/wp-json\/wp\/v2\/pages\/414","targetHints":{"allow":["GET"]}}],"collection":[{"href":"https:\/\/blog.fondation-ove.fr\/delta01\/wp-json\/wp\/v2\/pages"}],"about":[{"href":"https:\/\/blog.fondation-ove.fr\/delta01\/wp-json\/wp\/v2\/types\/page"}],"author":[{"embeddable":true,"href":"https:\/\/blog.fondation-ove.fr\/delta01\/wp-json\/wp\/v2\/users\/663"}],"replies":[{"embeddable":true,"href":"https:\/\/blog.fondation-ove.fr\/delta01\/wp-json\/wp\/v2\/comments?post=414"}],"version-history":[{"count":23,"href":"https:\/\/blog.fondation-ove.fr\/delta01\/wp-json\/wp\/v2\/pages\/414\/revisions"}],"predecessor-version":[{"id":1068,"href":"https:\/\/blog.fondation-ove.fr\/delta01\/wp-json\/wp\/v2\/pages\/414\/revisions\/1068"}],"wp:attachment":[{"href":"https:\/\/blog.fondation-ove.fr\/delta01\/wp-json\/wp\/v2\/media?parent=414"}],"curies":[{"name":"wp","href":"https:\/\/api.w.org\/{rel}","templated":true}]}}