{"id":391,"date":"2014-10-03T10:59:30","date_gmt":"2014-10-03T09:59:30","guid":{"rendered":"http:\/\/blog.fondation-ove.fr\/delta01\/?page_id=391"},"modified":"2026-03-05T11:21:52","modified_gmt":"2026-03-05T10:21:52","slug":"presentation","status":"publish","type":"page","link":"https:\/\/blog.fondation-ove.fr\/delta01\/","title":{"rendered":"Accueil"},"content":{"rendered":"\n<div class=\"wp-block-columns is-layout-flex wp-container-core-columns-is-layout-1 wp-block-columns-is-layout-flex\">\n<div class=\"wp-block-column is-layout-flow wp-block-column-is-layout-flow\">\n<p>Le DELTA 01 accueille des enfants et adolescents <strong>de 4 \u00e0 16 ans<\/strong>, r\u00e9sidant dans le <strong>d\u00e9partement de l\u2019Ain<\/strong>, atteints ou suspect\u00e9s d\u2019\u00eatre atteints de <strong>Troubles des Apprentissages<\/strong> multiples et\/ou s\u00e9v\u00e8res.<\/p>\n<\/div>\n<\/div>\n\n\n\n<p><strong>Nos missions<\/strong> : Diagnostiquer, soutenir, coordonner, former et informer.<\/p>\n\n\n\n<p>\ud83d\udc49 <a href=\"https:\/\/blog.fondation-ove.fr\/delta01\/presentation\/notre-mission\/\" data-type=\"page\" data-id=\"242\">En savoir plus<\/a><\/p>\n\n\n\n<p><strong>Pr\u00e9parez votre venue <\/strong>avec les documents n\u00e9cessaires<\/p>\n\n\n\n<p>\ud83d\udc49<a href=\"https:\/\/blog.fondation-ove.fr\/delta01\/espace-famille\/\" data-type=\"page\" data-id=\"154\">En savoir plus<\/a><\/p>\n\n\n\n<p><strong>L&rsquo;\u00e9quipe <\/strong>est compos\u00e9e d&rsquo;une psychologue, de neuropsychologues, d&rsquo;ergoth\u00e9rapeutes, d&rsquo;une assistante sociale, d&rsquo;une \u00e9duc sp\u00e9 et d&rsquo;un m\u00e9decin neurop\u00e9diatre.<\/p>\n\n\n\n<p> \ud83d\udc49<a href=\"https:\/\/blog.fondation-ove.fr\/delta01\/presentation\/l-equipe-du-delta-01\/\" data-type=\"page\" data-id=\"176\">En savoir plus<\/a><\/p>\n\n\n\n<h3 class=\"wp-block-heading\">D\u00e9pliants \u00e0 t\u00e9l\u00e9charger : <\/h3>\n\n\n\n<div class=\"wp-block-group\"><div class=\"wp-block-group__inner-container is-layout-flow wp-block-group-is-layout-flow\">\n<div class=\"wp-block-file\"><a id=\"wp-block-file--media-475217cc-4cdb-4dd4-9a68-7f545faa1536\" href=\"https:\/\/blog.fondation-ove.fr\/delta01\/wp-content\/uploads\/sites\/31\/2023\/02\/PCPE-DELTA01-triptyque-10-2022-1.pdf\">PCPE-DELTA01-triptyque-10-2022-1<\/a><a href=\"https:\/\/blog.fondation-ove.fr\/delta01\/wp-content\/uploads\/sites\/31\/2023\/02\/PCPE-DELTA01-triptyque-10-2022-1.pdf\" class=\"wp-block-file__button wp-element-button\" download aria-describedby=\"wp-block-file--media-475217cc-4cdb-4dd4-9a68-7f545faa1536\">T\u00e9l\u00e9charger<\/a><\/div>\n<\/div><\/div>\n\n\n\n<div class=\"wp-block-file\"><a id=\"wp-block-file--media-36f2859c-ef13-41a1-b9ef-16e244f7eeee\" href=\"https:\/\/blog.fondation-ove.fr\/delta01\/wp-content\/uploads\/sites\/31\/2023\/02\/DELTA01-triptyque-01-2022-1.pdf\">DELTA01-triptyque-01-2022-1<\/a><a href=\"https:\/\/blog.fondation-ove.fr\/delta01\/wp-content\/uploads\/sites\/31\/2023\/02\/DELTA01-triptyque-01-2022-1.pdf\" class=\"wp-block-file__button wp-element-button\" download aria-describedby=\"wp-block-file--media-36f2859c-ef13-41a1-b9ef-16e244f7eeee\">T\u00e9l\u00e9charger<\/a><\/div>\n","protected":false},"excerpt":{"rendered":"<p>Le DELTA 01 accueille des enfants et adolescents de 4 \u00e0 16 ans, r\u00e9sidant dans le d\u00e9partement de l\u2019Ain, atteints ou suspect\u00e9s d\u2019\u00eatre atteints de Troubles des Apprentissages multiples et\/ou s\u00e9v\u00e8res. Nos missions : Diagnostiquer, soutenir, coordonner, former et informer. \ud83d\udc49 En savoir plus Pr\u00e9parez votre venue avec les documents n\u00e9cessaires \ud83d\udc49En savoir plus L&rsquo;\u00e9quipe&hellip; <\/p>\n<p class=\"toivo-read-more\"><a href=\"https:\/\/blog.fondation-ove.fr\/delta01\/\" class=\"more-link\">Lire la suite <span class=\"screen-reader-text\">Accueil<\/span><\/a><\/p>\n","protected":false},"author":663,"featured_media":0,"parent":0,"menu_order":1,"comment_status":"closed","ping_status":"closed","template":"","meta":{"footnotes":""},"class_list":{"0":"post-391","1":"page","2":"type-page","3":"status-publish","5":"entry"},"_links":{"self":[{"href":"https:\/\/blog.fondation-ove.fr\/delta01\/wp-json\/wp\/v2\/pages\/391","targetHints":{"allow":["GET"]}}],"collection":[{"href":"https:\/\/blog.fondation-ove.fr\/delta01\/wp-json\/wp\/v2\/pages"}],"about":[{"href":"https:\/\/blog.fondation-ove.fr\/delta01\/wp-json\/wp\/v2\/types\/page"}],"author":[{"embeddable":true,"href":"https:\/\/blog.fondation-ove.fr\/delta01\/wp-json\/wp\/v2\/users\/663"}],"replies":[{"embeddable":true,"href":"https:\/\/blog.fondation-ove.fr\/delta01\/wp-json\/wp\/v2\/comments?post=391"}],"version-history":[{"count":49,"href":"https:\/\/blog.fondation-ove.fr\/delta01\/wp-json\/wp\/v2\/pages\/391\/revisions"}],"predecessor-version":[{"id":1062,"href":"https:\/\/blog.fondation-ove.fr\/delta01\/wp-json\/wp\/v2\/pages\/391\/revisions\/1062"}],"wp:attachment":[{"href":"https:\/\/blog.fondation-ove.fr\/delta01\/wp-json\/wp\/v2\/media?parent=391"}],"curies":[{"name":"wp","href":"https:\/\/api.w.org\/{rel}","templated":true}]}}