{"id":176,"date":"2010-07-06T15:01:58","date_gmt":"2010-07-06T14:01:58","guid":{"rendered":"http:\/\/blog.ove.asso.fr\/delta01\/?page_id=176"},"modified":"2026-02-23T10:27:58","modified_gmt":"2026-02-23T09:27:58","slug":"l-equipe-du-delta-01","status":"publish","type":"page","link":"https:\/\/blog.fondation-ove.fr\/delta01\/presentation\/l-equipe-du-delta-01\/","title":{"rendered":"L&rsquo;\u00e9quipe du Delta 01"},"content":{"rendered":"\n<figure class=\"wp-block-image size-full is-resized is-style-default\"><a href=\"https:\/\/blog.fondation-ove.fr\/delta01\/wp-content\/uploads\/sites\/31\/2022\/09\/photo-equipe-1.jpg\"><img loading=\"lazy\" decoding=\"async\" width=\"727\" height=\"443\" src=\"https:\/\/blog.fondation-ove.fr\/delta01\/wp-content\/uploads\/sites\/31\/2022\/09\/photo-equipe-1.jpg\" alt=\"\" class=\"wp-image-812\" style=\"width:883px;height:538px\" \/><\/a><\/figure>\n\n\n\n<div class=\"wp-block-columns alignwide is-layout-flex wp-container-core-columns-is-layout-1 wp-block-columns-is-layout-flex\">\n<div class=\"wp-block-column is-layout-flow wp-block-column-is-layout-flow\" style=\"flex-basis:15%\">\n<figure class=\"wp-block-image is-resized\"><img loading=\"lazy\" decoding=\"async\" width=\"528\" height=\"563\" src=\"https:\/\/blog.fondation-ove.fr\/delta01\/wp-content\/uploads\/sites\/31\/2022\/08\/pareil-en-blod.jpg\" alt=\"\" class=\"wp-image-687\" style=\"width:75px;height:80px\" srcset=\"https:\/\/blog.fondation-ove.fr\/delta01\/wp-content\/uploads\/sites\/31\/2022\/08\/pareil-en-blod.jpg 528w, https:\/\/blog.fondation-ove.fr\/delta01\/wp-content\/uploads\/sites\/31\/2022\/08\/pareil-en-blod-253x270.jpg 253w\" sizes=\"auto, (max-width: 528px) 100vw, 528px\" \/><\/figure>\n<\/div>\n\n\n\n<div class=\"wp-block-column is-layout-flow wp-block-column-is-layout-flow\" style=\"flex-basis:85%\">\n<p class=\"has-black-color has-text-color has-medium-font-size\"><strong>Directrice de Territoire<\/strong> : Sylvie DELLAC<\/p>\n<\/div>\n<\/div>\n\n\n\n<div class=\"wp-block-columns alignwide are-vertically-aligned-center has-text-color is-layout-flex wp-container-core-columns-is-layout-2 wp-block-columns-is-layout-flex\" style=\"color:#b5ca0c\">\n<div class=\"wp-block-column is-layout-flow wp-block-column-is-layout-flow\" style=\"flex-basis:15%\">\n<figure class=\"wp-block-image size-large is-resized is-style-rounded\"><a href=\"https:\/\/blog.fondation-ove.fr\/delta01\/wp-content\/uploads\/sites\/31\/2022\/09\/shutterstock_570038686-scaled.jpg\"><img loading=\"lazy\" decoding=\"async\" width=\"1200\" height=\"675\" src=\"https:\/\/blog.fondation-ove.fr\/delta01\/wp-content\/uploads\/sites\/31\/2022\/09\/shutterstock_570038686-1200x675.jpg\" alt=\"\" class=\"wp-image-791\" style=\"width:120px;height:67px\" srcset=\"https:\/\/blog.fondation-ove.fr\/delta01\/wp-content\/uploads\/sites\/31\/2022\/09\/shutterstock_570038686-1200x675.jpg 1200w, https:\/\/blog.fondation-ove.fr\/delta01\/wp-content\/uploads\/sites\/31\/2022\/09\/shutterstock_570038686-850x478.jpg 850w, https:\/\/blog.fondation-ove.fr\/delta01\/wp-content\/uploads\/sites\/31\/2022\/09\/shutterstock_570038686-250x141.jpg 250w\" sizes=\"auto, (max-width: 1200px) 100vw, 1200px\" \/><\/a><\/figure>\n<\/div>\n\n\n\n<div class=\"wp-block-column is-layout-flow wp-block-column-is-layout-flow\" style=\"flex-basis:85%\">\n<p class=\"has-black-color has-text-color has-medium-font-size\"><strong>Responsable de site<\/strong> : Emilie HOARAU<\/p>\n<\/div>\n<\/div>\n\n\n\n<div class=\"wp-block-group alignwide\"><div class=\"wp-block-group__inner-container is-layout-flow wp-block-group-is-layout-flow\">\n<div class=\"wp-block-columns alignwide is-layout-flex wp-container-core-columns-is-layout-3 wp-block-columns-is-layout-flex\">\n<div class=\"wp-block-column is-layout-flow wp-block-column-is-layout-flow\" style=\"flex-basis:15%\">\n<figure class=\"wp-block-image is-resized is-style-rounded\"><img loading=\"lazy\" decoding=\"async\" width=\"286\" height=\"257\" src=\"https:\/\/blog.fondation-ove.fr\/delta01\/wp-content\/uploads\/sites\/31\/2022\/08\/Virginie.jpg\" alt=\"\" class=\"wp-image-677\" style=\"width:65px;height:58px\" \/><\/figure>\n<\/div>\n\n\n\n<div class=\"wp-block-column is-layout-flow wp-block-column-is-layout-flow\" style=\"flex-basis:85%\">\n<p class=\"has-black-color has-text-color has-medium-font-size\"><strong>Coordinatrice qualit\u00e9<\/strong> : Virginie BOUZIDI<\/p>\n<\/div>\n<\/div>\n<\/div><\/div>\n\n\n\n<div class=\"wp-block-columns alignwide are-vertically-aligned-center has-text-color is-layout-flex wp-container-core-columns-is-layout-4 wp-block-columns-is-layout-flex\" style=\"color:#b5ca0c\">\n<div class=\"wp-block-column is-layout-flow wp-block-column-is-layout-flow\" style=\"flex-basis:15%\">\n<figure class=\"wp-block-image size-large is-resized is-style-rounded\"><a href=\"https:\/\/blog.fondation-ove.fr\/delta01\/wp-content\/uploads\/sites\/31\/2022\/09\/shutterstock_556761817-scaled.jpg\"><img loading=\"lazy\" decoding=\"async\" width=\"1200\" height=\"675\" src=\"https:\/\/blog.fondation-ove.fr\/delta01\/wp-content\/uploads\/sites\/31\/2022\/09\/shutterstock_556761817-1200x675.jpg\" alt=\"\" class=\"wp-image-786\" style=\"width:118px;height:66px\" srcset=\"https:\/\/blog.fondation-ove.fr\/delta01\/wp-content\/uploads\/sites\/31\/2022\/09\/shutterstock_556761817-1200x675.jpg 1200w, https:\/\/blog.fondation-ove.fr\/delta01\/wp-content\/uploads\/sites\/31\/2022\/09\/shutterstock_556761817-850x478.jpg 850w, https:\/\/blog.fondation-ove.fr\/delta01\/wp-content\/uploads\/sites\/31\/2022\/09\/shutterstock_556761817-250x141.jpg 250w\" sizes=\"auto, (max-width: 1200px) 100vw, 1200px\" \/><\/a><\/figure>\n<\/div>\n\n\n\n<div class=\"wp-block-column is-layout-flow wp-block-column-is-layout-flow\" style=\"flex-basis:85%\">\n<p class=\"has-black-color has-text-color has-medium-font-size\"><strong>Secr\u00e9taire de direction<\/strong> : Ga\u00eblle FERNANDEZ<\/p>\n<\/div>\n<\/div>\n\n\n\n<div class=\"wp-block-columns alignwide is-layout-flex wp-container-core-columns-is-layout-5 wp-block-columns-is-layout-flex\">\n<div class=\"wp-block-column is-layout-flow wp-block-column-is-layout-flow\" style=\"flex-basis:15%\">\n<figure class=\"wp-block-image size-large is-style-rounded\"><a href=\"https:\/\/blog.fondation-ove.fr\/delta01\/wp-content\/uploads\/sites\/31\/2022\/09\/shutterstock_1182693442-scaled.jpg\"><img loading=\"lazy\" decoding=\"async\" width=\"1200\" height=\"675\" src=\"https:\/\/blog.fondation-ove.fr\/delta01\/wp-content\/uploads\/sites\/31\/2022\/09\/shutterstock_1182693442-1200x675.jpg\" alt=\"\" class=\"wp-image-788\" srcset=\"https:\/\/blog.fondation-ove.fr\/delta01\/wp-content\/uploads\/sites\/31\/2022\/09\/shutterstock_1182693442-1200x675.jpg 1200w, https:\/\/blog.fondation-ove.fr\/delta01\/wp-content\/uploads\/sites\/31\/2022\/09\/shutterstock_1182693442-850x478.jpg 850w, https:\/\/blog.fondation-ove.fr\/delta01\/wp-content\/uploads\/sites\/31\/2022\/09\/shutterstock_1182693442-250x141.jpg 250w, https:\/\/blog.fondation-ove.fr\/delta01\/wp-content\/uploads\/sites\/31\/2022\/09\/shutterstock_1182693442-768x432.jpg 768w, https:\/\/blog.fondation-ove.fr\/delta01\/wp-content\/uploads\/sites\/31\/2022\/09\/shutterstock_1182693442-1536x864.jpg 1536w, https:\/\/blog.fondation-ove.fr\/delta01\/wp-content\/uploads\/sites\/31\/2022\/09\/shutterstock_1182693442-2048x1152.jpg 2048w, https:\/\/blog.fondation-ove.fr\/delta01\/wp-content\/uploads\/sites\/31\/2022\/09\/shutterstock_1182693442-1260x709.jpg 1260w\" sizes=\"auto, (max-width: 1200px) 100vw, 1200px\" \/><\/a><\/figure>\n<\/div>\n\n\n\n<div class=\"wp-block-column is-layout-flow wp-block-column-is-layout-flow\" style=\"flex-basis:85%\">\n<p class=\"has-black-color has-text-color has-medium-font-size\"><strong>M\u00e9decin neurop\u00e9diatre<\/strong> : vacant<\/p>\n<\/div>\n<\/div>\n\n\n\n<div class=\"wp-block-group alignwide\"><div class=\"wp-block-group__inner-container is-layout-flow wp-block-group-is-layout-flow\">\n<div class=\"wp-block-columns alignwide is-layout-flex wp-container-core-columns-is-layout-6 wp-block-columns-is-layout-flex\">\n<div class=\"wp-block-column is-layout-flow wp-block-column-is-layout-flow\" style=\"flex-basis:16%\">\n<figure class=\"wp-block-image is-resized is-style-rounded\"><img loading=\"lazy\" decoding=\"async\" width=\"192\" height=\"117\" src=\"https:\/\/blog.fondation-ove.fr\/delta01\/wp-content\/uploads\/sites\/31\/2022\/08\/NP.jpg\" alt=\"\" class=\"wp-image-682\" style=\"width:102px;height:62px\" \/><\/figure>\n<\/div>\n\n\n\n<div class=\"wp-block-column is-layout-flow wp-block-column-is-layout-flow\" style=\"flex-basis:84%\">\n<p class=\"has-black-color has-text-color has-medium-font-size\"><strong>Psychologues Neuropsychologues <\/strong>: Lucie BURNIER FRAMBORET, Aurane MALASSAGNE, Valentine FEYEUX, Anouck JEANNET, Th\u00e9a SIEBERT<\/p>\n<\/div>\n<\/div>\n<\/div><\/div>\n\n\n\n<div class=\"wp-block-columns alignwide is-layout-flex wp-container-core-columns-is-layout-7 wp-block-columns-is-layout-flex\">\n<div class=\"wp-block-column is-layout-flow wp-block-column-is-layout-flow\" style=\"flex-basis:15%\">\n<figure class=\"wp-block-image size-large is-resized is-style-rounded\"><a href=\"https:\/\/blog.fondation-ove.fr\/delta01\/wp-content\/uploads\/sites\/31\/2022\/09\/shutterstock_440193475-scaled.jpg\"><img loading=\"lazy\" decoding=\"async\" width=\"1200\" height=\"675\" src=\"https:\/\/blog.fondation-ove.fr\/delta01\/wp-content\/uploads\/sites\/31\/2022\/09\/shutterstock_440193475-1200x675.jpg\" alt=\"\" class=\"wp-image-790\" style=\"width:91px;height:51px\" srcset=\"https:\/\/blog.fondation-ove.fr\/delta01\/wp-content\/uploads\/sites\/31\/2022\/09\/shutterstock_440193475-1200x675.jpg 1200w, https:\/\/blog.fondation-ove.fr\/delta01\/wp-content\/uploads\/sites\/31\/2022\/09\/shutterstock_440193475-850x478.jpg 850w, https:\/\/blog.fondation-ove.fr\/delta01\/wp-content\/uploads\/sites\/31\/2022\/09\/shutterstock_440193475-250x141.jpg 250w\" sizes=\"auto, (max-width: 1200px) 100vw, 1200px\" \/><\/a><\/figure>\n<\/div>\n\n\n\n<div class=\"wp-block-column is-layout-flow wp-block-column-is-layout-flow\" style=\"flex-basis:85%\">\n<p class=\"has-black-color has-text-color has-medium-font-size\"><strong>Assistante sociale<\/strong> : Sandrine GIRON<\/p>\n<\/div>\n<\/div>\n\n\n\n<div class=\"wp-block-columns alignwide is-layout-flex wp-container-core-columns-is-layout-8 wp-block-columns-is-layout-flex\">\n<div class=\"wp-block-column is-layout-flow wp-block-column-is-layout-flow\" style=\"flex-basis:15%\">\n<figure class=\"wp-block-image size-large is-style-default\"><a href=\"https:\/\/blog.fondation-ove.fr\/delta01\/wp-content\/uploads\/sites\/31\/2022\/09\/psy-2-scaled.jpg\"><img loading=\"lazy\" decoding=\"async\" width=\"1200\" height=\"675\" src=\"https:\/\/blog.fondation-ove.fr\/delta01\/wp-content\/uploads\/sites\/31\/2022\/09\/psy-2-1200x675.jpg\" alt=\"\" class=\"wp-image-792\" srcset=\"https:\/\/blog.fondation-ove.fr\/delta01\/wp-content\/uploads\/sites\/31\/2022\/09\/psy-2-1200x675.jpg 1200w, https:\/\/blog.fondation-ove.fr\/delta01\/wp-content\/uploads\/sites\/31\/2022\/09\/psy-2-850x478.jpg 850w, https:\/\/blog.fondation-ove.fr\/delta01\/wp-content\/uploads\/sites\/31\/2022\/09\/psy-2-250x141.jpg 250w\" sizes=\"auto, (max-width: 1200px) 100vw, 1200px\" \/><\/a><\/figure>\n<\/div>\n\n\n\n<div class=\"wp-block-column is-layout-flow wp-block-column-is-layout-flow\" style=\"flex-basis:85%\">\n<p class=\"has-black-color has-text-color has-medium-font-size\"><strong>Psychologue clinicienne<\/strong> : Aim\u00e9e PONET<\/p>\n<\/div>\n<\/div>\n\n\n\n<div class=\"wp-block-columns alignwide is-layout-flex wp-container-core-columns-is-layout-9 wp-block-columns-is-layout-flex\">\n<div class=\"wp-block-column is-layout-flow wp-block-column-is-layout-flow\" style=\"flex-basis:15%\">\n<figure class=\"wp-block-image\"><img loading=\"lazy\" decoding=\"async\" width=\"193\" height=\"174\" src=\"https:\/\/blog.fondation-ove.fr\/delta01\/wp-content\/uploads\/sites\/31\/2022\/08\/educ.jpg\" alt=\"\" class=\"wp-image-686\" \/><\/figure>\n<\/div>\n\n\n\n<div class=\"wp-block-column is-layout-flow wp-block-column-is-layout-flow\" style=\"flex-basis:85%\">\n<p class=\"has-black-color has-text-color has-medium-font-size\"><strong>\u00c9ducatrice sp\u00e9cialis\u00e9e<\/strong> : vacant<\/p>\n<\/div>\n<\/div>\n\n\n\n<div class=\"wp-block-columns alignwide is-layout-flex wp-container-core-columns-is-layout-10 wp-block-columns-is-layout-flex\">\n<div class=\"wp-block-column is-layout-flow wp-block-column-is-layout-flow\" style=\"flex-basis:15%\">\n<figure class=\"wp-block-image size-large is-style-rounded\"><a href=\"https:\/\/blog.fondation-ove.fr\/delta01\/wp-content\/uploads\/sites\/31\/2022\/09\/shutterstock_2169728335.jpg\"><img loading=\"lazy\" decoding=\"async\" width=\"1200\" height=\"675\" src=\"https:\/\/blog.fondation-ove.fr\/delta01\/wp-content\/uploads\/sites\/31\/2022\/09\/shutterstock_2169728335-1200x675.jpg\" alt=\"\" class=\"wp-image-789\" srcset=\"https:\/\/blog.fondation-ove.fr\/delta01\/wp-content\/uploads\/sites\/31\/2022\/09\/shutterstock_2169728335-1200x675.jpg 1200w, https:\/\/blog.fondation-ove.fr\/delta01\/wp-content\/uploads\/sites\/31\/2022\/09\/shutterstock_2169728335-850x478.jpg 850w, https:\/\/blog.fondation-ove.fr\/delta01\/wp-content\/uploads\/sites\/31\/2022\/09\/shutterstock_2169728335-250x141.jpg 250w\" sizes=\"auto, (max-width: 1200px) 100vw, 1200px\" \/><\/a><\/figure>\n<\/div>\n\n\n\n<div class=\"wp-block-column is-layout-flow wp-block-column-is-layout-flow\" style=\"flex-basis:85%\">\n<p class=\"has-black-color has-text-color has-medium-font-size\"><strong>Ergoth\u00e9rapeutes <\/strong>: Anne-Sophie MAGLIOCCO, Marine-\u00c9lodie LARGE, Delphine FRAN\u00c7OIS, Pauline CASELLA<\/p>\n<\/div>\n<\/div>\n\n\n\n<p><strong> Coordinatrice PCPE<\/strong> : Carine VESY-ACQUAVIVA,<\/p>\n\n\n\n<div class=\"wp-block-file\"><a id=\"wp-block-file--media-b77f01c0-4309-4f43-89e9-56308664695c\" href=\"http:\/\/blog.fondation-ove.fr\/delta01\/wp-content\/uploads\/sites\/31\/2022\/04\/ORGANIGRAMME-DELTA-01-110422.docx\">ORGANIGRAMME DELTA 01 110422<\/a><a href=\"http:\/\/blog.fondation-ove.fr\/delta01\/wp-content\/uploads\/sites\/31\/2022\/04\/ORGANIGRAMME-DELTA-01-110422.docx\" class=\"wp-block-file__button wp-element-button\" download aria-describedby=\"wp-block-file--media-b77f01c0-4309-4f43-89e9-56308664695c\">T\u00e9l\u00e9charger<br><\/a><\/div>\n","protected":false},"excerpt":{"rendered":"<p>Directrice de Territoire : Sylvie DELLAC Responsable de site : Emilie HOARAU Coordinatrice qualit\u00e9 : Virginie BOUZIDI Secr\u00e9taire de direction : Ga\u00eblle FERNANDEZ M\u00e9decin neurop\u00e9diatre : vacant Psychologues Neuropsychologues : Lucie BURNIER FRAMBORET, Aurane MALASSAGNE, Valentine FEYEUX, Anouck JEANNET, Th\u00e9a SIEBERT Assistante sociale : Sandrine GIRON Psychologue clinicienne : Aim\u00e9e PONET \u00c9ducatrice sp\u00e9cialis\u00e9e : vacant&hellip; <\/p>\n<p class=\"toivo-read-more\"><a href=\"https:\/\/blog.fondation-ove.fr\/delta01\/presentation\/l-equipe-du-delta-01\/\" class=\"more-link\">Lire la suite <span class=\"screen-reader-text\">L&rsquo;\u00e9quipe du Delta 01<\/span><\/a><\/p>\n","protected":false},"author":663,"featured_media":0,"parent":391,"menu_order":4,"comment_status":"closed","ping_status":"closed","template":"","meta":{"footnotes":""},"class_list":{"0":"post-176","1":"page","2":"type-page","3":"status-publish","5":"entry"},"_links":{"self":[{"href":"https:\/\/blog.fondation-ove.fr\/delta01\/wp-json\/wp\/v2\/pages\/176","targetHints":{"allow":["GET"]}}],"collection":[{"href":"https:\/\/blog.fondation-ove.fr\/delta01\/wp-json\/wp\/v2\/pages"}],"about":[{"href":"https:\/\/blog.fondation-ove.fr\/delta01\/wp-json\/wp\/v2\/types\/page"}],"author":[{"embeddable":true,"href":"https:\/\/blog.fondation-ove.fr\/delta01\/wp-json\/wp\/v2\/users\/663"}],"replies":[{"embeddable":true,"href":"https:\/\/blog.fondation-ove.fr\/delta01\/wp-json\/wp\/v2\/comments?post=176"}],"version-history":[{"count":35,"href":"https:\/\/blog.fondation-ove.fr\/delta01\/wp-json\/wp\/v2\/pages\/176\/revisions"}],"predecessor-version":[{"id":1038,"href":"https:\/\/blog.fondation-ove.fr\/delta01\/wp-json\/wp\/v2\/pages\/176\/revisions\/1038"}],"up":[{"embeddable":true,"href":"https:\/\/blog.fondation-ove.fr\/delta01\/wp-json\/wp\/v2\/pages\/391"}],"wp:attachment":[{"href":"https:\/\/blog.fondation-ove.fr\/delta01\/wp-json\/wp\/v2\/media?parent=176"}],"curies":[{"name":"wp","href":"https:\/\/api.w.org\/{rel}","templated":true}]}}