

{"id":170,"date":"2010-05-27T13:44:11","date_gmt":"2010-05-27T12:44:11","guid":{"rendered":"http:\/\/blog.ove.asso.fr\/delta01\/?page_id=170"},"modified":"2026-02-26T16:34:10","modified_gmt":"2026-02-26T15:34:10","slug":"nous-joindre","status":"publish","type":"page","link":"https:\/\/blog.fondation-ove.fr\/delta01\/nous-joindre\/","title":{"rendered":"NOUS JOINDRE"},"content":{"rendered":"\n<p class=\"has-text-align-center\"><strong>Direction : Emilie HOARAU<br><\/strong>T\u00e9l\u00e9phone :<strong> 06 46 07 50 20 <\/strong><br><a href=\"mailto:emilie.hoarau@fondation-ove.fr\">emilie.hoarau@fondation-ove.fr<\/a><\/p>\n\n\n\n<p class=\"has-text-align-center\"><strong>Secr\u00e9tariat : Ga\u00eblle FERNANDEZ<br><\/strong>T\u00e9l\u00e9phone : <strong>06 34 25 22 85<\/strong><br>Fixe : 04 69 85 82 13<br><a href=\"mailto:gaelle.fernandez@fondation-ove.fr\">gaelle.fernandez@fondation-ove.fr<\/a> <\/p>\n\n\n\n<figure class=\"wp-block-pullquote\"><blockquote><p>DELTA 01 &#8211; 43, place Jean Saint Cyr BP n\u00b08<br>01 330 Villars les Dombes<\/p><\/blockquote><\/figure>\n\n\n\n\n\t\t\t\t<div id=\"map_ol3js_1\" class=\"map undefined\" data-map_name=\"undefined\" data-map=\"map_ol3js_1\" style=\"width:95%; max-width:100%; height:450px; display:block; overflow:hidden;border:2px solid grey;\" >\n\t\t\t\t  <div id=\"map_ol3js_1_popup\" class=\"ol-popup\" >\n\t\t\t\t\t<a href=\"#\" id=\"map_ol3js_1_popup-closer\" class=\"ol-popup-closer\"><\/a>\n\t\t\t\t\t<div id=\"map_ol3js_1_popup-content\" ><\/div>\n\t\t\t\t  <\/div>\n\t\t\t\t<\/div>\n\t\t\t\n\n\t\t\t\t<script type=\"text\/javascript\">\n\t\t\t\t\ttranslations['openlayer'] = \"open layer\";\n\t\t\t\t\ttranslations['openlayerAtStartup'] = \"open layer at startup\";\n\t\t\t\t\ttranslations['generateLink'] = \"link to this map with opened layers\";\n\t\t\t\t\ttranslations['shortDescription'] = \"short description\";\n\t\t\t\t\ttranslations['generatedShortCode'] = \"to get a text control link paste this code in your wordpress editor\";\n\t\t\t\t\ttranslations['closeLayer'] = \"close layer\";\n\t\t\t\t\ttranslations['cantGenerateLink'] = \"put this string in the existing map short code to control this map\";\n\t\t\t  <\/script>\n\n\n\t\t\t  <script type=\"text\/javascript\">\n\t\t\t  vectorM['map_ol3js_1'] = [];\n\t        \n        var raster = getTileLayer(\"osm\",\"NoKey\");\t\t\t\n\n\t\t\t  var map_ol3js_1 = new ol.Map({\n\t\t\t\tinteractions: ol.interaction.defaults.defaults({mouseWheelZoom:false}),\n\t\t\t\tlayers: [raster],\n\t\t\t\ttarget: \"map_ol3js_1\",\n\t\t\t\tview: new ol.View({\n\t\t\t\t  center: ol.proj.transform([5.0324,46.0018], \"EPSG:4326\", \"EPSG:3857\"),\n\t\t\t\t  zoom: 20.0\n\t\t\t\t})\n\t\t\t  });\n\t\t\t  osm_addMarkerLayer(map_ol3js_1,5.0321,46.0017,\"https:\/\/blog.fondation-ove.fr\/delta01\/wp-content\/plugins\/osm\/icons\/mic_red_pinother_02.png\",-16,-41,\"<p><\/p>\") ; \naddControls2Map(map_ol3js_1,1,0,3,0,5,6,7,1,1);\nosm_addPopupClickhandler(map_ol3js_1,  \"map_ol3js_1\"); \nosm_addMouseHover(map_ol3js_1); <\/script>\n","protected":false},"excerpt":{"rendered":"<p>Direction : Emilie HOARAUT\u00e9l\u00e9phone : 06 46 07 50 20 emilie.hoarau@fondation-ove.fr Secr\u00e9tariat : Ga\u00eblle FERNANDEZT\u00e9l\u00e9phone : 06 34 25 22 85Fixe : 04 69 85 82 13gaelle.fernandez@fondation-ove.fr DELTA 01 &#8211; 43, place Jean Saint Cyr BP n\u00b0801 330 Villars les Dombes<\/p>\n","protected":false},"author":135,"featured_media":0,"parent":0,"menu_order":6,"comment_status":"closed","ping_status":"open","template":"","meta":{"footnotes":""},"class_list":{"0":"post-170","1":"page","2":"type-page","3":"status-publish","5":"entry"},"_links":{"self":[{"href":"https:\/\/blog.fondation-ove.fr\/delta01\/wp-json\/wp\/v2\/pages\/170","targetHints":{"allow":["GET"]}}],"collection":[{"href":"https:\/\/blog.fondation-ove.fr\/delta01\/wp-json\/wp\/v2\/pages"}],"about":[{"href":"https:\/\/blog.fondation-ove.fr\/delta01\/wp-json\/wp\/v2\/types\/page"}],"author":[{"embeddable":true,"href":"https:\/\/blog.fondation-ove.fr\/delta01\/wp-json\/wp\/v2\/users\/135"}],"replies":[{"embeddable":true,"href":"https:\/\/blog.fondation-ove.fr\/delta01\/wp-json\/wp\/v2\/comments?post=170"}],"version-history":[{"count":21,"href":"https:\/\/blog.fondation-ove.fr\/delta01\/wp-json\/wp\/v2\/pages\/170\/revisions"}],"predecessor-version":[{"id":1055,"href":"https:\/\/blog.fondation-ove.fr\/delta01\/wp-json\/wp\/v2\/pages\/170\/revisions\/1055"}],"wp:attachment":[{"href":"https:\/\/blog.fondation-ove.fr\/delta01\/wp-json\/wp\/v2\/media?parent=170"}],"curies":[{"name":"wp","href":"https:\/\/api.w.org\/{rel}","templated":true}]}}