{"id":954,"date":"2018-10-04T15:32:01","date_gmt":"2018-10-04T13:32:01","guid":{"rendered":"http:\/\/blog.fondation-ove.fr\/celadon\/?page_id=954"},"modified":"2018-10-04T16:02:37","modified_gmt":"2018-10-04T14:02:37","slug":"defi-nature","status":"publish","type":"page","link":"https:\/\/blog.fondation-ove.fr\/celadon\/defi-nature\/","title":{"rendered":"D\u00e9fi nature"},"content":{"rendered":"<p>Du mercredi 19 au vendredi 21 septembre, nous sommes all\u00e9s \u00e0 G\u00e9rarm\u00e9r pour particier au d\u00e9fi nature organis\u00e9 par la f\u00e9d\u00e9ration fran\u00e7aise du sport adapt\u00e9.&nbsp;<\/p>\n<p>Mercredi matin Clara, Arthur, Corentin,Maxime,Valentin, Vincent ,Kevin,Thierry ont pris la direction des Vosges.<\/p>\n<p>En arrivant, on est all\u00e9 \u00e0 la piscine pour passer un test aquatique afin de participer aux activit\u00e9s sur l&rsquo;eau .<\/p>\n<p>Le soir, on est all\u00e9 s&rsquo;installer a l\u2019h\u00f4tel avant de retourner manger au centre des congr\u00e8s&nbsp; au bort du lac.<\/p>\n<p>Apr\u00e8s une bonne nuit de sommeil, les activit\u00e9s ont d\u00e9but\u00e9 :<\/p>\n<p>le&nbsp; sarbathlon : tir \u00e0 la sarbacane, avec de la course entre deux tirs<\/p>\n<p><img loading=\"lazy\" decoding=\"async\" class=\"size-medium wp-image-970 aligncenter\" src=\"http:\/\/blog.fondation-ove.fr\/celadon\/wp-content\/uploads\/sites\/56\/2018\/10\/P1020154-300x225.jpg\" alt=\"\" width=\"300\" height=\"225\"> <img loading=\"lazy\" decoding=\"async\" class=\"size-medium wp-image-971 aligncenter\" src=\"http:\/\/blog.fondation-ove.fr\/celadon\/wp-content\/uploads\/sites\/56\/2018\/10\/P1020158-300x225.jpg\" alt=\"\" width=\"300\" height=\"225\"><\/p>\n<p><img loading=\"lazy\" decoding=\"async\" class=\"size-medium wp-image-972 aligncenter\" src=\"http:\/\/blog.fondation-ove.fr\/celadon\/wp-content\/uploads\/sites\/56\/2018\/10\/P1020167-300x225.jpg\" alt=\"\" width=\"300\" height=\"225\"><\/p>\n<p>le tir \u00e0 l&rsquo;arc<\/p>\n<p><img loading=\"lazy\" decoding=\"async\" class=\"size-medium wp-image-973 alignleft\" src=\"http:\/\/blog.fondation-ove.fr\/celadon\/wp-content\/uploads\/sites\/56\/2018\/10\/P1020178-225x300.jpg\" alt=\"\" width=\"225\" height=\"300\"><img loading=\"lazy\" decoding=\"async\" class=\"alignnone size-medium wp-image-974\" src=\"http:\/\/blog.fondation-ove.fr\/celadon\/wp-content\/uploads\/sites\/56\/2018\/10\/P1020179-225x300.jpg\" alt=\"\" width=\"225\" height=\"300\"><\/p>\n<p><img loading=\"lazy\" decoding=\"async\" class=\"size-medium wp-image-975 aligncenter\" src=\"http:\/\/blog.fondation-ove.fr\/celadon\/wp-content\/uploads\/sites\/56\/2018\/10\/P1020180-300x225.jpg\" alt=\"\" width=\"300\" height=\"225\"><\/p>\n<p>la marche nordique<\/p>\n<p><img loading=\"lazy\" decoding=\"async\" class=\"size-medium wp-image-976 aligncenter\" src=\"http:\/\/blog.fondation-ove.fr\/celadon\/wp-content\/uploads\/sites\/56\/2018\/10\/P1020196-300x225.jpg\" alt=\"\" width=\"300\" height=\"225\"><\/p>\n<p>Petite pause boisson au bord du lac<\/p>\n<p><img loading=\"lazy\" decoding=\"async\" class=\"size-medium wp-image-977 aligncenter\" src=\"http:\/\/blog.fondation-ove.fr\/celadon\/wp-content\/uploads\/sites\/56\/2018\/10\/P1020205-300x225.jpg\" alt=\"\" width=\"300\" height=\"225\"><\/p>\n<p>Home ball : c&rsquo;est une cage en filet dans laquelle on peut jouer au hand ball ou au football.<\/p>\n<p><img loading=\"lazy\" decoding=\"async\" class=\"size-medium wp-image-978 aligncenter\" src=\"http:\/\/blog.fondation-ove.fr\/celadon\/wp-content\/uploads\/sites\/56\/2018\/10\/P1020214-300x225.jpg\" alt=\"\" width=\"300\" height=\"225\"> <img loading=\"lazy\" decoding=\"async\" class=\"size-medium wp-image-979 aligncenter\" src=\"http:\/\/blog.fondation-ove.fr\/celadon\/wp-content\/uploads\/sites\/56\/2018\/10\/P1020218-300x225.jpg\" alt=\"\" width=\"300\" height=\"225\"><\/p>\n<p>Puis on est retourn\u00e9 au centre des congr\u00e8s pour aller manger.<\/p>\n<p><img loading=\"lazy\" decoding=\"async\" class=\"alignnone size-medium wp-image-980 aligncenter\" src=\"http:\/\/blog.fondation-ove.fr\/celadon\/wp-content\/uploads\/sites\/56\/2018\/10\/P1020231-300x225.jpg\" alt=\"\" width=\"300\" height=\"225\"><\/p>\n<p>Puis on a recommenc\u00e9 par le trampoline \u00e9lastique<\/p>\n<p><img loading=\"lazy\" decoding=\"async\" class=\"alignnone size-medium wp-image-981 alignleft\" src=\"http:\/\/blog.fondation-ove.fr\/celadon\/wp-content\/uploads\/sites\/56\/2018\/10\/P1020234-225x300.jpg\" alt=\"\" width=\"225\" height=\"300\"> <img loading=\"lazy\" decoding=\"async\" class=\"alignnone size-medium wp-image-982 alignleft\" src=\"http:\/\/blog.fondation-ove.fr\/celadon\/wp-content\/uploads\/sites\/56\/2018\/10\/P1020238-225x300.jpg\" alt=\"\" width=\"225\" height=\"300\"><\/p>\n<p>&nbsp;<\/p>\n<p>&nbsp;<\/p>\n<p>&nbsp;<\/p>\n<p>&nbsp;<\/p>\n<p>&nbsp;<\/p>\n<p>&nbsp;<\/p>\n<p>&nbsp;<\/p>\n<p style=\"text-align: left\"><img loading=\"lazy\" decoding=\"async\" class=\"alignnone size-medium wp-image-984\" src=\"http:\/\/blog.fondation-ove.fr\/celadon\/wp-content\/uploads\/sites\/56\/2018\/10\/P1020248-225x300.jpg\" alt=\"\" width=\"225\" height=\"300\">&nbsp;&nbsp;&nbsp;&nbsp;&nbsp; <img loading=\"lazy\" decoding=\"async\" class=\"alignnone size-medium wp-image-983\" src=\"http:\/\/blog.fondation-ove.fr\/celadon\/wp-content\/uploads\/sites\/56\/2018\/10\/P1020241-225x300.jpg\" alt=\"\" width=\"225\" height=\"300\"><\/p>\n<p><img loading=\"lazy\" decoding=\"async\" class=\"alignnone size-medium wp-image-986\" src=\"http:\/\/blog.fondation-ove.fr\/celadon\/wp-content\/uploads\/sites\/56\/2018\/10\/P1020255-225x300.jpg\" alt=\"\" width=\"225\" height=\"300\">&nbsp;&nbsp;&nbsp;&nbsp;&nbsp; <img loading=\"lazy\" decoding=\"async\" class=\"alignnone size-medium wp-image-985\" src=\"http:\/\/blog.fondation-ove.fr\/celadon\/wp-content\/uploads\/sites\/56\/2018\/10\/P1020249-225x300.jpg\" alt=\"\" width=\"225\" height=\"300\"><\/p>\n<p>L&rsquo;aviron<\/p>\n<p><img loading=\"lazy\" decoding=\"async\" class=\"alignnone size-medium wp-image-987 aligncenter\" src=\"http:\/\/blog.fondation-ove.fr\/celadon\/wp-content\/uploads\/sites\/56\/2018\/10\/P1020267-225x300.jpg\" alt=\"\" width=\"225\" height=\"300\"><\/p>\n<p>Le kayak<\/p>\n<p><img loading=\"lazy\" decoding=\"async\" class=\"alignnone size-medium wp-image-988 aligncenter\" src=\"http:\/\/blog.fondation-ove.fr\/celadon\/wp-content\/uploads\/sites\/56\/2018\/10\/P1020280-300x225.jpg\" alt=\"\" width=\"300\" height=\"225\"><\/p>\n<p><img loading=\"lazy\" decoding=\"async\" class=\"alignnone size-medium wp-image-990 aligncenter\" src=\"http:\/\/blog.fondation-ove.fr\/celadon\/wp-content\/uploads\/sites\/56\/2018\/10\/P1020306-300x225.jpg\" alt=\"\" width=\"300\" height=\"225\"> <img loading=\"lazy\" decoding=\"async\" class=\"alignnone size-medium wp-image-989 aligncenter\" src=\"http:\/\/blog.fondation-ove.fr\/celadon\/wp-content\/uploads\/sites\/56\/2018\/10\/P1020284-300x225.jpg\" alt=\"\" width=\"300\" height=\"225\"><\/p>\n<p>La course d&rsquo;orientation<\/p>\n<p>L&rsquo;escalade.<\/p>\n<p><img loading=\"lazy\" decoding=\"async\" class=\"alignnone size-medium wp-image-991\" src=\"http:\/\/blog.fondation-ove.fr\/celadon\/wp-content\/uploads\/sites\/56\/2018\/10\/P1020318-225x300.jpg\" alt=\"\" width=\"225\" height=\"300\"> &nbsp;&nbsp; <img loading=\"lazy\" decoding=\"async\" class=\"alignnone size-medium wp-image-992\" src=\"http:\/\/blog.fondation-ove.fr\/celadon\/wp-content\/uploads\/sites\/56\/2018\/10\/P1020322-225x300.jpg\" alt=\"\" width=\"225\" height=\"300\"><\/p>\n<p><img loading=\"lazy\" decoding=\"async\" class=\"alignnone size-medium wp-image-993\" src=\"http:\/\/blog.fondation-ove.fr\/celadon\/wp-content\/uploads\/sites\/56\/2018\/10\/P1020327-225x300.jpg\" alt=\"\" width=\"225\" height=\"300\">&nbsp;&nbsp;&nbsp; <img loading=\"lazy\" decoding=\"async\" class=\"alignnone size-medium wp-image-996\" src=\"http:\/\/blog.fondation-ove.fr\/celadon\/wp-content\/uploads\/sites\/56\/2018\/10\/P1020334-225x300.jpg\" alt=\"\" width=\"225\" height=\"300\">&nbsp;<\/p>\n<p>Apr\u00e8s tous ces activit\u00e9s, nous \u00e9tions bien contents de pouvoir rentrer \u00e0 notre h\u00f4tel pour prendre une bonne douche et se pr\u00e9parer pour la soir\u00e9e gala .<\/p>\n<p><img loading=\"lazy\" decoding=\"async\" class=\"alignnone size-medium wp-image-994 aligncenter\" src=\"http:\/\/blog.fondation-ove.fr\/celadon\/wp-content\/uploads\/sites\/56\/2018\/10\/P1020357-300x225.jpg\" alt=\"\" width=\"300\" height=\"225\"><\/p>\n<p>Vers 19h30, nous sommes retourn\u00e9s au centre des congr\u00e8s o\u00f9 une salle magnifiquement d\u00e9cor\u00e9e nous attendait. Nous \u00e9tions install\u00e9s \u00e0 une jolie table pr\u00e8s la sc\u00e8ne o\u00f9 deux musiciens ont anim\u00e9 toute la soir\u00e9e.<img loading=\"lazy\" decoding=\"async\" class=\"alignnone size-medium wp-image-997 aligncenter\" src=\"http:\/\/blog.fondation-ove.fr\/celadon\/wp-content\/uploads\/sites\/56\/2018\/10\/P1020358-300x225.jpg\" alt=\"\" width=\"300\" height=\"225\"><\/p>\n<p>Apr\u00e8s un petit cocktail \u00e0 la mirabelle, nous avons d\u00e9gust\u00e9 un d\u00e9licieux menu compos\u00e9 d&rsquo;une salade magret de canard, g\u00e9sier et foie gras, d&rsquo;une pintade \u00e0 la cr\u00e8me et d&rsquo;une assiette de dessert.<\/p>\n<p><img loading=\"lazy\" decoding=\"async\" class=\"alignnone size-medium wp-image-998 aligncenter\" src=\"http:\/\/blog.fondation-ove.fr\/celadon\/wp-content\/uploads\/sites\/56\/2018\/10\/P1020364-300x225.jpg\" alt=\"\" width=\"300\" height=\"225\"> <img loading=\"lazy\" decoding=\"async\" class=\"alignnone size-medium wp-image-999 aligncenter\" src=\"http:\/\/blog.fondation-ove.fr\/celadon\/wp-content\/uploads\/sites\/56\/2018\/10\/P1020363-300x225.jpg\" alt=\"\" width=\"300\" height=\"225\"><\/p>\n<p>Nous sommes bien amus\u00e9s pendant le repas et Valentin a fini la soir\u00e9e en nous pr\u00e9sentant une petite sc\u00e8ne de th\u00e9\u00e2tre.<\/p>\n<p>Nous sommes rentr\u00e9s nous coucher vers minuit bien fatigu\u00e9s mais contents de cette belle journ\u00e9e.<\/p>\n<p>Vendredi, nous sommes rentr\u00e9s m^me si si certains seraient bien rest\u00e9s un peu plus longtemps.<\/p>\n<p>Maxime et Arthur<\/p>\n<p>&nbsp; &nbsp;&nbsp;&nbsp;&nbsp;&nbsp;&nbsp;&nbsp;&nbsp;&nbsp;&nbsp;&nbsp;&nbsp;&nbsp;&nbsp;&nbsp;&nbsp;&nbsp;&nbsp;<\/p>\n","protected":false},"excerpt":{"rendered":"<p>Du mercredi 19 au vendredi 21 septembre, nous sommes all\u00e9s \u00e0 G\u00e9rarm\u00e9r pour particier au d\u00e9fi nature organis\u00e9 par la f\u00e9d\u00e9ration fran\u00e7aise du sport adapt\u00e9.&nbsp; Mercredi matin Clara, Arthur, Corentin,Maxime,Valentin, Vincent ,Kevin,Thierry ont pris la direction des Vosges. En arrivant, &hellip; <a href=\"https:\/\/blog.fondation-ove.fr\/celadon\/defi-nature\/\">Continuer la lecture <span class=\"meta-nav\">&rarr;<\/span><\/a><\/p>\n","protected":false},"author":413,"featured_media":0,"parent":0,"menu_order":0,"comment_status":"closed","ping_status":"closed","template":"","meta":{"ngg_post_thumbnail":0,"footnotes":""},"class_list":["post-954","page","type-page","status-publish","hentry"],"_links":{"self":[{"href":"https:\/\/blog.fondation-ove.fr\/celadon\/wp-json\/wp\/v2\/pages\/954","targetHints":{"allow":["GET"]}}],"collection":[{"href":"https:\/\/blog.fondation-ove.fr\/celadon\/wp-json\/wp\/v2\/pages"}],"about":[{"href":"https:\/\/blog.fondation-ove.fr\/celadon\/wp-json\/wp\/v2\/types\/page"}],"author":[{"embeddable":true,"href":"https:\/\/blog.fondation-ove.fr\/celadon\/wp-json\/wp\/v2\/users\/413"}],"replies":[{"embeddable":true,"href":"https:\/\/blog.fondation-ove.fr\/celadon\/wp-json\/wp\/v2\/comments?post=954"}],"version-history":[{"count":5,"href":"https:\/\/blog.fondation-ove.fr\/celadon\/wp-json\/wp\/v2\/pages\/954\/revisions"}],"predecessor-version":[{"id":1000,"href":"https:\/\/blog.fondation-ove.fr\/celadon\/wp-json\/wp\/v2\/pages\/954\/revisions\/1000"}],"wp:attachment":[{"href":"https:\/\/blog.fondation-ove.fr\/celadon\/wp-json\/wp\/v2\/media?parent=954"}],"curies":[{"name":"wp","href":"https:\/\/api.w.org\/{rel}","templated":true}]}}