{"id":873,"date":"2018-09-06T15:49:37","date_gmt":"2018-09-06T13:49:37","guid":{"rendered":"http:\/\/blog.fondation-ove.fr\/celadon\/?page_id=873"},"modified":"2018-09-06T16:10:29","modified_gmt":"2018-09-06T14:10:29","slug":"sortie-pique-nique","status":"publish","type":"page","link":"https:\/\/blog.fondation-ove.fr\/celadon\/sortie-pique-nique\/","title":{"rendered":"Sortie pique nique"},"content":{"rendered":"<p>Jeudi 30 ao\u00fbt, on est parti pique niquer \u00e0 l&rsquo;\u00e9tang de Saint Martin Lestra.<\/p>\n<p>Apr\u00e8s le repas, on a fait une grande balade autour du village.<\/p>\n<p>Quand on est revenu, on a jou\u00e9 dans les jeux, surtout dans la roue.<\/p>\n<p><img loading=\"lazy\" decoding=\"async\" class=\"alignnone size-medium wp-image-883 aligncenter\" src=\"http:\/\/blog.fondation-ove.fr\/celadon\/wp-content\/uploads\/sites\/56\/2018\/09\/photo-st-martin-1-225x300.jpg\" alt=\"\" width=\"225\" height=\"300\"><\/p>\n<p>Puis, on est rentr\u00e9 \u00e0 l&rsquo;IME.<\/p>\n<p>Anne-Sophie et Ludivine<\/p>\n","protected":false},"excerpt":{"rendered":"<p>Jeudi 30 ao\u00fbt, on est parti pique niquer \u00e0 l&rsquo;\u00e9tang de Saint Martin Lestra. Apr\u00e8s le repas, on a fait une grande balade autour du village. Quand on est revenu, on a jou\u00e9 dans les jeux, surtout dans la roue. &hellip; <a href=\"https:\/\/blog.fondation-ove.fr\/celadon\/sortie-pique-nique\/\">Continuer la lecture <span class=\"meta-nav\">&rarr;<\/span><\/a><\/p>\n","protected":false},"author":413,"featured_media":0,"parent":0,"menu_order":0,"comment_status":"closed","ping_status":"closed","template":"","meta":{"ngg_post_thumbnail":0,"footnotes":""},"class_list":["post-873","page","type-page","status-publish","hentry"],"_links":{"self":[{"href":"https:\/\/blog.fondation-ove.fr\/celadon\/wp-json\/wp\/v2\/pages\/873","targetHints":{"allow":["GET"]}}],"collection":[{"href":"https:\/\/blog.fondation-ove.fr\/celadon\/wp-json\/wp\/v2\/pages"}],"about":[{"href":"https:\/\/blog.fondation-ove.fr\/celadon\/wp-json\/wp\/v2\/types\/page"}],"author":[{"embeddable":true,"href":"https:\/\/blog.fondation-ove.fr\/celadon\/wp-json\/wp\/v2\/users\/413"}],"replies":[{"embeddable":true,"href":"https:\/\/blog.fondation-ove.fr\/celadon\/wp-json\/wp\/v2\/comments?post=873"}],"version-history":[{"count":3,"href":"https:\/\/blog.fondation-ove.fr\/celadon\/wp-json\/wp\/v2\/pages\/873\/revisions"}],"predecessor-version":[{"id":884,"href":"https:\/\/blog.fondation-ove.fr\/celadon\/wp-json\/wp\/v2\/pages\/873\/revisions\/884"}],"wp:attachment":[{"href":"https:\/\/blog.fondation-ove.fr\/celadon\/wp-json\/wp\/v2\/media?parent=873"}],"curies":[{"name":"wp","href":"https:\/\/api.w.org\/{rel}","templated":true}]}}