{"id":222,"date":"2017-10-12T14:58:32","date_gmt":"2017-10-12T12:58:32","guid":{"rendered":"http:\/\/blog.fondation-ove.fr\/celadon\/?page_id=222"},"modified":"2018-09-28T11:55:33","modified_gmt":"2018-09-28T09:55:33","slug":"sport","status":"publish","type":"page","link":"https:\/\/blog.fondation-ove.fr\/celadon\/sport\/","title":{"rendered":"Corentin au basket"},"content":{"rendered":"<p>Le mardi 25 septembre, je suis all\u00e9 au basket \u00e0 Balbigny de 16h 30 \u00e0 18h. Il s&rsquo;agit d&rsquo;entra\u00eenement encadr\u00e9 par la F\u00e9d\u00e9ration de sport adapt\u00e9. Il y a des enfants et des adultes.<\/p>\n<p>Je dois y aller chaque semaine le mardi et plus tard, je prendrai le train entre Feurs et Balbigny pour m&rsquo; y rendre.<\/p>\n<p>Corentin<\/p>\n","protected":false},"excerpt":{"rendered":"<p>Le mardi 25 septembre, je suis all\u00e9 au basket \u00e0 Balbigny de 16h 30 \u00e0 18h. Il s&rsquo;agit d&rsquo;entra\u00eenement encadr\u00e9 par la F\u00e9d\u00e9ration de sport adapt\u00e9. Il y a des enfants et des adultes. Je dois y aller chaque semaine &hellip; <a href=\"https:\/\/blog.fondation-ove.fr\/celadon\/sport\/\">Continuer la lecture <span class=\"meta-nav\">&rarr;<\/span><\/a><\/p>\n","protected":false},"author":413,"featured_media":0,"parent":0,"menu_order":0,"comment_status":"closed","ping_status":"closed","template":"","meta":{"ngg_post_thumbnail":0,"footnotes":""},"class_list":["post-222","page","type-page","status-publish","hentry"],"_links":{"self":[{"href":"https:\/\/blog.fondation-ove.fr\/celadon\/wp-json\/wp\/v2\/pages\/222","targetHints":{"allow":["GET"]}}],"collection":[{"href":"https:\/\/blog.fondation-ove.fr\/celadon\/wp-json\/wp\/v2\/pages"}],"about":[{"href":"https:\/\/blog.fondation-ove.fr\/celadon\/wp-json\/wp\/v2\/types\/page"}],"author":[{"embeddable":true,"href":"https:\/\/blog.fondation-ove.fr\/celadon\/wp-json\/wp\/v2\/users\/413"}],"replies":[{"embeddable":true,"href":"https:\/\/blog.fondation-ove.fr\/celadon\/wp-json\/wp\/v2\/comments?post=222"}],"version-history":[{"count":4,"href":"https:\/\/blog.fondation-ove.fr\/celadon\/wp-json\/wp\/v2\/pages\/222\/revisions"}],"predecessor-version":[{"id":953,"href":"https:\/\/blog.fondation-ove.fr\/celadon\/wp-json\/wp\/v2\/pages\/222\/revisions\/953"}],"wp:attachment":[{"href":"https:\/\/blog.fondation-ove.fr\/celadon\/wp-json\/wp\/v2\/media?parent=222"}],"curies":[{"name":"wp","href":"https:\/\/api.w.org\/{rel}","templated":true}]}}