{"id":1810,"date":"2020-03-13T15:16:04","date_gmt":"2020-03-13T14:16:04","guid":{"rendered":"http:\/\/blog.fondation-ove.fr\/celadon\/?page_id=1810"},"modified":"2020-03-13T15:16:04","modified_gmt":"2020-03-13T14:16:04","slug":"le-depart-de-vincent","status":"publish","type":"page","link":"https:\/\/blog.fondation-ove.fr\/celadon\/le-depart-de-vincent\/","title":{"rendered":"Le d\u00e9part de Vincent"},"content":{"rendered":"\n<p>Vincent quitte l &lsquo; IME lundi 16 mars. <\/p>\n\n\n\n<p>Nous avons f\u00eat\u00e9 son d\u00e9part parce qu&rsquo;il va aller dans un autre IME, au ch\u00e2teau d&rsquo;Aix.  <\/p>\n\n\n\n<p>Pour son d\u00e9part, Vincent et Furkan avaient pr\u00e9par\u00e9 des cookies.<\/p>\n\n\n\n<p>Nous sommes tristes qu&rsquo;il parte de l&rsquo; IME.<\/p>\n","protected":false},"excerpt":{"rendered":"<p>Vincent quitte l &lsquo; IME lundi 16 mars. Nous avons f\u00eat\u00e9 son d\u00e9part parce qu&rsquo;il va aller dans un autre IME, au ch\u00e2teau d&rsquo;Aix. Pour son d\u00e9part, Vincent et Furkan avaient pr\u00e9par\u00e9 des cookies. Nous sommes tristes qu&rsquo;il parte de &hellip; <a href=\"https:\/\/blog.fondation-ove.fr\/celadon\/le-depart-de-vincent\/\">Continuer la lecture <span class=\"meta-nav\">&rarr;<\/span><\/a><\/p>\n","protected":false},"author":413,"featured_media":0,"parent":0,"menu_order":0,"comment_status":"closed","ping_status":"closed","template":"","meta":{"ngg_post_thumbnail":0,"footnotes":""},"class_list":["post-1810","page","type-page","status-publish","hentry"],"_links":{"self":[{"href":"https:\/\/blog.fondation-ove.fr\/celadon\/wp-json\/wp\/v2\/pages\/1810","targetHints":{"allow":["GET"]}}],"collection":[{"href":"https:\/\/blog.fondation-ove.fr\/celadon\/wp-json\/wp\/v2\/pages"}],"about":[{"href":"https:\/\/blog.fondation-ove.fr\/celadon\/wp-json\/wp\/v2\/types\/page"}],"author":[{"embeddable":true,"href":"https:\/\/blog.fondation-ove.fr\/celadon\/wp-json\/wp\/v2\/users\/413"}],"replies":[{"embeddable":true,"href":"https:\/\/blog.fondation-ove.fr\/celadon\/wp-json\/wp\/v2\/comments?post=1810"}],"version-history":[{"count":2,"href":"https:\/\/blog.fondation-ove.fr\/celadon\/wp-json\/wp\/v2\/pages\/1810\/revisions"}],"predecessor-version":[{"id":1813,"href":"https:\/\/blog.fondation-ove.fr\/celadon\/wp-json\/wp\/v2\/pages\/1810\/revisions\/1813"}],"wp:attachment":[{"href":"https:\/\/blog.fondation-ove.fr\/celadon\/wp-json\/wp\/v2\/media?parent=1810"}],"curies":[{"name":"wp","href":"https:\/\/api.w.org\/{rel}","templated":true}]}}