{"id":1629,"date":"2019-12-11T12:02:59","date_gmt":"2019-12-11T11:02:59","guid":{"rendered":"http:\/\/blog.fondation-ove.fr\/celadon\/?page_id=1629"},"modified":"2019-12-11T12:02:59","modified_gmt":"2019-12-11T11:02:59","slug":"le-repas-de-thanksgiving","status":"publish","type":"page","link":"https:\/\/blog.fondation-ove.fr\/celadon\/le-repas-de-thanksgiving\/","title":{"rendered":"Le repas de thanksgiving"},"content":{"rendered":"\n<p>Jeudi 28 novembre nous avons pr\u00e9par\u00e9 un repas sp\u00e9cial.  <\/p>\n\n\n\n<p>En entr\u00e9e, nous avons  d\u00e9gust\u00e9  une tarte au potimarron.<\/p>\n\n\n\n<p>Le plat chaud \u00e9tait compos\u00e9 de  hauts de cuisse de dinde, de pains au mais et de pur\u00e9e de patates douces.<\/p>\n\n\n\n<figure class=\"wp-block-image size-large\"><img loading=\"lazy\" decoding=\"async\" width=\"1024\" height=\"768\" src=\"http:\/\/blog.fondation-ove.fr\/celadon\/wp-content\/uploads\/sites\/56\/2019\/12\/thumbnail_20191128_124748-1024x768.jpg\" alt=\"\" class=\"wp-image-1618\" srcset=\"https:\/\/blog.fondation-ove.fr\/celadon\/wp-content\/uploads\/sites\/56\/2019\/12\/thumbnail_20191128_124748-1024x768.jpg 1024w, https:\/\/blog.fondation-ove.fr\/celadon\/wp-content\/uploads\/sites\/56\/2019\/12\/thumbnail_20191128_124748-300x225.jpg 300w, https:\/\/blog.fondation-ove.fr\/celadon\/wp-content\/uploads\/sites\/56\/2019\/12\/thumbnail_20191128_124748-768x576.jpg 768w, https:\/\/blog.fondation-ove.fr\/celadon\/wp-content\/uploads\/sites\/56\/2019\/12\/thumbnail_20191128_124748-400x300.jpg 400w, https:\/\/blog.fondation-ove.fr\/celadon\/wp-content\/uploads\/sites\/56\/2019\/12\/thumbnail_20191128_124748.jpg 1280w\" sizes=\"auto, (max-width: 1024px) 100vw, 1024px\" \/><\/figure>\n\n\n\n<figure class=\"wp-block-image size-large\"><img loading=\"lazy\" decoding=\"async\" width=\"1024\" height=\"768\" src=\"http:\/\/blog.fondation-ove.fr\/celadon\/wp-content\/uploads\/sites\/56\/2019\/12\/thumbnail_20191128_124459-1024x768.jpg\" alt=\"\" class=\"wp-image-1617\" srcset=\"https:\/\/blog.fondation-ove.fr\/celadon\/wp-content\/uploads\/sites\/56\/2019\/12\/thumbnail_20191128_124459-1024x768.jpg 1024w, https:\/\/blog.fondation-ove.fr\/celadon\/wp-content\/uploads\/sites\/56\/2019\/12\/thumbnail_20191128_124459-300x225.jpg 300w, https:\/\/blog.fondation-ove.fr\/celadon\/wp-content\/uploads\/sites\/56\/2019\/12\/thumbnail_20191128_124459-768x576.jpg 768w, https:\/\/blog.fondation-ove.fr\/celadon\/wp-content\/uploads\/sites\/56\/2019\/12\/thumbnail_20191128_124459-400x300.jpg 400w, https:\/\/blog.fondation-ove.fr\/celadon\/wp-content\/uploads\/sites\/56\/2019\/12\/thumbnail_20191128_124459.jpg 1280w\" sizes=\"auto, (max-width: 1024px) 100vw, 1024px\" \/><figcaption>Corentin a servi le plat chaud pr\u00e9par\u00e9 par  Arthur et Ludivine.<\/figcaption><\/figure>\n\n\n\n<figure class=\"wp-block-gallery columns-2 is-cropped wp-block-gallery-1 is-layout-flex wp-block-gallery-is-layout-flex\"><ul class=\"blocks-gallery-grid\"><li class=\"blocks-gallery-item\"><figure><img loading=\"lazy\" decoding=\"async\" width=\"640\" height=\"481\" src=\"http:\/\/blog.fondation-ove.fr\/celadon\/wp-content\/uploads\/sites\/56\/2019\/12\/thumbnail_IMG_1611.jpg\" alt=\"\" data-id=\"1620\" data-full-url=\"http:\/\/blog.fondation-ove.fr\/celadon\/wp-content\/uploads\/sites\/56\/2019\/12\/thumbnail_IMG_1611.jpg\" data-link=\"http:\/\/blog.fondation-ove.fr\/celadon\/thumbnail_img_1611\/\" class=\"wp-image-1620\" srcset=\"https:\/\/blog.fondation-ove.fr\/celadon\/wp-content\/uploads\/sites\/56\/2019\/12\/thumbnail_IMG_1611.jpg 640w, https:\/\/blog.fondation-ove.fr\/celadon\/wp-content\/uploads\/sites\/56\/2019\/12\/thumbnail_IMG_1611-300x225.jpg 300w, https:\/\/blog.fondation-ove.fr\/celadon\/wp-content\/uploads\/sites\/56\/2019\/12\/thumbnail_IMG_1611-399x300.jpg 399w\" sizes=\"auto, (max-width: 640px) 100vw, 640px\" \/><\/figure><\/li><li class=\"blocks-gallery-item\"><figure><img loading=\"lazy\" decoding=\"async\" width=\"1024\" height=\"768\" src=\"http:\/\/blog.fondation-ove.fr\/celadon\/wp-content\/uploads\/sites\/56\/2019\/12\/thumbnail_20191128_131344-1024x768.jpg\" alt=\"\" data-id=\"1619\" data-full-url=\"http:\/\/blog.fondation-ove.fr\/celadon\/wp-content\/uploads\/sites\/56\/2019\/12\/thumbnail_20191128_131344.jpg\" data-link=\"http:\/\/blog.fondation-ove.fr\/celadon\/thumbnail_20191128_131344\/\" class=\"wp-image-1619\" srcset=\"https:\/\/blog.fondation-ove.fr\/celadon\/wp-content\/uploads\/sites\/56\/2019\/12\/thumbnail_20191128_131344-1024x768.jpg 1024w, https:\/\/blog.fondation-ove.fr\/celadon\/wp-content\/uploads\/sites\/56\/2019\/12\/thumbnail_20191128_131344-300x225.jpg 300w, https:\/\/blog.fondation-ove.fr\/celadon\/wp-content\/uploads\/sites\/56\/2019\/12\/thumbnail_20191128_131344-768x576.jpg 768w, https:\/\/blog.fondation-ove.fr\/celadon\/wp-content\/uploads\/sites\/56\/2019\/12\/thumbnail_20191128_131344-400x300.jpg 400w, https:\/\/blog.fondation-ove.fr\/celadon\/wp-content\/uploads\/sites\/56\/2019\/12\/thumbnail_20191128_131344.jpg 1280w\" sizes=\"auto, (max-width: 1024px) 100vw, 1024px\" \/><\/figure><\/li><\/ul><\/figure>\n\n\n\n<p>En dessert, Corentin a fait une compote de poire avec de la canneberge.<\/p>\n\n\n\n<p>On s&rsquo;est bien r\u00e9gal\u00e9.<\/p>\n\n\n\n<p>Corentin et Maxime <\/p>\n","protected":false},"excerpt":{"rendered":"<p>Jeudi 28 novembre nous avons pr\u00e9par\u00e9 un repas sp\u00e9cial. En entr\u00e9e, nous avons d\u00e9gust\u00e9 une tarte au potimarron. Le plat chaud \u00e9tait compos\u00e9 de hauts de cuisse de dinde, de pains au mais et de pur\u00e9e de patates douces. En &hellip; <a href=\"https:\/\/blog.fondation-ove.fr\/celadon\/le-repas-de-thanksgiving\/\">Continuer la lecture <span class=\"meta-nav\">&rarr;<\/span><\/a><\/p>\n","protected":false},"author":413,"featured_media":0,"parent":0,"menu_order":0,"comment_status":"closed","ping_status":"closed","template":"","meta":{"ngg_post_thumbnail":0,"footnotes":""},"class_list":["post-1629","page","type-page","status-publish","hentry"],"_links":{"self":[{"href":"https:\/\/blog.fondation-ove.fr\/celadon\/wp-json\/wp\/v2\/pages\/1629","targetHints":{"allow":["GET"]}}],"collection":[{"href":"https:\/\/blog.fondation-ove.fr\/celadon\/wp-json\/wp\/v2\/pages"}],"about":[{"href":"https:\/\/blog.fondation-ove.fr\/celadon\/wp-json\/wp\/v2\/types\/page"}],"author":[{"embeddable":true,"href":"https:\/\/blog.fondation-ove.fr\/celadon\/wp-json\/wp\/v2\/users\/413"}],"replies":[{"embeddable":true,"href":"https:\/\/blog.fondation-ove.fr\/celadon\/wp-json\/wp\/v2\/comments?post=1629"}],"version-history":[{"count":1,"href":"https:\/\/blog.fondation-ove.fr\/celadon\/wp-json\/wp\/v2\/pages\/1629\/revisions"}],"predecessor-version":[{"id":1631,"href":"https:\/\/blog.fondation-ove.fr\/celadon\/wp-json\/wp\/v2\/pages\/1629\/revisions\/1631"}],"wp:attachment":[{"href":"https:\/\/blog.fondation-ove.fr\/celadon\/wp-json\/wp\/v2\/media?parent=1629"}],"curies":[{"name":"wp","href":"https:\/\/api.w.org\/{rel}","templated":true}]}}