{"id":1555,"date":"2019-10-10T15:37:32","date_gmt":"2019-10-10T13:37:32","guid":{"rendered":"http:\/\/blog.fondation-ove.fr\/celadon\/?page_id=1555"},"modified":"2019-10-10T15:37:48","modified_gmt":"2019-10-10T13:37:48","slug":"les-volcans","status":"publish","type":"page","link":"https:\/\/blog.fondation-ove.fr\/celadon\/les-volcans\/","title":{"rendered":"Les volcans"},"content":{"rendered":"\n<p>Avec Lo\u00efc nous avons travaill\u00e9 sur les volcans. Il nous a montr\u00e9 un film. <\/p>\n\n\n\n<p>Puis nous avons construit un volcan avec du carton, une bouteille, du ketchup,  du vinaigre et du bicarbonate de sodium.<\/p>\n\n\n\n<ul class=\"wp-block-gallery columns-2 is-cropped wp-block-gallery-1 is-layout-flex wp-block-gallery-is-layout-flex\"><li class=\"blocks-gallery-item\"><figure><img loading=\"lazy\" decoding=\"async\" width=\"768\" height=\"1024\" src=\"http:\/\/blog.fondation-ove.fr\/celadon\/wp-content\/uploads\/sites\/56\/2019\/10\/thumbnail_IMG_20190924_142029-768x1024.jpg\" alt=\"\" data-id=\"1562\" data-link=\"http:\/\/blog.fondation-ove.fr\/celadon\/?attachment_id=1562\" class=\"wp-image-1562\" srcset=\"https:\/\/blog.fondation-ove.fr\/celadon\/wp-content\/uploads\/sites\/56\/2019\/10\/thumbnail_IMG_20190924_142029-768x1024.jpg 768w, https:\/\/blog.fondation-ove.fr\/celadon\/wp-content\/uploads\/sites\/56\/2019\/10\/thumbnail_IMG_20190924_142029-225x300.jpg 225w, https:\/\/blog.fondation-ove.fr\/celadon\/wp-content\/uploads\/sites\/56\/2019\/10\/thumbnail_IMG_20190924_142029.jpg 960w\" sizes=\"auto, (max-width: 768px) 100vw, 768px\" \/><\/figure><\/li><li class=\"blocks-gallery-item\"><figure><img loading=\"lazy\" decoding=\"async\" width=\"768\" height=\"1024\" src=\"http:\/\/blog.fondation-ove.fr\/celadon\/wp-content\/uploads\/sites\/56\/2019\/10\/thumbnail_IMG_20190924_142254-1-768x1024.jpg\" alt=\"\" data-id=\"1563\" data-link=\"http:\/\/blog.fondation-ove.fr\/celadon\/?attachment_id=1563\" class=\"wp-image-1563\" srcset=\"https:\/\/blog.fondation-ove.fr\/celadon\/wp-content\/uploads\/sites\/56\/2019\/10\/thumbnail_IMG_20190924_142254-1-768x1024.jpg 768w, https:\/\/blog.fondation-ove.fr\/celadon\/wp-content\/uploads\/sites\/56\/2019\/10\/thumbnail_IMG_20190924_142254-1-225x300.jpg 225w, https:\/\/blog.fondation-ove.fr\/celadon\/wp-content\/uploads\/sites\/56\/2019\/10\/thumbnail_IMG_20190924_142254-1.jpg 960w\" sizes=\"auto, (max-width: 768px) 100vw, 768px\" \/><\/figure><\/li><\/ul>\n\n\n\n<p>L\u2019exp\u00e9rience a bien march\u00e9.<\/p>\n\n\n\n<p>ESTEBAN  MATHIS <\/p>\n","protected":false},"excerpt":{"rendered":"<p>Avec Lo\u00efc nous avons travaill\u00e9 sur les volcans. Il nous a montr\u00e9 un film. Puis nous avons construit un volcan avec du carton, une bouteille, du ketchup, du vinaigre et du bicarbonate de sodium. L\u2019exp\u00e9rience a bien march\u00e9. ESTEBAN MATHIS<\/p>\n","protected":false},"author":413,"featured_media":0,"parent":0,"menu_order":0,"comment_status":"closed","ping_status":"closed","template":"","meta":{"ngg_post_thumbnail":0,"footnotes":""},"class_list":["post-1555","page","type-page","status-publish","hentry"],"_links":{"self":[{"href":"https:\/\/blog.fondation-ove.fr\/celadon\/wp-json\/wp\/v2\/pages\/1555","targetHints":{"allow":["GET"]}}],"collection":[{"href":"https:\/\/blog.fondation-ove.fr\/celadon\/wp-json\/wp\/v2\/pages"}],"about":[{"href":"https:\/\/blog.fondation-ove.fr\/celadon\/wp-json\/wp\/v2\/types\/page"}],"author":[{"embeddable":true,"href":"https:\/\/blog.fondation-ove.fr\/celadon\/wp-json\/wp\/v2\/users\/413"}],"replies":[{"embeddable":true,"href":"https:\/\/blog.fondation-ove.fr\/celadon\/wp-json\/wp\/v2\/comments?post=1555"}],"version-history":[{"count":2,"href":"https:\/\/blog.fondation-ove.fr\/celadon\/wp-json\/wp\/v2\/pages\/1555\/revisions"}],"predecessor-version":[{"id":1567,"href":"https:\/\/blog.fondation-ove.fr\/celadon\/wp-json\/wp\/v2\/pages\/1555\/revisions\/1567"}],"wp:attachment":[{"href":"https:\/\/blog.fondation-ove.fr\/celadon\/wp-json\/wp\/v2\/media?parent=1555"}],"curies":[{"name":"wp","href":"https:\/\/api.w.org\/{rel}","templated":true}]}}