{"id":1519,"date":"2019-09-24T09:46:29","date_gmt":"2019-09-24T07:46:29","guid":{"rendered":"http:\/\/blog.fondation-ove.fr\/celadon\/?page_id=1519"},"modified":"2020-06-25T17:44:49","modified_gmt":"2020-06-25T15:44:49","slug":"semaine-du-30-septembre-au-4-octobre","status":"publish","type":"page","link":"https:\/\/blog.fondation-ove.fr\/celadon\/semaine-du-30-septembre-au-4-octobre\/","title":{"rendered":"Semaine 17 du  21 au f\u00e9vrier 2020"},"content":{"rendered":"\n<figure class=\"wp-block-table\"><table><tbody><tr><td>\n  &nbsp;\n  <\/td><td>    Entr\u00e9e     <\/td><td>Viande <br>ou<br>poisson  <\/td><td>Accompagnement     <\/td><td>Produit laitier    <\/td><td>  Dessert    <\/td><\/tr><tr><td>Lundi<\/td><td>         potage de potimarron <\/td><td>  blanquette de b\u0153uf <\/td><td>printani\u00e8re de l\u00e9gumes <\/td><td>  yaourt nature <\/td><td>pomme <\/td><\/tr><tr><td>Mardi  <\/td><td> cr\u00eape au fromage <\/td><td>parmentier v\u00e9g\u00e9tarien <\/td><td><\/td><td>fourme d&rsquo;ambert <\/td><td>kiwi <\/td><\/tr><tr><td>Mercredi  <\/td><td>mac\u00e9doine <\/td><td>mayonnaise <\/td><td>omelette nature gratin d&rsquo;\u00e9pinards <\/td><td>yaourt aromatis\u00e9 <\/td><td>compote pomme petit biscuit <\/td><\/tr><tr><td>Jeudi <\/td><td>chou rouge vinaigrette <\/td><td>saut\u00e9 de poulet \u00e0 la moutarde <\/td><td>carottes persill\u00e9es  <\/td><td>yaourt <\/td><td>madeleine nappage chocolat <\/td><\/tr><tr><td>Vendredi      <\/td><td>salade de p\u00e2tes vinaigrette<\/td><td>filet de colin sauce proven\u00e7ale <\/td><td>blettes b\u00e9chamel <\/td><td>p&rsquo;tit cabray <\/td><td>li\u00e9geois chocolat <\/td><\/tr><\/tbody><\/table><\/figure>\n\n\n\n<p><\/p>\n","protected":false},"excerpt":{"rendered":"<p>&nbsp; Entr\u00e9e Viande oupoisson Accompagnement Produit laitier Dessert Lundi potage de potimarron blanquette de b\u0153uf printani\u00e8re de l\u00e9gumes yaourt nature pomme Mardi cr\u00eape au fromage parmentier v\u00e9g\u00e9tarien fourme d&rsquo;ambert kiwi Mercredi mac\u00e9doine mayonnaise omelette nature gratin d&rsquo;\u00e9pinards yaourt aromatis\u00e9 compote &hellip; <a href=\"https:\/\/blog.fondation-ove.fr\/celadon\/semaine-du-30-septembre-au-4-octobre\/\">Continuer la lecture <span class=\"meta-nav\">&rarr;<\/span><\/a><\/p>\n","protected":false},"author":413,"featured_media":0,"parent":0,"menu_order":0,"comment_status":"closed","ping_status":"closed","template":"","meta":{"ngg_post_thumbnail":0,"footnotes":""},"class_list":["post-1519","page","type-page","status-publish","hentry"],"_links":{"self":[{"href":"https:\/\/blog.fondation-ove.fr\/celadon\/wp-json\/wp\/v2\/pages\/1519","targetHints":{"allow":["GET"]}}],"collection":[{"href":"https:\/\/blog.fondation-ove.fr\/celadon\/wp-json\/wp\/v2\/pages"}],"about":[{"href":"https:\/\/blog.fondation-ove.fr\/celadon\/wp-json\/wp\/v2\/types\/page"}],"author":[{"embeddable":true,"href":"https:\/\/blog.fondation-ove.fr\/celadon\/wp-json\/wp\/v2\/users\/413"}],"replies":[{"embeddable":true,"href":"https:\/\/blog.fondation-ove.fr\/celadon\/wp-json\/wp\/v2\/comments?post=1519"}],"version-history":[{"count":23,"href":"https:\/\/blog.fondation-ove.fr\/celadon\/wp-json\/wp\/v2\/pages\/1519\/revisions"}],"predecessor-version":[{"id":4178,"href":"https:\/\/blog.fondation-ove.fr\/celadon\/wp-json\/wp\/v2\/pages\/1519\/revisions\/4178"}],"wp:attachment":[{"href":"https:\/\/blog.fondation-ove.fr\/celadon\/wp-json\/wp\/v2\/media?parent=1519"}],"curies":[{"name":"wp","href":"https:\/\/api.w.org\/{rel}","templated":true}]}}