{"id":1448,"date":"2019-06-20T14:46:11","date_gmt":"2019-06-20T12:46:11","guid":{"rendered":"http:\/\/blog.fondation-ove.fr\/celadon\/?page_id=1448"},"modified":"2019-06-20T14:53:01","modified_gmt":"2019-06-20T12:53:01","slug":"les-poules","status":"publish","type":"page","link":"https:\/\/blog.fondation-ove.fr\/celadon\/les-poules\/","title":{"rendered":"Les poules"},"content":{"rendered":"\n<p>Mercredi 19 juin, je me suis occup\u00e9 du poulailler tout seul.<\/p>\n\n\n\n<figure class=\"wp-block-image\"><img decoding=\"async\" src=\"http:\/\/blog.fondation-ove.fr\/celadon\/wp-content\/uploads\/sites\/56\/2019\/06\/poules-1024x576.jpg\" alt=\"\" class=\"wp-image-1452\" \/><\/figure>\n\n\n\n<p>J&rsquo;ai pr\u00e9par\u00e9 le poulailler : j&rsquo;ai pris un r\u00e2teau pour enlever la fiente des poules  et ensuite, j&rsquo;ai pris une fourche pour mettre de la paille et du foin ainsi que de l&rsquo;eau dans le nouvel abreuvoir.<\/p>\n\n\n\n<figure class=\"wp-block-image\"><img decoding=\"async\" src=\"http:\/\/blog.fondation-ove.fr\/celadon\/wp-content\/uploads\/sites\/56\/2019\/06\/poule-4-1024x576.jpg\" alt=\"\" class=\"wp-image-1453\" \/><\/figure>\n\n\n\n<p>Puis, j\u2019ai enlev\u00e9 le grillage pour faire sortir les petites poules qu&rsquo;on a achet\u00e9 \u00e0 Gamm Vert. Elles ont fait la connaissance des grosses poules, tout s&rsquo;est bien pass\u00e9.   <\/p>\n\n\n\n<p>Esteban<\/p>\n\n\n\n<p> <\/p>\n","protected":false},"excerpt":{"rendered":"<p>Mercredi 19 juin, je me suis occup\u00e9 du poulailler tout seul. J&rsquo;ai pr\u00e9par\u00e9 le poulailler : j&rsquo;ai pris un r\u00e2teau pour enlever la fiente des poules et ensuite, j&rsquo;ai pris une fourche pour mettre de la paille et du foin &hellip; <a href=\"https:\/\/blog.fondation-ove.fr\/celadon\/les-poules\/\">Continuer la lecture <span class=\"meta-nav\">&rarr;<\/span><\/a><\/p>\n","protected":false},"author":413,"featured_media":0,"parent":0,"menu_order":0,"comment_status":"closed","ping_status":"closed","template":"","meta":{"ngg_post_thumbnail":0,"footnotes":""},"class_list":["post-1448","page","type-page","status-publish","hentry"],"_links":{"self":[{"href":"https:\/\/blog.fondation-ove.fr\/celadon\/wp-json\/wp\/v2\/pages\/1448","targetHints":{"allow":["GET"]}}],"collection":[{"href":"https:\/\/blog.fondation-ove.fr\/celadon\/wp-json\/wp\/v2\/pages"}],"about":[{"href":"https:\/\/blog.fondation-ove.fr\/celadon\/wp-json\/wp\/v2\/types\/page"}],"author":[{"embeddable":true,"href":"https:\/\/blog.fondation-ove.fr\/celadon\/wp-json\/wp\/v2\/users\/413"}],"replies":[{"embeddable":true,"href":"https:\/\/blog.fondation-ove.fr\/celadon\/wp-json\/wp\/v2\/comments?post=1448"}],"version-history":[{"count":2,"href":"https:\/\/blog.fondation-ove.fr\/celadon\/wp-json\/wp\/v2\/pages\/1448\/revisions"}],"predecessor-version":[{"id":1454,"href":"https:\/\/blog.fondation-ove.fr\/celadon\/wp-json\/wp\/v2\/pages\/1448\/revisions\/1454"}],"wp:attachment":[{"href":"https:\/\/blog.fondation-ove.fr\/celadon\/wp-json\/wp\/v2\/media?parent=1448"}],"curies":[{"name":"wp","href":"https:\/\/api.w.org\/{rel}","templated":true}]}}