{"id":1431,"date":"2019-06-13T15:51:53","date_gmt":"2019-06-13T13:51:53","guid":{"rendered":"http:\/\/blog.fondation-ove.fr\/celadon\/?page_id=1431"},"modified":"2019-06-13T15:51:53","modified_gmt":"2019-06-13T13:51:53","slug":"cuisine-pedagogique","status":"publish","type":"page","link":"https:\/\/blog.fondation-ove.fr\/celadon\/cuisine-pedagogique\/","title":{"rendered":"Cuisine p\u00e9dagogique"},"content":{"rendered":"\n<p>Tous les jeudis je fais atelier cuisine p\u00e9dagogique avec Chantal. Avec moi, il y a Corentin, Maxime, Mathilde et Anne-Sophie. <\/p>\n\n\n\n<p>Aujourd\u2019hui, on a fait les courses : j&rsquo;ai d&rsquo;ailleurs cass\u00e9 des \u0153ufs en \u00e9chappant la boite dans le magasin. Quand on fait les courses, on va chercher les choses tout seul. <\/p>\n\n\n\n<p>Une fois revenu \u00e0 l&rsquo;IME, je suis occup\u00e9 de la salade : je l&rsquo;ai tri\u00e9e et nettoy\u00e9e avec Mathilde. J&rsquo;ai aussi \u00e9pluch\u00e9 et nettoy\u00e9 les oignons rouges. On a pr\u00e9par\u00e9  la salade compos\u00e9e. <\/p>\n\n\n\n<p>Corentin et Maxime ont \u00e9pluch\u00e9 et creus\u00e9 les courgettes pour  les farcir avec  des aubergines, des tomates et du parmesan. <\/p>\n\n\n\n<p>Anne-Sophie a pr\u00e9par\u00e9 le dessert :  elle a pr\u00e9par\u00e9  une cr\u00e8me  au mascarpone et fruits rouges. <\/p>\n\n\n\n<p>C&rsquo;\u00e9tait d\u00e9licieux !<\/p>\n\n\n\n<p>Valentin<\/p>\n\n\n\n<p><\/p>\n\n\n\n<p><\/p>\n\n\n\n<p>  <br><\/p>\n\n\n\n<p><\/p>\n\n\n\n<p><\/p>\n\n\n\n<p>a l ime je me suis occupe de la salade <\/p>\n\n\n\n<p><\/p>\n\n\n\n<p><\/p>\n","protected":false},"excerpt":{"rendered":"<p>Tous les jeudis je fais atelier cuisine p\u00e9dagogique avec Chantal. Avec moi, il y a Corentin, Maxime, Mathilde et Anne-Sophie. Aujourd\u2019hui, on a fait les courses : j&rsquo;ai d&rsquo;ailleurs cass\u00e9 des \u0153ufs en \u00e9chappant la boite dans le magasin. Quand &hellip; <a href=\"https:\/\/blog.fondation-ove.fr\/celadon\/cuisine-pedagogique\/\">Continuer la lecture <span class=\"meta-nav\">&rarr;<\/span><\/a><\/p>\n","protected":false},"author":413,"featured_media":0,"parent":0,"menu_order":0,"comment_status":"closed","ping_status":"closed","template":"","meta":{"ngg_post_thumbnail":0,"footnotes":""},"class_list":["post-1431","page","type-page","status-publish","hentry"],"_links":{"self":[{"href":"https:\/\/blog.fondation-ove.fr\/celadon\/wp-json\/wp\/v2\/pages\/1431","targetHints":{"allow":["GET"]}}],"collection":[{"href":"https:\/\/blog.fondation-ove.fr\/celadon\/wp-json\/wp\/v2\/pages"}],"about":[{"href":"https:\/\/blog.fondation-ove.fr\/celadon\/wp-json\/wp\/v2\/types\/page"}],"author":[{"embeddable":true,"href":"https:\/\/blog.fondation-ove.fr\/celadon\/wp-json\/wp\/v2\/users\/413"}],"replies":[{"embeddable":true,"href":"https:\/\/blog.fondation-ove.fr\/celadon\/wp-json\/wp\/v2\/comments?post=1431"}],"version-history":[{"count":1,"href":"https:\/\/blog.fondation-ove.fr\/celadon\/wp-json\/wp\/v2\/pages\/1431\/revisions"}],"predecessor-version":[{"id":1440,"href":"https:\/\/blog.fondation-ove.fr\/celadon\/wp-json\/wp\/v2\/pages\/1431\/revisions\/1440"}],"wp:attachment":[{"href":"https:\/\/blog.fondation-ove.fr\/celadon\/wp-json\/wp\/v2\/media?parent=1431"}],"curies":[{"name":"wp","href":"https:\/\/api.w.org\/{rel}","templated":true}]}}