{"id":1430,"date":"2019-06-13T15:10:40","date_gmt":"2019-06-13T13:10:40","guid":{"rendered":"http:\/\/blog.fondation-ove.fr\/celadon\/?page_id=1430"},"modified":"2019-06-13T15:10:40","modified_gmt":"2019-06-13T13:10:40","slug":"mercredi-12-juin-equitation-a-jas","status":"publish","type":"page","link":"https:\/\/blog.fondation-ove.fr\/celadon\/mercredi-12-juin-equitation-a-jas\/","title":{"rendered":"Mercredi 12 juin \u00e9quitation \u00e0 Jas"},"content":{"rendered":"\n<p>J&rsquo;ai fait de l&rsquo;\u00e9quitation \u00e0 Jas sport. <\/p>\n\n\n\n<p>La monitrice m&rsquo;a dit que je devais prendre Inconnue. Je l&rsquo;ai pr\u00e9par\u00e9. J&rsquo;ai mis la selle et le mors.<\/p>\n\n\n\n<p>Ensuite, je suis all\u00e9 dans la carri\u00e8re pour monter sur Inconnue. Elle m&rsquo;a pr\u00e9sent\u00e9 les filles de l&rsquo;\u00e9quitation. Elle m&rsquo;a dit de trotter et mais quand je me suis mit debout, mon cheval est all\u00e9 trop vite alors elle m&rsquo;a dit de changer de cheval.<\/p>\n\n\n\n<p>J&rsquo;ai donc pris Ravi  et \u00e0 la fin, j&rsquo;ai l\u00e2ch\u00e9 les mains des r\u00eanes.<\/p>\n\n\n\n<p>Esteban<\/p>\n","protected":false},"excerpt":{"rendered":"<p>J&rsquo;ai fait de l&rsquo;\u00e9quitation \u00e0 Jas sport. La monitrice m&rsquo;a dit que je devais prendre Inconnue. Je l&rsquo;ai pr\u00e9par\u00e9. J&rsquo;ai mis la selle et le mors. Ensuite, je suis all\u00e9 dans la carri\u00e8re pour monter sur Inconnue. Elle m&rsquo;a pr\u00e9sent\u00e9 &hellip; <a href=\"https:\/\/blog.fondation-ove.fr\/celadon\/mercredi-12-juin-equitation-a-jas\/\">Continuer la lecture <span class=\"meta-nav\">&rarr;<\/span><\/a><\/p>\n","protected":false},"author":413,"featured_media":0,"parent":0,"menu_order":0,"comment_status":"closed","ping_status":"closed","template":"","meta":{"ngg_post_thumbnail":0,"footnotes":""},"class_list":["post-1430","page","type-page","status-publish","hentry"],"_links":{"self":[{"href":"https:\/\/blog.fondation-ove.fr\/celadon\/wp-json\/wp\/v2\/pages\/1430","targetHints":{"allow":["GET"]}}],"collection":[{"href":"https:\/\/blog.fondation-ove.fr\/celadon\/wp-json\/wp\/v2\/pages"}],"about":[{"href":"https:\/\/blog.fondation-ove.fr\/celadon\/wp-json\/wp\/v2\/types\/page"}],"author":[{"embeddable":true,"href":"https:\/\/blog.fondation-ove.fr\/celadon\/wp-json\/wp\/v2\/users\/413"}],"replies":[{"embeddable":true,"href":"https:\/\/blog.fondation-ove.fr\/celadon\/wp-json\/wp\/v2\/comments?post=1430"}],"version-history":[{"count":1,"href":"https:\/\/blog.fondation-ove.fr\/celadon\/wp-json\/wp\/v2\/pages\/1430\/revisions"}],"predecessor-version":[{"id":1436,"href":"https:\/\/blog.fondation-ove.fr\/celadon\/wp-json\/wp\/v2\/pages\/1430\/revisions\/1436"}],"wp:attachment":[{"href":"https:\/\/blog.fondation-ove.fr\/celadon\/wp-json\/wp\/v2\/media?parent=1430"}],"curies":[{"name":"wp","href":"https:\/\/api.w.org\/{rel}","templated":true}]}}