{"id":1424,"date":"2019-06-06T15:34:00","date_gmt":"2019-06-06T13:34:00","guid":{"rendered":"http:\/\/blog.fondation-ove.fr\/celadon\/?page_id=1424"},"modified":"2019-06-06T15:34:00","modified_gmt":"2019-06-06T13:34:00","slug":"tournoi-de-foot-a-st-cyr-de-favieres","status":"publish","type":"page","link":"https:\/\/blog.fondation-ove.fr\/celadon\/tournoi-de-foot-a-st-cyr-de-favieres\/","title":{"rendered":"Tournoi de foot \u00e0 St Cyr de Favi\u00e8res"},"content":{"rendered":"\n<p>Mercredi 5 juin, nous sommes all\u00e9s \u00e0 saint Cyr de Favi\u00e8res avec K\u00e9vin, Maxime, Arthur, Est\u00e9ban et Clara pour faire du foot. <\/p>\n\n\n\n<p>On \u00e9tait dans diff\u00e9rentes \u00e9quipes : Maxime gardien de but des jaunes, Clara attaquante des sans maillot, Esteban d\u00e9fenseur des bleus et Arthur attaquant des rouges. <\/p>\n\n\n\n<p>On a jou\u00e9 des matchs  de 10 minutes jusqu&rsquo;\u00e0 midi et on a mang\u00e9. Puis on a recommenc\u00e9 les matchs retours vers 13h30.<\/p>\n\n\n\n<p>A la fin des matchs, les r\u00e9sultats ont \u00e9t\u00e9 annonc\u00e9s et on a eu un go\u00fbter et des m\u00e9daille. <\/p>\n\n\n\n<p>Clara,Maxime et Est\u00e9ban  <\/p>\n","protected":false},"excerpt":{"rendered":"<p>Mercredi 5 juin, nous sommes all\u00e9s \u00e0 saint Cyr de Favi\u00e8res avec K\u00e9vin, Maxime, Arthur, Est\u00e9ban et Clara pour faire du foot. On \u00e9tait dans diff\u00e9rentes \u00e9quipes : Maxime gardien de but des jaunes, Clara attaquante des sans maillot, Esteban &hellip; <a href=\"https:\/\/blog.fondation-ove.fr\/celadon\/tournoi-de-foot-a-st-cyr-de-favieres\/\">Continuer la lecture <span class=\"meta-nav\">&rarr;<\/span><\/a><\/p>\n","protected":false},"author":413,"featured_media":0,"parent":0,"menu_order":0,"comment_status":"closed","ping_status":"closed","template":"","meta":{"ngg_post_thumbnail":0,"footnotes":""},"class_list":["post-1424","page","type-page","status-publish","hentry"],"_links":{"self":[{"href":"https:\/\/blog.fondation-ove.fr\/celadon\/wp-json\/wp\/v2\/pages\/1424","targetHints":{"allow":["GET"]}}],"collection":[{"href":"https:\/\/blog.fondation-ove.fr\/celadon\/wp-json\/wp\/v2\/pages"}],"about":[{"href":"https:\/\/blog.fondation-ove.fr\/celadon\/wp-json\/wp\/v2\/types\/page"}],"author":[{"embeddable":true,"href":"https:\/\/blog.fondation-ove.fr\/celadon\/wp-json\/wp\/v2\/users\/413"}],"replies":[{"embeddable":true,"href":"https:\/\/blog.fondation-ove.fr\/celadon\/wp-json\/wp\/v2\/comments?post=1424"}],"version-history":[{"count":1,"href":"https:\/\/blog.fondation-ove.fr\/celadon\/wp-json\/wp\/v2\/pages\/1424\/revisions"}],"predecessor-version":[{"id":1428,"href":"https:\/\/blog.fondation-ove.fr\/celadon\/wp-json\/wp\/v2\/pages\/1424\/revisions\/1428"}],"wp:attachment":[{"href":"https:\/\/blog.fondation-ove.fr\/celadon\/wp-json\/wp\/v2\/media?parent=1424"}],"curies":[{"name":"wp","href":"https:\/\/api.w.org\/{rel}","templated":true}]}}