{"id":1422,"date":"2019-06-06T15:25:58","date_gmt":"2019-06-06T13:25:58","guid":{"rendered":"http:\/\/blog.fondation-ove.fr\/celadon\/?page_id=1422"},"modified":"2019-06-06T15:25:58","modified_gmt":"2019-06-06T13:25:58","slug":"lesat-a-montbrison","status":"publish","type":"page","link":"https:\/\/blog.fondation-ove.fr\/celadon\/lesat-a-montbrison\/","title":{"rendered":"L&rsquo;ESAT A MONTBRISON"},"content":{"rendered":"\n<p>Mardi 28 mai on est partis \u00e0 l&rsquo;ESAT \u00e0 Montbrison avec C\u00e9line et Marilyne ainsi que Maxime, Mathilde, Ludivine, Clara, Valentin, Corentin, Anne-Sophie et Romain du SESSAD.   <\/p>\n\n\n\n<p>On a visit\u00e9 les ateliers : ils font du conditionnement et ils ont aussi un atelier espaces verts.<\/p>\n\n\n\n<p>Ils ont aussi des groupes qui font du d\u00e9tachement dans les entreprises ordinaires pour des missions courtes.<\/p>\n\n\n\n<p> Les avis \u00e9taient partag\u00e9s quant \u00e0 cette visite.<\/p>\n\n\n\n<p>Valentin et Corentin<\/p>\n\n\n\n<p>  <\/p>\n\n\n\n<p><br><\/p>\n\n\n\n<p><br><\/p>\n","protected":false},"excerpt":{"rendered":"<p>Mardi 28 mai on est partis \u00e0 l&rsquo;ESAT \u00e0 Montbrison avec C\u00e9line et Marilyne ainsi que Maxime, Mathilde, Ludivine, Clara, Valentin, Corentin, Anne-Sophie et Romain du SESSAD. On a visit\u00e9 les ateliers : ils font du conditionnement et ils ont &hellip; <a href=\"https:\/\/blog.fondation-ove.fr\/celadon\/lesat-a-montbrison\/\">Continuer la lecture <span class=\"meta-nav\">&rarr;<\/span><\/a><\/p>\n","protected":false},"author":413,"featured_media":0,"parent":0,"menu_order":0,"comment_status":"closed","ping_status":"closed","template":"","meta":{"ngg_post_thumbnail":0,"footnotes":""},"class_list":["post-1422","page","type-page","status-publish","hentry"],"_links":{"self":[{"href":"https:\/\/blog.fondation-ove.fr\/celadon\/wp-json\/wp\/v2\/pages\/1422","targetHints":{"allow":["GET"]}}],"collection":[{"href":"https:\/\/blog.fondation-ove.fr\/celadon\/wp-json\/wp\/v2\/pages"}],"about":[{"href":"https:\/\/blog.fondation-ove.fr\/celadon\/wp-json\/wp\/v2\/types\/page"}],"author":[{"embeddable":true,"href":"https:\/\/blog.fondation-ove.fr\/celadon\/wp-json\/wp\/v2\/users\/413"}],"replies":[{"embeddable":true,"href":"https:\/\/blog.fondation-ove.fr\/celadon\/wp-json\/wp\/v2\/comments?post=1422"}],"version-history":[{"count":1,"href":"https:\/\/blog.fondation-ove.fr\/celadon\/wp-json\/wp\/v2\/pages\/1422\/revisions"}],"predecessor-version":[{"id":1426,"href":"https:\/\/blog.fondation-ove.fr\/celadon\/wp-json\/wp\/v2\/pages\/1422\/revisions\/1426"}],"wp:attachment":[{"href":"https:\/\/blog.fondation-ove.fr\/celadon\/wp-json\/wp\/v2\/media?parent=1422"}],"curies":[{"name":"wp","href":"https:\/\/api.w.org\/{rel}","templated":true}]}}